{"id":58487,"date":"2025-11-15T19:30:16","date_gmt":"2025-11-15T22:30:16","guid":{"rendered":"https:\/\/rms-enlinea.com.ar\/tienda\/producto\/auricular-gamer-raptor-inferno-pro-rgb-7-1-usb-negro\/"},"modified":"2026-04-02T23:59:23","modified_gmt":"2026-04-03T02:59:23","slug":"auricular-gamer-raptor-inferno-pro-rgb-7-1-usb-negro","status":"publish","type":"product","link":"https:\/\/rms-enlinea.com.ar\/tienda\/producto\/auricular-gamer-raptor-inferno-pro-rgb-7-1-usb-negro\/","title":{"rendered":"Auricular Gamer Raptor Inferno Pro Rgb 7.1 Usb Negro"},"content":{"rendered":"<p>Modelo RAP-AURI-RGB-USB-7.1<br \/>\nModo de conexi\u00f3n USB<br \/>\nEstilo Venda<br \/>\nLongitud de cable 2M\u00b10,05M<br \/>\nMaterial ABS + Aleaci\u00f3n de aluminio<br \/>\nDi\u00e1metro de altavoz 50mm<br \/>\nImpedancia del altavoz 32\u00b115%<br \/>\nRango de altavoces 20-20KHZ<br \/>\nTama\u00f1o del micr\u00f3fono 4,0*1,3mm<br \/>\nSensibilidad del micr\u00f3fono 40\u00b13dB<br \/>\nImpedancia del micr\u00f3fono 2,2K<br \/>\nControlador USB Volumen\/Silenciar<br \/>\nRespuesta de frecuencia del micr\u00f3fono 100Hz-10kHz<br \/>\nLuz RGB<br \/>\nSonido envolvente 7,1<br \/>\nDimensiones 200*160*100mm<br \/>\nPeso 325g<\/p>\n","protected":false},"excerpt":{"rendered":"<p>Modelo RAP-AURI-RGB-USB-7.1 Modo de conexi\u00f3n USB Estilo Venda Longitud de cable 2M\u00b10,05M Material ABS + Aleaci\u00f3n de aluminio Di\u00e1metro de altavoz 50mm Impedancia del altavoz 32\u00b115% Rango de altavoces 20-20KHZ Tama\u00f1o del micr\u00f3fono 4,0*1,3mm Sensibilidad del micr\u00f3fono 40\u00b13dB Impedancia del micr\u00f3fono 2,2K Controlador USB Volumen\/Silenciar Respuesta de frecuencia del micr\u00f3fono 100Hz-10kHz Luz RGB Sonido envolvente [&hellip;]<\/p>\n","protected":false},"featured_media":58488,"comment_status":"open","ping_status":"closed","template":"","meta":{"_uag_custom_page_level_css":""},"product_brand":[572],"product_cat":[99],"product_tag":[],"class_list":{"0":"post-58487","1":"product","2":"type-product","3":"status-publish","4":"has-post-thumbnail","6":"product_brand-raptor-gaming","7":"product_cat-auriculares-computacion","9":"first","10":"instock","11":"sale","12":"taxable","13":"shipping-taxable","14":"purchasable","15":"product-type-simple"},"uagb_featured_image_src":{"full":["https:\/\/rms-enlinea.com.ar\/wp-content\/uploads\/2025\/11\/D_804700-MLA98485504931_112025-F.jpg",1200,1119,false],"thumbnail":["https:\/\/rms-enlinea.com.ar\/wp-content\/uploads\/2025\/11\/D_804700-MLA98485504931_112025-F-150x150.jpg",150,150,true],"medium":["https:\/\/rms-enlinea.com.ar\/wp-content\/uploads\/2025\/11\/D_804700-MLA98485504931_112025-F-300x280.jpg",300,280,true],"medium_large":["https:\/\/rms-enlinea.com.ar\/wp-content\/uploads\/2025\/11\/D_804700-MLA98485504931_112025-F-768x716.jpg",768,716,true],"large":["https:\/\/rms-enlinea.com.ar\/wp-content\/uploads\/2025\/11\/D_804700-MLA98485504931_112025-F-1024x955.jpg",1024,955,true],"1536x1536":["https:\/\/rms-enlinea.com.ar\/wp-content\/uploads\/2025\/11\/D_804700-MLA98485504931_112025-F.jpg",1200,1119,false],"2048x2048":["https:\/\/rms-enlinea.com.ar\/wp-content\/uploads\/2025\/11\/D_804700-MLA98485504931_112025-F.jpg",1200,1119,false],"woocommerce_thumbnail":["https:\/\/rms-enlinea.com.ar\/wp-content\/uploads\/2025\/11\/D_804700-MLA98485504931_112025-F-450x450.jpg",450,450,true],"woocommerce_single":["https:\/\/rms-enlinea.com.ar\/wp-content\/uploads\/2025\/11\/D_804700-MLA98485504931_112025-F-600x560.jpg",600,560,true],"woocommerce_gallery_thumbnail":["https:\/\/rms-enlinea.com.ar\/wp-content\/uploads\/2025\/11\/D_804700-MLA98485504931_112025-F-100x100.jpg",100,100,true]},"uagb_author_info":{"display_name":"nelson","author_link":"https:\/\/rms-enlinea.com.ar\/tienda\/author\/"},"uagb_comment_info":0,"uagb_excerpt":"Modelo RAP-AURI-RGB-USB-7.1 Modo de conexi\u00f3n USB Estilo Venda Longitud de cable 2M\u00b10,05M Material ABS + Aleaci\u00f3n de aluminio Di\u00e1metro de altavoz 50mm Impedancia del altavoz 32\u00b115% Rango de altavoces 20-20KHZ Tama\u00f1o del micr\u00f3fono 4,0*1,3mm Sensibilidad del micr\u00f3fono 40\u00b13dB Impedancia del micr\u00f3fono 2,2K Controlador USB Volumen\/Silenciar Respuesta de frecuencia del micr\u00f3fono 100Hz-10kHz Luz RGB Sonido envolvente&hellip;","_links":{"self":[{"href":"https:\/\/rms-enlinea.com.ar\/tienda\/wp-json\/wp\/v2\/product\/58487","targetHints":{"allow":["GET"]}}],"collection":[{"href":"https:\/\/rms-enlinea.com.ar\/tienda\/wp-json\/wp\/v2\/product"}],"about":[{"href":"https:\/\/rms-enlinea.com.ar\/tienda\/wp-json\/wp\/v2\/types\/product"}],"replies":[{"embeddable":true,"href":"https:\/\/rms-enlinea.com.ar\/tienda\/wp-json\/wp\/v2\/comments?post=58487"}],"wp:featuredmedia":[{"embeddable":true,"href":"https:\/\/rms-enlinea.com.ar\/tienda\/wp-json\/wp\/v2\/media\/58488"}],"wp:attachment":[{"href":"https:\/\/rms-enlinea.com.ar\/tienda\/wp-json\/wp\/v2\/media?parent=58487"}],"wp:term":[{"taxonomy":"product_brand","embeddable":true,"href":"https:\/\/rms-enlinea.com.ar\/tienda\/wp-json\/wp\/v2\/product_brand?post=58487"},{"taxonomy":"product_cat","embeddable":true,"href":"https:\/\/rms-enlinea.com.ar\/tienda\/wp-json\/wp\/v2\/product_cat?post=58487"},{"taxonomy":"product_tag","embeddable":true,"href":"https:\/\/rms-enlinea.com.ar\/tienda\/wp-json\/wp\/v2\/product_tag?post=58487"}],"curies":[{"name":"wp","href":"https:\/\/api.w.org\/{rel}","templated":true}]}}