{"id":58498,"date":"2025-11-15T23:40:14","date_gmt":"2025-11-16T02:40:14","guid":{"rendered":"https:\/\/rms-enlinea.com.ar\/tienda\/producto\/auricular-con-microfono-logitech-h390-usb-c-clearchat\/"},"modified":"2026-04-10T11:30:59","modified_gmt":"2026-04-10T14:30:59","slug":"auricular-con-microfono-logitech-h390-usb-c-clearchat","status":"publish","type":"product","link":"https:\/\/rms-enlinea.com.ar\/tienda\/producto\/auricular-con-microfono-logitech-h390-usb-c-clearchat\/","title":{"rendered":"Auricular Con Microfono Logitech H390 Usb-c Clearchat"},"content":{"rendered":"<p>Dimensiones<br \/>\nAuriculares<br \/>\nAltura: 171 mm<br \/>\nAnchura: 151 mm<br \/>\nProfundidad: 68 mm<br \/>\nPeso: 197 g<br \/>\nEspecificaciones t\u00e9cnicas<br \/>\nMicr\u00f3fono<\/p>\n<p>Escritura: Bidireccional<br \/>\nRespuesta de frecuencia del micr\u00f3fono: 100~10 kHz<br \/>\nSensibilidad: -17 dBV\/Pa \u00b14 dB<br \/>\nConectividad<\/p>\n<p>Longitud del cable: 1,9 m<br \/>\nMateriales<br \/>\nMateriales del producto: Pl\u00e1stico, silicona, metal<\/p>\n","protected":false},"excerpt":{"rendered":"<p>Dimensiones Auriculares Altura: 171 mm Anchura: 151 mm Profundidad: 68 mm Peso: 197 g Especificaciones t\u00e9cnicas Micr\u00f3fono Escritura: Bidireccional Respuesta de frecuencia del micr\u00f3fono: 100~10 kHz Sensibilidad: -17 dBV\/Pa \u00b14 dB Conectividad Longitud del cable: 1,9 m Materiales Materiales del producto: Pl\u00e1stico, silicona, metal<\/p>\n","protected":false},"featured_media":58499,"comment_status":"open","ping_status":"closed","template":"","meta":{"_uag_custom_page_level_css":""},"product_brand":[549],"product_cat":[99],"product_tag":[],"class_list":{"0":"post-58498","1":"product","2":"type-product","3":"status-publish","4":"has-post-thumbnail","6":"product_brand-logitech","7":"product_cat-auriculares-computacion","9":"first","10":"instock","11":"sale","12":"taxable","13":"shipping-taxable","14":"purchasable","15":"product-type-simple"},"uagb_featured_image_src":{"full":["https:\/\/rms-enlinea.com.ar\/wp-content\/uploads\/2025\/11\/D_887743-MLA98023451198_112025-F.jpg",1125,1200,false],"thumbnail":["https:\/\/rms-enlinea.com.ar\/wp-content\/uploads\/2025\/11\/D_887743-MLA98023451198_112025-F-150x150.jpg",150,150,true],"medium":["https:\/\/rms-enlinea.com.ar\/wp-content\/uploads\/2025\/11\/D_887743-MLA98023451198_112025-F-281x300.jpg",281,300,true],"medium_large":["https:\/\/rms-enlinea.com.ar\/wp-content\/uploads\/2025\/11\/D_887743-MLA98023451198_112025-F-768x819.jpg",768,819,true],"large":["https:\/\/rms-enlinea.com.ar\/wp-content\/uploads\/2025\/11\/D_887743-MLA98023451198_112025-F-960x1024.jpg",960,1024,true],"1536x1536":["https:\/\/rms-enlinea.com.ar\/wp-content\/uploads\/2025\/11\/D_887743-MLA98023451198_112025-F.jpg",1125,1200,false],"2048x2048":["https:\/\/rms-enlinea.com.ar\/wp-content\/uploads\/2025\/11\/D_887743-MLA98023451198_112025-F.jpg",1125,1200,false],"woocommerce_thumbnail":["https:\/\/rms-enlinea.com.ar\/wp-content\/uploads\/2025\/11\/D_887743-MLA98023451198_112025-F-450x450.jpg",450,450,true],"woocommerce_single":["https:\/\/rms-enlinea.com.ar\/wp-content\/uploads\/2025\/11\/D_887743-MLA98023451198_112025-F-600x640.jpg",600,640,true],"woocommerce_gallery_thumbnail":["https:\/\/rms-enlinea.com.ar\/wp-content\/uploads\/2025\/11\/D_887743-MLA98023451198_112025-F-100x100.jpg",100,100,true]},"uagb_author_info":{"display_name":"nelson","author_link":"https:\/\/rms-enlinea.com.ar\/tienda\/author\/"},"uagb_comment_info":0,"uagb_excerpt":"Dimensiones Auriculares Altura: 171 mm Anchura: 151 mm Profundidad: 68 mm Peso: 197 g Especificaciones t\u00e9cnicas Micr\u00f3fono Escritura: Bidireccional Respuesta de frecuencia del micr\u00f3fono: 100~10 kHz Sensibilidad: -17 dBV\/Pa \u00b14 dB Conectividad Longitud del cable: 1,9 m Materiales Materiales del producto: Pl\u00e1stico, silicona, metal","_links":{"self":[{"href":"https:\/\/rms-enlinea.com.ar\/tienda\/wp-json\/wp\/v2\/product\/58498","targetHints":{"allow":["GET"]}}],"collection":[{"href":"https:\/\/rms-enlinea.com.ar\/tienda\/wp-json\/wp\/v2\/product"}],"about":[{"href":"https:\/\/rms-enlinea.com.ar\/tienda\/wp-json\/wp\/v2\/types\/product"}],"replies":[{"embeddable":true,"href":"https:\/\/rms-enlinea.com.ar\/tienda\/wp-json\/wp\/v2\/comments?post=58498"}],"wp:featuredmedia":[{"embeddable":true,"href":"https:\/\/rms-enlinea.com.ar\/tienda\/wp-json\/wp\/v2\/media\/58499"}],"wp:attachment":[{"href":"https:\/\/rms-enlinea.com.ar\/tienda\/wp-json\/wp\/v2\/media?parent=58498"}],"wp:term":[{"taxonomy":"product_brand","embeddable":true,"href":"https:\/\/rms-enlinea.com.ar\/tienda\/wp-json\/wp\/v2\/product_brand?post=58498"},{"taxonomy":"product_cat","embeddable":true,"href":"https:\/\/rms-enlinea.com.ar\/tienda\/wp-json\/wp\/v2\/product_cat?post=58498"},{"taxonomy":"product_tag","embeddable":true,"href":"https:\/\/rms-enlinea.com.ar\/tienda\/wp-json\/wp\/v2\/product_tag?post=58498"}],"curies":[{"name":"wp","href":"https:\/\/api.w.org\/{rel}","templated":true}]}}