{"id":58515,"date":"2025-11-16T00:20:18","date_gmt":"2025-11-16T03:20:18","guid":{"rendered":"https:\/\/rms-enlinea.com.ar\/tienda\/producto\/teclado-gamer-razer-ornata-v3-x-low-profile-spa-membrana\/"},"modified":"2026-04-06T13:15:29","modified_gmt":"2026-04-06T16:15:29","slug":"teclado-gamer-razer-ornata-v3-x-low-profile-spa-membrana","status":"publish","type":"product","link":"https:\/\/rms-enlinea.com.ar\/tienda\/producto\/teclado-gamer-razer-ornata-v3-x-low-profile-spa-membrana\/","title":{"rendered":"Teclado Gamer Razer Ornata V3 X Low Profile Spa Membrana"},"content":{"rendered":"<p>Marca<br \/>\nRazer<br \/>\nTipo de conector USB<br \/>\nColor de la retroiluminaci\u00f3n&#x2122; RGB 10 zonas de iluminaci\u00f3n Razer Chroma&#x2122; RGB<br \/>\nIdioma Espa\u00f1ol<br \/>\nModelo<br \/>\nOrnata V3<br \/>\nAPOYO PARA LA MU\u00d1ECA Si<br \/>\nArquitectura Semi-Mec\u00e1nico<br \/>\nLayout: QWERTY QWERTY<br \/>\nTIPO DE SWITCH Membrana mec\u00e1nica de Razer<\/p>\n","protected":false},"excerpt":{"rendered":"<p>Marca Razer Tipo de conector USB Color de la retroiluminaci\u00f3n&#x2122; RGB 10 zonas de iluminaci\u00f3n Razer Chroma&#x2122; RGB Idioma Espa\u00f1ol Modelo Ornata V3 APOYO PARA LA MU\u00d1ECA Si Arquitectura Semi-Mec\u00e1nico Layout: QWERTY QWERTY TIPO DE SWITCH Membrana mec\u00e1nica de Razer<\/p>\n","protected":false},"featured_media":47864,"comment_status":"open","ping_status":"closed","template":"","meta":{"_uag_custom_page_level_css":""},"product_brand":[559],"product_cat":[15,125],"product_tag":[],"class_list":{"0":"post-58515","1":"product","2":"type-product","3":"status-publish","4":"has-post-thumbnail","6":"product_brand-razer","7":"product_cat-sin-categorizar","8":"product_cat-teclados-y-mouses","10":"first","11":"outofstock","12":"sale","13":"taxable","14":"shipping-taxable","15":"purchasable","16":"product-type-simple"},"uagb_featured_image_src":{"full":["https:\/\/rms-enlinea.com.ar\/wp-content\/uploads\/2025\/06\/D_660142-MLU71501777224_092023-F.jpg",1200,677,false],"thumbnail":["https:\/\/rms-enlinea.com.ar\/wp-content\/uploads\/2025\/06\/D_660142-MLU71501777224_092023-F-150x150.jpg",150,150,true],"medium":["https:\/\/rms-enlinea.com.ar\/wp-content\/uploads\/2025\/06\/D_660142-MLU71501777224_092023-F-300x169.jpg",300,169,true],"medium_large":["https:\/\/rms-enlinea.com.ar\/wp-content\/uploads\/2025\/06\/D_660142-MLU71501777224_092023-F-768x433.jpg",768,433,true],"large":["https:\/\/rms-enlinea.com.ar\/wp-content\/uploads\/2025\/06\/D_660142-MLU71501777224_092023-F-1024x578.jpg",1024,578,true],"1536x1536":["https:\/\/rms-enlinea.com.ar\/wp-content\/uploads\/2025\/06\/D_660142-MLU71501777224_092023-F.jpg",1200,677,false],"2048x2048":["https:\/\/rms-enlinea.com.ar\/wp-content\/uploads\/2025\/06\/D_660142-MLU71501777224_092023-F.jpg",1200,677,false],"woocommerce_thumbnail":["https:\/\/rms-enlinea.com.ar\/wp-content\/uploads\/2025\/06\/D_660142-MLU71501777224_092023-F-450x450.jpg",450,450,true],"woocommerce_single":["https:\/\/rms-enlinea.com.ar\/wp-content\/uploads\/2025\/06\/D_660142-MLU71501777224_092023-F-600x339.jpg",600,339,true],"woocommerce_gallery_thumbnail":["https:\/\/rms-enlinea.com.ar\/wp-content\/uploads\/2025\/06\/D_660142-MLU71501777224_092023-F-100x100.jpg",100,100,true]},"uagb_author_info":{"display_name":"nelson","author_link":"https:\/\/rms-enlinea.com.ar\/tienda\/author\/"},"uagb_comment_info":0,"uagb_excerpt":"Marca Razer Tipo de conector USB Color de la retroiluminaci\u00f3n&#x2122; RGB 10 zonas de iluminaci\u00f3n Razer Chroma&#x2122; RGB Idioma Espa\u00f1ol Modelo Ornata V3 APOYO PARA LA MU\u00d1ECA Si Arquitectura Semi-Mec\u00e1nico Layout: QWERTY QWERTY TIPO DE SWITCH Membrana mec\u00e1nica de Razer","_links":{"self":[{"href":"https:\/\/rms-enlinea.com.ar\/tienda\/wp-json\/wp\/v2\/product\/58515","targetHints":{"allow":["GET"]}}],"collection":[{"href":"https:\/\/rms-enlinea.com.ar\/tienda\/wp-json\/wp\/v2\/product"}],"about":[{"href":"https:\/\/rms-enlinea.com.ar\/tienda\/wp-json\/wp\/v2\/types\/product"}],"replies":[{"embeddable":true,"href":"https:\/\/rms-enlinea.com.ar\/tienda\/wp-json\/wp\/v2\/comments?post=58515"}],"wp:featuredmedia":[{"embeddable":true,"href":"https:\/\/rms-enlinea.com.ar\/tienda\/wp-json\/wp\/v2\/media\/47864"}],"wp:attachment":[{"href":"https:\/\/rms-enlinea.com.ar\/tienda\/wp-json\/wp\/v2\/media?parent=58515"}],"wp:term":[{"taxonomy":"product_brand","embeddable":true,"href":"https:\/\/rms-enlinea.com.ar\/tienda\/wp-json\/wp\/v2\/product_brand?post=58515"},{"taxonomy":"product_cat","embeddable":true,"href":"https:\/\/rms-enlinea.com.ar\/tienda\/wp-json\/wp\/v2\/product_cat?post=58515"},{"taxonomy":"product_tag","embeddable":true,"href":"https:\/\/rms-enlinea.com.ar\/tienda\/wp-json\/wp\/v2\/product_tag?post=58515"}],"curies":[{"name":"wp","href":"https:\/\/api.w.org\/{rel}","templated":true}]}}