{"id":58516,"date":"2025-11-16T00:20:25","date_gmt":"2025-11-16T03:20:25","guid":{"rendered":"https:\/\/rms-enlinea.com.ar\/tienda\/producto\/mouse-gamer-logitech-g403-hero-910-005631-25600dpi-usb\/"},"modified":"2026-04-21T03:34:38","modified_gmt":"2026-04-21T06:34:38","slug":"mouse-gamer-logitech-g403-hero-910-005631-25600dpi-usb","status":"publish","type":"product","link":"https:\/\/rms-enlinea.com.ar\/tienda\/producto\/mouse-gamer-logitech-g403-hero-910-005631-25600dpi-usb\/","title":{"rendered":"Mouse Gamer Logitech G403 Hero 910-005631 25600dpi Usb"},"content":{"rendered":"<p>Dimensiones<br \/>\nAltura: 124 mm<br \/>\nAncho: 68 mm<br \/>\nProfundidad: 43 mm<br \/>\nPeso: 87,3 g<br \/>\nPesa opcional adicional: 10 g<br \/>\nLongitud del cable: 2,1 m<br \/>\nEspecificaciones t\u00e9cnicas<br \/>\nOtras funciones<br \/>\nIluminaci\u00f3n RGB LIGHTSYNC: Requiere el software Logitech G HUB<br \/>\nRecubrimiento lateral de goma de doble inyecci\u00f3n<br \/>\n6 botones programables<br \/>\nSistema mec\u00e1nico de tensi\u00f3n de botones<br \/>\nSEGUIMIENTO<br \/>\nSensor: HERO 25K<br \/>\nResoluci\u00f3n: 100 \u2013 25.600 dpi<br \/>\nAceleraci\u00f3n m\u00e1x.: probado a m\u00e1s de 40 g 1Pruebas realizadas en Logitech G240 Gaming Mouse Pad<br \/>\nVelocidad m\u00e1x.: probado a m\u00e1s de 400 IPS 2Pruebas realizadas en Logitech G240 Gaming Mouse Pad<br \/>\nRESPUESTA<br \/>\nFormato de datos USB: 16 bits\/eje<br \/>\nVelocidad de respuesta USB: 1000 Hz (1 ms)<br \/>\nMicroprocesador: ARM de 32 bits<\/p>\n","protected":false},"excerpt":{"rendered":"<p>Dimensiones Altura: 124 mm Ancho: 68 mm Profundidad: 43 mm Peso: 87,3 g Pesa opcional adicional: 10 g Longitud del cable: 2,1 m Especificaciones t\u00e9cnicas Otras funciones Iluminaci\u00f3n RGB LIGHTSYNC: Requiere el software Logitech G HUB Recubrimiento lateral de goma de doble inyecci\u00f3n 6 botones programables Sistema mec\u00e1nico de tensi\u00f3n de botones SEGUIMIENTO Sensor: HERO [&hellip;]<\/p>\n","protected":false},"featured_media":58517,"comment_status":"open","ping_status":"closed","template":"","meta":{"_uag_custom_page_level_css":""},"product_brand":[549],"product_cat":[125],"product_tag":[],"class_list":{"0":"post-58516","1":"product","2":"type-product","3":"status-publish","4":"has-post-thumbnail","6":"product_brand-logitech","7":"product_cat-teclados-y-mouses","9":"first","10":"outofstock","11":"sale","12":"taxable","13":"shipping-taxable","14":"purchasable","15":"product-type-simple"},"uagb_featured_image_src":{"full":["https:\/\/rms-enlinea.com.ar\/wp-content\/uploads\/2025\/11\/D_937547-MLA98497156911_112025-F.jpg",499,1199,false],"thumbnail":["https:\/\/rms-enlinea.com.ar\/wp-content\/uploads\/2025\/11\/D_937547-MLA98497156911_112025-F-150x150.jpg",150,150,true],"medium":["https:\/\/rms-enlinea.com.ar\/wp-content\/uploads\/2025\/11\/D_937547-MLA98497156911_112025-F-125x300.jpg",125,300,true],"medium_large":["https:\/\/rms-enlinea.com.ar\/wp-content\/uploads\/2025\/11\/D_937547-MLA98497156911_112025-F.jpg",499,1199,false],"large":["https:\/\/rms-enlinea.com.ar\/wp-content\/uploads\/2025\/11\/D_937547-MLA98497156911_112025-F-426x1024.jpg",426,1024,true],"1536x1536":["https:\/\/rms-enlinea.com.ar\/wp-content\/uploads\/2025\/11\/D_937547-MLA98497156911_112025-F.jpg",499,1199,false],"2048x2048":["https:\/\/rms-enlinea.com.ar\/wp-content\/uploads\/2025\/11\/D_937547-MLA98497156911_112025-F.jpg",499,1199,false],"woocommerce_thumbnail":["https:\/\/rms-enlinea.com.ar\/wp-content\/uploads\/2025\/11\/D_937547-MLA98497156911_112025-F-450x450.jpg",450,450,true],"woocommerce_single":["https:\/\/rms-enlinea.com.ar\/wp-content\/uploads\/2025\/11\/D_937547-MLA98497156911_112025-F.jpg",499,1199,false],"woocommerce_gallery_thumbnail":["https:\/\/rms-enlinea.com.ar\/wp-content\/uploads\/2025\/11\/D_937547-MLA98497156911_112025-F-100x100.jpg",100,100,true]},"uagb_author_info":{"display_name":"nelson","author_link":"https:\/\/rms-enlinea.com.ar\/tienda\/author\/"},"uagb_comment_info":0,"uagb_excerpt":"Dimensiones Altura: 124 mm Ancho: 68 mm Profundidad: 43 mm Peso: 87,3 g Pesa opcional adicional: 10 g Longitud del cable: 2,1 m Especificaciones t\u00e9cnicas Otras funciones Iluminaci\u00f3n RGB LIGHTSYNC: Requiere el software Logitech G HUB Recubrimiento lateral de goma de doble inyecci\u00f3n 6 botones programables Sistema mec\u00e1nico de tensi\u00f3n de botones SEGUIMIENTO Sensor: HERO&hellip;","_links":{"self":[{"href":"https:\/\/rms-enlinea.com.ar\/tienda\/wp-json\/wp\/v2\/product\/58516","targetHints":{"allow":["GET"]}}],"collection":[{"href":"https:\/\/rms-enlinea.com.ar\/tienda\/wp-json\/wp\/v2\/product"}],"about":[{"href":"https:\/\/rms-enlinea.com.ar\/tienda\/wp-json\/wp\/v2\/types\/product"}],"replies":[{"embeddable":true,"href":"https:\/\/rms-enlinea.com.ar\/tienda\/wp-json\/wp\/v2\/comments?post=58516"}],"wp:featuredmedia":[{"embeddable":true,"href":"https:\/\/rms-enlinea.com.ar\/tienda\/wp-json\/wp\/v2\/media\/58517"}],"wp:attachment":[{"href":"https:\/\/rms-enlinea.com.ar\/tienda\/wp-json\/wp\/v2\/media?parent=58516"}],"wp:term":[{"taxonomy":"product_brand","embeddable":true,"href":"https:\/\/rms-enlinea.com.ar\/tienda\/wp-json\/wp\/v2\/product_brand?post=58516"},{"taxonomy":"product_cat","embeddable":true,"href":"https:\/\/rms-enlinea.com.ar\/tienda\/wp-json\/wp\/v2\/product_cat?post=58516"},{"taxonomy":"product_tag","embeddable":true,"href":"https:\/\/rms-enlinea.com.ar\/tienda\/wp-json\/wp\/v2\/product_tag?post=58516"}],"curies":[{"name":"wp","href":"https:\/\/api.w.org\/{rel}","templated":true}]}}