{"id":58528,"date":"2025-11-16T01:12:02","date_gmt":"2025-11-16T04:12:02","guid":{"rendered":"https:\/\/rms-enlinea.com.ar\/tienda\/producto\/mouse-pad-razer-gigantus-v2-tela-3xl-550mm-x-1200mm-x-4mm\/"},"modified":"2026-04-21T04:11:54","modified_gmt":"2026-04-21T07:11:54","slug":"mouse-pad-razer-gigantus-v2-tela-3xl-550mm-x-1200mm-x-4mm","status":"publish","type":"product","link":"https:\/\/rms-enlinea.com.ar\/tienda\/producto\/mouse-pad-razer-gigantus-v2-tela-3xl-550mm-x-1200mm-x-4mm\/","title":{"rendered":"Mouse Pad Razer Gigantus V2 Tela 3xl 550mm X 1200mm X 4mm"},"content":{"rendered":"<p>Es tan f\u00e1cil deslizar el mouse. Con tu Razer Gigantus V2 podr\u00e1s llenar la pantalla de tu ordenador de clicks. Su elaborada superficie le dar\u00e1 precisi\u00f3n y comodidad a tus movimientos.<\/p>\n<p>Calidad en su confecci\u00f3n<br \/>\nDise\u00f1ada con materiales de calidad, tu almohadilla de tela te dar\u00e1 una agradable sensaci\u00f3n al tacto y evitar\u00e1 un gran desgaste en la base de tu mouse. Este tipo de opci\u00f3n es ideal para gamers ya que reparte la presi\u00f3n de manera sim\u00e9trica, conservando un nivel de precisi\u00f3n adecuado.<\/p>\n","protected":false},"excerpt":{"rendered":"<p>Es tan f\u00e1cil deslizar el mouse. Con tu Razer Gigantus V2 podr\u00e1s llenar la pantalla de tu ordenador de clicks. Su elaborada superficie le dar\u00e1 precisi\u00f3n y comodidad a tus movimientos. Calidad en su confecci\u00f3n Dise\u00f1ada con materiales de calidad, tu almohadilla de tela te dar\u00e1 una agradable sensaci\u00f3n al tacto y evitar\u00e1 un gran [&hellip;]<\/p>\n","protected":false},"featured_media":58529,"comment_status":"open","ping_status":"closed","template":"","meta":{"_uag_custom_page_level_css":""},"product_brand":[559],"product_cat":[125],"product_tag":[],"class_list":{"0":"post-58528","1":"product","2":"type-product","3":"status-publish","4":"has-post-thumbnail","6":"product_brand-razer","7":"product_cat-teclados-y-mouses","9":"first","10":"outofstock","11":"sale","12":"taxable","13":"shipping-taxable","14":"purchasable","15":"product-type-simple"},"uagb_featured_image_src":{"full":["https:\/\/rms-enlinea.com.ar\/wp-content\/uploads\/2025\/11\/D_909874-MLA98499531041_112025-F.jpg",1196,537,false],"thumbnail":["https:\/\/rms-enlinea.com.ar\/wp-content\/uploads\/2025\/11\/D_909874-MLA98499531041_112025-F-150x150.jpg",150,150,true],"medium":["https:\/\/rms-enlinea.com.ar\/wp-content\/uploads\/2025\/11\/D_909874-MLA98499531041_112025-F-300x135.jpg",300,135,true],"medium_large":["https:\/\/rms-enlinea.com.ar\/wp-content\/uploads\/2025\/11\/D_909874-MLA98499531041_112025-F-768x345.jpg",768,345,true],"large":["https:\/\/rms-enlinea.com.ar\/wp-content\/uploads\/2025\/11\/D_909874-MLA98499531041_112025-F-1024x460.jpg",1024,460,true],"1536x1536":["https:\/\/rms-enlinea.com.ar\/wp-content\/uploads\/2025\/11\/D_909874-MLA98499531041_112025-F.jpg",1196,537,false],"2048x2048":["https:\/\/rms-enlinea.com.ar\/wp-content\/uploads\/2025\/11\/D_909874-MLA98499531041_112025-F.jpg",1196,537,false],"woocommerce_thumbnail":["https:\/\/rms-enlinea.com.ar\/wp-content\/uploads\/2025\/11\/D_909874-MLA98499531041_112025-F-450x450.jpg",450,450,true],"woocommerce_single":["https:\/\/rms-enlinea.com.ar\/wp-content\/uploads\/2025\/11\/D_909874-MLA98499531041_112025-F-600x269.jpg",600,269,true],"woocommerce_gallery_thumbnail":["https:\/\/rms-enlinea.com.ar\/wp-content\/uploads\/2025\/11\/D_909874-MLA98499531041_112025-F-100x100.jpg",100,100,true]},"uagb_author_info":{"display_name":"nelson","author_link":"https:\/\/rms-enlinea.com.ar\/tienda\/author\/"},"uagb_comment_info":0,"uagb_excerpt":"Es tan f\u00e1cil deslizar el mouse. Con tu Razer Gigantus V2 podr\u00e1s llenar la pantalla de tu ordenador de clicks. Su elaborada superficie le dar\u00e1 precisi\u00f3n y comodidad a tus movimientos. Calidad en su confecci\u00f3n Dise\u00f1ada con materiales de calidad, tu almohadilla de tela te dar\u00e1 una agradable sensaci\u00f3n al tacto y evitar\u00e1 un gran&hellip;","_links":{"self":[{"href":"https:\/\/rms-enlinea.com.ar\/tienda\/wp-json\/wp\/v2\/product\/58528","targetHints":{"allow":["GET"]}}],"collection":[{"href":"https:\/\/rms-enlinea.com.ar\/tienda\/wp-json\/wp\/v2\/product"}],"about":[{"href":"https:\/\/rms-enlinea.com.ar\/tienda\/wp-json\/wp\/v2\/types\/product"}],"replies":[{"embeddable":true,"href":"https:\/\/rms-enlinea.com.ar\/tienda\/wp-json\/wp\/v2\/comments?post=58528"}],"wp:featuredmedia":[{"embeddable":true,"href":"https:\/\/rms-enlinea.com.ar\/tienda\/wp-json\/wp\/v2\/media\/58529"}],"wp:attachment":[{"href":"https:\/\/rms-enlinea.com.ar\/tienda\/wp-json\/wp\/v2\/media?parent=58528"}],"wp:term":[{"taxonomy":"product_brand","embeddable":true,"href":"https:\/\/rms-enlinea.com.ar\/tienda\/wp-json\/wp\/v2\/product_brand?post=58528"},{"taxonomy":"product_cat","embeddable":true,"href":"https:\/\/rms-enlinea.com.ar\/tienda\/wp-json\/wp\/v2\/product_cat?post=58528"},{"taxonomy":"product_tag","embeddable":true,"href":"https:\/\/rms-enlinea.com.ar\/tienda\/wp-json\/wp\/v2\/product_tag?post=58528"}],"curies":[{"name":"wp","href":"https:\/\/api.w.org\/{rel}","templated":true}]}}