{"id":58561,"date":"2025-11-16T16:40:32","date_gmt":"2025-11-16T19:40:32","guid":{"rendered":"https:\/\/rms-enlinea.com.ar\/tienda\/producto\/mouse-gamer-inalambrico-corsair-m75-air-26000-dpi-bt-2-4ghz\/"},"modified":"2026-04-06T12:53:40","modified_gmt":"2026-04-06T15:53:40","slug":"mouse-gamer-inalambrico-corsair-m75-air-26000-dpi-bt-2-4ghz","status":"publish","type":"product","link":"https:\/\/rms-enlinea.com.ar\/tienda\/producto\/mouse-gamer-inalambrico-corsair-m75-air-26000-dpi-bt-2-4ghz\/","title":{"rendered":"Mouse Gamer Inalambrico Corsair M75 Air 26000 Dpi Bt 2.4ghz"},"content":{"rendered":"<p>Peso en gramos\t60<br \/>Conectividad\tInal\u00e1mbrica<br \/>Tipo de sensor\t\u00d3ptico<br \/>Tama\u00f1o de mano recomendado\tGrande<br \/>Tipo de agarre\tCualquiera<br \/>Duraci\u00f3n de la bater\u00eda\t2.4GHz SLIPSTREAM: Hasta 34 h | Bluetooth\u00ae: Hasta 100 h<br \/>Tipo de juego\tFPS, MOBA, Battle Royale<br \/>Perfiles de memoria integrados\t1<br \/>G\u00e9nero de juego\tFPS, MOBA, Battle Royale<br \/>Sensor\tMARKSMAN 26K<br \/>DPI\t26<\/p>\n","protected":false},"excerpt":{"rendered":"<p>Peso en gramos 60Conectividad Inal\u00e1mbricaTipo de sensor \u00d3pticoTama\u00f1o de mano recomendado GrandeTipo de agarre CualquieraDuraci\u00f3n de la bater\u00eda 2.4GHz SLIPSTREAM: Hasta 34 h | Bluetooth\u00ae: Hasta 100 hTipo de juego FPS, MOBA, Battle RoyalePerfiles de memoria integrados 1G\u00e9nero de juego FPS, MOBA, Battle RoyaleSensor MARKSMAN 26KDPI 26<\/p>\n","protected":false},"featured_media":58562,"comment_status":"open","ping_status":"closed","template":"","meta":{"_uag_custom_page_level_css":""},"product_brand":[555],"product_cat":[125],"product_tag":[],"class_list":{"0":"post-58561","1":"product","2":"type-product","3":"status-publish","4":"has-post-thumbnail","6":"product_brand-corsair","7":"product_cat-teclados-y-mouses","9":"first","10":"outofstock","11":"sale","12":"taxable","13":"shipping-taxable","14":"purchasable","15":"product-type-simple"},"uagb_featured_image_src":{"full":["https:\/\/rms-enlinea.com.ar\/wp-content\/uploads\/2025\/11\/D_667710-MLA98076341736_112025-F.jpg",810,1200,false],"thumbnail":["https:\/\/rms-enlinea.com.ar\/wp-content\/uploads\/2025\/11\/D_667710-MLA98076341736_112025-F-150x150.jpg",150,150,true],"medium":["https:\/\/rms-enlinea.com.ar\/wp-content\/uploads\/2025\/11\/D_667710-MLA98076341736_112025-F-203x300.jpg",203,300,true],"medium_large":["https:\/\/rms-enlinea.com.ar\/wp-content\/uploads\/2025\/11\/D_667710-MLA98076341736_112025-F-768x1138.jpg",768,1138,true],"large":["https:\/\/rms-enlinea.com.ar\/wp-content\/uploads\/2025\/11\/D_667710-MLA98076341736_112025-F-691x1024.jpg",691,1024,true],"1536x1536":["https:\/\/rms-enlinea.com.ar\/wp-content\/uploads\/2025\/11\/D_667710-MLA98076341736_112025-F.jpg",810,1200,false],"2048x2048":["https:\/\/rms-enlinea.com.ar\/wp-content\/uploads\/2025\/11\/D_667710-MLA98076341736_112025-F.jpg",810,1200,false],"woocommerce_thumbnail":["https:\/\/rms-enlinea.com.ar\/wp-content\/uploads\/2025\/11\/D_667710-MLA98076341736_112025-F-450x450.jpg",450,450,true],"woocommerce_single":["https:\/\/rms-enlinea.com.ar\/wp-content\/uploads\/2025\/11\/D_667710-MLA98076341736_112025-F-600x889.jpg",600,889,true],"woocommerce_gallery_thumbnail":["https:\/\/rms-enlinea.com.ar\/wp-content\/uploads\/2025\/11\/D_667710-MLA98076341736_112025-F-100x100.jpg",100,100,true]},"uagb_author_info":{"display_name":"nelson","author_link":"https:\/\/rms-enlinea.com.ar\/tienda\/author\/"},"uagb_comment_info":0,"uagb_excerpt":"Peso en gramos 60Conectividad Inal\u00e1mbricaTipo de sensor \u00d3pticoTama\u00f1o de mano recomendado GrandeTipo de agarre CualquieraDuraci\u00f3n de la bater\u00eda 2.4GHz SLIPSTREAM: Hasta 34 h | Bluetooth\u00ae: Hasta 100 hTipo de juego FPS, MOBA, Battle RoyalePerfiles de memoria integrados 1G\u00e9nero de juego FPS, MOBA, Battle RoyaleSensor MARKSMAN 26KDPI 26","_links":{"self":[{"href":"https:\/\/rms-enlinea.com.ar\/tienda\/wp-json\/wp\/v2\/product\/58561","targetHints":{"allow":["GET"]}}],"collection":[{"href":"https:\/\/rms-enlinea.com.ar\/tienda\/wp-json\/wp\/v2\/product"}],"about":[{"href":"https:\/\/rms-enlinea.com.ar\/tienda\/wp-json\/wp\/v2\/types\/product"}],"replies":[{"embeddable":true,"href":"https:\/\/rms-enlinea.com.ar\/tienda\/wp-json\/wp\/v2\/comments?post=58561"}],"wp:featuredmedia":[{"embeddable":true,"href":"https:\/\/rms-enlinea.com.ar\/tienda\/wp-json\/wp\/v2\/media\/58562"}],"wp:attachment":[{"href":"https:\/\/rms-enlinea.com.ar\/tienda\/wp-json\/wp\/v2\/media?parent=58561"}],"wp:term":[{"taxonomy":"product_brand","embeddable":true,"href":"https:\/\/rms-enlinea.com.ar\/tienda\/wp-json\/wp\/v2\/product_brand?post=58561"},{"taxonomy":"product_cat","embeddable":true,"href":"https:\/\/rms-enlinea.com.ar\/tienda\/wp-json\/wp\/v2\/product_cat?post=58561"},{"taxonomy":"product_tag","embeddable":true,"href":"https:\/\/rms-enlinea.com.ar\/tienda\/wp-json\/wp\/v2\/product_tag?post=58561"}],"curies":[{"name":"wp","href":"https:\/\/api.w.org\/{rel}","templated":true}]}}