{"id":58572,"date":"2025-11-16T17:00:07","date_gmt":"2025-11-16T20:00:07","guid":{"rendered":"https:\/\/rms-enlinea.com.ar\/tienda\/producto\/mouse-gamer-inalambrico-corsair-dark-core-rgb-pro-18000-dpi\/"},"modified":"2026-03-20T17:41:23","modified_gmt":"2026-03-20T20:41:23","slug":"mouse-gamer-inalambrico-corsair-dark-core-rgb-pro-18000-dpi","status":"publish","type":"product","link":"https:\/\/rms-enlinea.com.ar\/tienda\/producto\/mouse-gamer-inalambrico-corsair-dark-core-rgb-pro-18000-dpi\/","title":{"rendered":"Mouse Gamer Inalambrico Corsair Dark Core Rgb Pro 18000 Dpi"},"content":{"rendered":"<p>Conectividad\tInal\u00e1mbrica<br \/>Compatibilidad con Mouse\tPC con puerto USB 2.0<br \/>Botones Programables\t8<br \/>Tipo de Sensor\t\u00d3ptico<br \/>Software CUE\tCompatible con iCUE<br \/>Tipo de Juego\tCualquiera<br \/>Retroiluminaci\u00f3n del Mouse\tRGB de 9 zonas<br \/>Memoria en la unidad\tS\u00ed<br \/>Perfiles de Memoria en la unidad\t3<br \/>Tasa de Reporte\tSelectable 1000Hz\/2000Hz<br \/>Tipo de Bot\u00f3n del Mouse\tOmron<br \/>Durabilidad de los Botones del Mouse\t50 millones de clics L\/D<br \/>Vida de la Bater\u00eda\t16 horas (m\u00edn.) en operaci\u00f3n est\u00e1ndar y 24 horas (m\u00edn.) en espera<br \/>Tipo de Agarre\tPalma<br \/>Ajuste de Peso\tNo<br \/>Tama\u00f1o de Mano\tGrande<br \/>G\u00e9nero de Juego\tCualquiera<br \/>Cable\t1.8m de fibra trenzada<br \/>Sensor\tPAW3392<br \/>DPI\t18<br \/>Contenido del Paquete del Mouse\tMouse Gaming DARK CORE RGB PRO<br \/> \tUn Agarre Lateral Adicional<br \/>Capacidad de Peso\tPesado<br \/>Alimentaci\u00f3n de la Bater\u00eda\tRecargable de Litio-Pol\u00edmero<br \/>Peso\t0.14<\/p>\n","protected":false},"excerpt":{"rendered":"<p>Conectividad Inal\u00e1mbricaCompatibilidad con Mouse PC con puerto USB 2.0Botones Programables 8Tipo de Sensor \u00d3pticoSoftware CUE Compatible con iCUETipo de Juego CualquieraRetroiluminaci\u00f3n del Mouse RGB de 9 zonasMemoria en la unidad S\u00edPerfiles de Memoria en la unidad 3Tasa de Reporte Selectable 1000Hz\/2000HzTipo de Bot\u00f3n del Mouse OmronDurabilidad de los Botones del Mouse 50 millones de clics [&hellip;]<\/p>\n","protected":false},"featured_media":58573,"comment_status":"open","ping_status":"closed","template":"","meta":{"_uag_custom_page_level_css":""},"product_brand":[555],"product_cat":[125],"product_tag":[],"class_list":{"0":"post-58572","1":"product","2":"type-product","3":"status-publish","4":"has-post-thumbnail","6":"product_brand-corsair","7":"product_cat-teclados-y-mouses","9":"first","10":"outofstock","11":"sale","12":"taxable","13":"shipping-taxable","14":"purchasable","15":"product-type-simple"},"uagb_featured_image_src":{"full":["https:\/\/rms-enlinea.com.ar\/wp-content\/uploads\/2025\/11\/D_951336-MLA98547890877_112025-F.jpg",1200,917,false],"thumbnail":["https:\/\/rms-enlinea.com.ar\/wp-content\/uploads\/2025\/11\/D_951336-MLA98547890877_112025-F-150x150.jpg",150,150,true],"medium":["https:\/\/rms-enlinea.com.ar\/wp-content\/uploads\/2025\/11\/D_951336-MLA98547890877_112025-F-300x229.jpg",300,229,true],"medium_large":["https:\/\/rms-enlinea.com.ar\/wp-content\/uploads\/2025\/11\/D_951336-MLA98547890877_112025-F-768x587.jpg",768,587,true],"large":["https:\/\/rms-enlinea.com.ar\/wp-content\/uploads\/2025\/11\/D_951336-MLA98547890877_112025-F-1024x783.jpg",1024,783,true],"1536x1536":["https:\/\/rms-enlinea.com.ar\/wp-content\/uploads\/2025\/11\/D_951336-MLA98547890877_112025-F.jpg",1200,917,false],"2048x2048":["https:\/\/rms-enlinea.com.ar\/wp-content\/uploads\/2025\/11\/D_951336-MLA98547890877_112025-F.jpg",1200,917,false],"woocommerce_thumbnail":["https:\/\/rms-enlinea.com.ar\/wp-content\/uploads\/2025\/11\/D_951336-MLA98547890877_112025-F-450x450.jpg",450,450,true],"woocommerce_single":["https:\/\/rms-enlinea.com.ar\/wp-content\/uploads\/2025\/11\/D_951336-MLA98547890877_112025-F-600x459.jpg",600,459,true],"woocommerce_gallery_thumbnail":["https:\/\/rms-enlinea.com.ar\/wp-content\/uploads\/2025\/11\/D_951336-MLA98547890877_112025-F-100x100.jpg",100,100,true]},"uagb_author_info":{"display_name":"nelson","author_link":"https:\/\/rms-enlinea.com.ar\/tienda\/author\/"},"uagb_comment_info":0,"uagb_excerpt":"Conectividad Inal\u00e1mbricaCompatibilidad con Mouse PC con puerto USB 2.0Botones Programables 8Tipo de Sensor \u00d3pticoSoftware CUE Compatible con iCUETipo de Juego CualquieraRetroiluminaci\u00f3n del Mouse RGB de 9 zonasMemoria en la unidad S\u00edPerfiles de Memoria en la unidad 3Tasa de Reporte Selectable 1000Hz\/2000HzTipo de Bot\u00f3n del Mouse OmronDurabilidad de los Botones del Mouse 50 millones de clics&hellip;","_links":{"self":[{"href":"https:\/\/rms-enlinea.com.ar\/tienda\/wp-json\/wp\/v2\/product\/58572","targetHints":{"allow":["GET"]}}],"collection":[{"href":"https:\/\/rms-enlinea.com.ar\/tienda\/wp-json\/wp\/v2\/product"}],"about":[{"href":"https:\/\/rms-enlinea.com.ar\/tienda\/wp-json\/wp\/v2\/types\/product"}],"replies":[{"embeddable":true,"href":"https:\/\/rms-enlinea.com.ar\/tienda\/wp-json\/wp\/v2\/comments?post=58572"}],"wp:featuredmedia":[{"embeddable":true,"href":"https:\/\/rms-enlinea.com.ar\/tienda\/wp-json\/wp\/v2\/media\/58573"}],"wp:attachment":[{"href":"https:\/\/rms-enlinea.com.ar\/tienda\/wp-json\/wp\/v2\/media?parent=58572"}],"wp:term":[{"taxonomy":"product_brand","embeddable":true,"href":"https:\/\/rms-enlinea.com.ar\/tienda\/wp-json\/wp\/v2\/product_brand?post=58572"},{"taxonomy":"product_cat","embeddable":true,"href":"https:\/\/rms-enlinea.com.ar\/tienda\/wp-json\/wp\/v2\/product_cat?post=58572"},{"taxonomy":"product_tag","embeddable":true,"href":"https:\/\/rms-enlinea.com.ar\/tienda\/wp-json\/wp\/v2\/product_tag?post=58572"}],"curies":[{"name":"wp","href":"https:\/\/api.w.org\/{rel}","templated":true}]}}