{"id":58581,"date":"2025-11-16T17:30:13","date_gmt":"2025-11-16T20:30:13","guid":{"rendered":"https:\/\/rms-enlinea.com.ar\/tienda\/producto\/teclado-gamer-mecanico-corsair-k70-rgb-eng-ch-910971e-na\/"},"modified":"2026-04-11T11:00:13","modified_gmt":"2026-04-11T14:00:13","slug":"teclado-gamer-mecanico-corsair-k70-rgb-eng-ch-910971e-na","status":"publish","type":"product","link":"https:\/\/rms-enlinea.com.ar\/tienda\/producto\/teclado-gamer-mecanico-corsair-k70-rgb-eng-ch-910971e-na\/","title":{"rendered":"Teclado Gamer Mecanico Corsair K70 Rgb Eng Ch-910971e-na"},"content":{"rendered":"<p>Software CUE del teclado\tCompatible con iCUE<br \/>Controles de medios y volumen\tS\u00ed<br \/>Tama\u00f1o del teclado\tTama\u00f1o completo (Full Size)<br \/>Reposamu\u00f1ecas incluido\tNo<br \/>Frecuencia de reporte del teclado\t1.000 Hz<br \/>Memoria integrada\tS\u00ed<br \/>Familia de productos del teclado\tK70<br \/>Tipo y tama\u00f1o del teclado\tK70 \/ Tama\u00f1o completo<br \/>Altura ajustable\tS\u00ed<br \/>Conectividad por cable\tUSB 3.0 o 3.1 Tipo-A<br \/>Tipo de conexi\u00f3n del teclado\tCon cable<br \/>Material del cable\tGoma anti-enredo<br \/>Reposamu\u00f1ecas\tNo<br \/>Bloqueo de tecla Windows\tAtajo mediante tecla FN<br \/>Controles multimedia\tS\u00ed<br \/>Teclas multimedia\tAtajos mediante tecla FN<br \/>Rollover de teclas\tCompleto (NKRO) con 100% anti-ghosting<br \/>Matriz del teclado\t104 teclas<\/p>\n","protected":false},"excerpt":{"rendered":"<p>Software CUE del teclado Compatible con iCUEControles de medios y volumen S\u00edTama\u00f1o del teclado Tama\u00f1o completo (Full Size)Reposamu\u00f1ecas incluido NoFrecuencia de reporte del teclado 1.000 HzMemoria integrada S\u00edFamilia de productos del teclado K70Tipo y tama\u00f1o del teclado K70 \/ Tama\u00f1o completoAltura ajustable S\u00edConectividad por cable USB 3.0 o 3.1 Tipo-ATipo de conexi\u00f3n del teclado Con [&hellip;]<\/p>\n","protected":false},"featured_media":58582,"comment_status":"open","ping_status":"closed","template":"","meta":{"_uag_custom_page_level_css":""},"product_brand":[555],"product_cat":[125],"product_tag":[],"class_list":{"0":"post-58581","1":"product","2":"type-product","3":"status-publish","4":"has-post-thumbnail","6":"product_brand-corsair","7":"product_cat-teclados-y-mouses","9":"first","10":"outofstock","11":"sale","12":"taxable","13":"shipping-taxable","14":"purchasable","15":"product-type-simple"},"uagb_featured_image_src":{"full":["https:\/\/rms-enlinea.com.ar\/wp-content\/uploads\/2025\/11\/D_730290-MLA98077659528_112025-F.jpg",1200,555,false],"thumbnail":["https:\/\/rms-enlinea.com.ar\/wp-content\/uploads\/2025\/11\/D_730290-MLA98077659528_112025-F-150x150.jpg",150,150,true],"medium":["https:\/\/rms-enlinea.com.ar\/wp-content\/uploads\/2025\/11\/D_730290-MLA98077659528_112025-F-300x139.jpg",300,139,true],"medium_large":["https:\/\/rms-enlinea.com.ar\/wp-content\/uploads\/2025\/11\/D_730290-MLA98077659528_112025-F-768x355.jpg",768,355,true],"large":["https:\/\/rms-enlinea.com.ar\/wp-content\/uploads\/2025\/11\/D_730290-MLA98077659528_112025-F-1024x474.jpg",1024,474,true],"1536x1536":["https:\/\/rms-enlinea.com.ar\/wp-content\/uploads\/2025\/11\/D_730290-MLA98077659528_112025-F.jpg",1200,555,false],"2048x2048":["https:\/\/rms-enlinea.com.ar\/wp-content\/uploads\/2025\/11\/D_730290-MLA98077659528_112025-F.jpg",1200,555,false],"woocommerce_thumbnail":["https:\/\/rms-enlinea.com.ar\/wp-content\/uploads\/2025\/11\/D_730290-MLA98077659528_112025-F-450x450.jpg",450,450,true],"woocommerce_single":["https:\/\/rms-enlinea.com.ar\/wp-content\/uploads\/2025\/11\/D_730290-MLA98077659528_112025-F-600x278.jpg",600,278,true],"woocommerce_gallery_thumbnail":["https:\/\/rms-enlinea.com.ar\/wp-content\/uploads\/2025\/11\/D_730290-MLA98077659528_112025-F-100x100.jpg",100,100,true]},"uagb_author_info":{"display_name":"nelson","author_link":"https:\/\/rms-enlinea.com.ar\/tienda\/author\/"},"uagb_comment_info":0,"uagb_excerpt":"Software CUE del teclado Compatible con iCUEControles de medios y volumen S\u00edTama\u00f1o del teclado Tama\u00f1o completo (Full Size)Reposamu\u00f1ecas incluido NoFrecuencia de reporte del teclado 1.000 HzMemoria integrada S\u00edFamilia de productos del teclado K70Tipo y tama\u00f1o del teclado K70 \/ Tama\u00f1o completoAltura ajustable S\u00edConectividad por cable USB 3.0 o 3.1 Tipo-ATipo de conexi\u00f3n del teclado Con&hellip;","_links":{"self":[{"href":"https:\/\/rms-enlinea.com.ar\/tienda\/wp-json\/wp\/v2\/product\/58581","targetHints":{"allow":["GET"]}}],"collection":[{"href":"https:\/\/rms-enlinea.com.ar\/tienda\/wp-json\/wp\/v2\/product"}],"about":[{"href":"https:\/\/rms-enlinea.com.ar\/tienda\/wp-json\/wp\/v2\/types\/product"}],"replies":[{"embeddable":true,"href":"https:\/\/rms-enlinea.com.ar\/tienda\/wp-json\/wp\/v2\/comments?post=58581"}],"wp:featuredmedia":[{"embeddable":true,"href":"https:\/\/rms-enlinea.com.ar\/tienda\/wp-json\/wp\/v2\/media\/58582"}],"wp:attachment":[{"href":"https:\/\/rms-enlinea.com.ar\/tienda\/wp-json\/wp\/v2\/media?parent=58581"}],"wp:term":[{"taxonomy":"product_brand","embeddable":true,"href":"https:\/\/rms-enlinea.com.ar\/tienda\/wp-json\/wp\/v2\/product_brand?post=58581"},{"taxonomy":"product_cat","embeddable":true,"href":"https:\/\/rms-enlinea.com.ar\/tienda\/wp-json\/wp\/v2\/product_cat?post=58581"},{"taxonomy":"product_tag","embeddable":true,"href":"https:\/\/rms-enlinea.com.ar\/tienda\/wp-json\/wp\/v2\/product_tag?post=58581"}],"curies":[{"name":"wp","href":"https:\/\/api.w.org\/{rel}","templated":true}]}}