{"id":58586,"date":"2025-11-16T17:40:16","date_gmt":"2025-11-16T20:40:16","guid":{"rendered":"https:\/\/rms-enlinea.com.ar\/tienda\/producto\/teclado-gamer-mecanico-corsair-k70-core-tkl-rgb-eng\/"},"modified":"2026-04-11T09:30:53","modified_gmt":"2026-04-11T12:30:53","slug":"teclado-gamer-mecanico-corsair-k70-core-tkl-rgb-eng","status":"publish","type":"product","link":"https:\/\/rms-enlinea.com.ar\/tienda\/producto\/teclado-gamer-mecanico-corsair-k70-core-tkl-rgb-eng\/","title":{"rendered":"Teclado Gamer Mecanico Corsair K70 Core Tkl Rgb Eng"},"content":{"rendered":"<p>Software CUE para teclado\tCompatible con iCUE<br \/>Controles de medios y volumen\tS\u00ed<br \/>Tama\u00f1o del teclado\tSin tenkey<br \/>Reposamu\u00f1ecas incluido\tNo<br \/>Tasa de informe del teclado\t1.000 Hz<br \/>Factor de forma del teclado\tTKL (sin tenkey)<br \/>Color del teclado\tNEGRO<br \/>Tipo de interruptor\tMec\u00e1nico<br \/>Memoria integrada\t8 MB<br \/>Perfiles integrados\t5<br \/>Familia de productos de teclado\tK70<br \/>Tama\u00f1o del tipo de teclado\tK70<br \/>Altura ajustable\tS\u00ed<br \/>Conectividad por cable\tUSB 3.0 o 3.1 Tipo-A<br \/>Conectividad del teclado\tCon cable<br \/>Material del cable del teclado\tGoma antienredos<br \/>Bloqueo WIN\tAtajo de FN<br \/>Teclas multimedia\tAtajos de FN<br \/>Transferencia de claves\tClave completa (NKRO) con 100% anti-efecto fantasma<br \/>Matriz de teclado\t87 teclas<br \/>Interruptores de llave\tCORSAIR MLX Rojo<br \/>Disposici\u00f3n del teclado\tNA (Am\u00e9rica del Norte)<\/p>\n","protected":false},"excerpt":{"rendered":"<p>Software CUE para teclado Compatible con iCUEControles de medios y volumen S\u00edTama\u00f1o del teclado Sin tenkeyReposamu\u00f1ecas incluido NoTasa de informe del teclado 1.000 HzFactor de forma del teclado TKL (sin tenkey)Color del teclado NEGROTipo de interruptor Mec\u00e1nicoMemoria integrada 8 MBPerfiles integrados 5Familia de productos de teclado K70Tama\u00f1o del tipo de teclado K70Altura ajustable S\u00edConectividad por [&hellip;]<\/p>\n","protected":false},"featured_media":58587,"comment_status":"open","ping_status":"closed","template":"","meta":{"_uag_custom_page_level_css":""},"product_brand":[555],"product_cat":[125],"product_tag":[],"class_list":{"0":"post-58586","1":"product","2":"type-product","3":"status-publish","4":"has-post-thumbnail","6":"product_brand-corsair","7":"product_cat-teclados-y-mouses","9":"first","10":"outofstock","11":"sale","12":"taxable","13":"shipping-taxable","14":"purchasable","15":"product-type-simple"},"uagb_featured_image_src":{"full":["https:\/\/rms-enlinea.com.ar\/wp-content\/uploads\/2025\/11\/D_731421-MLA98549228117_112025-F.jpg",1199,723,false],"thumbnail":["https:\/\/rms-enlinea.com.ar\/wp-content\/uploads\/2025\/11\/D_731421-MLA98549228117_112025-F-150x150.jpg",150,150,true],"medium":["https:\/\/rms-enlinea.com.ar\/wp-content\/uploads\/2025\/11\/D_731421-MLA98549228117_112025-F-300x181.jpg",300,181,true],"medium_large":["https:\/\/rms-enlinea.com.ar\/wp-content\/uploads\/2025\/11\/D_731421-MLA98549228117_112025-F-768x463.jpg",768,463,true],"large":["https:\/\/rms-enlinea.com.ar\/wp-content\/uploads\/2025\/11\/D_731421-MLA98549228117_112025-F-1024x617.jpg",1024,617,true],"1536x1536":["https:\/\/rms-enlinea.com.ar\/wp-content\/uploads\/2025\/11\/D_731421-MLA98549228117_112025-F.jpg",1199,723,false],"2048x2048":["https:\/\/rms-enlinea.com.ar\/wp-content\/uploads\/2025\/11\/D_731421-MLA98549228117_112025-F.jpg",1199,723,false],"woocommerce_thumbnail":["https:\/\/rms-enlinea.com.ar\/wp-content\/uploads\/2025\/11\/D_731421-MLA98549228117_112025-F-450x450.jpg",450,450,true],"woocommerce_single":["https:\/\/rms-enlinea.com.ar\/wp-content\/uploads\/2025\/11\/D_731421-MLA98549228117_112025-F-600x362.jpg",600,362,true],"woocommerce_gallery_thumbnail":["https:\/\/rms-enlinea.com.ar\/wp-content\/uploads\/2025\/11\/D_731421-MLA98549228117_112025-F-100x100.jpg",100,100,true]},"uagb_author_info":{"display_name":"nelson","author_link":"https:\/\/rms-enlinea.com.ar\/tienda\/author\/"},"uagb_comment_info":0,"uagb_excerpt":"Software CUE para teclado Compatible con iCUEControles de medios y volumen S\u00edTama\u00f1o del teclado Sin tenkeyReposamu\u00f1ecas incluido NoTasa de informe del teclado 1.000 HzFactor de forma del teclado TKL (sin tenkey)Color del teclado NEGROTipo de interruptor Mec\u00e1nicoMemoria integrada 8 MBPerfiles integrados 5Familia de productos de teclado K70Tama\u00f1o del tipo de teclado K70Altura ajustable S\u00edConectividad por&hellip;","_links":{"self":[{"href":"https:\/\/rms-enlinea.com.ar\/tienda\/wp-json\/wp\/v2\/product\/58586","targetHints":{"allow":["GET"]}}],"collection":[{"href":"https:\/\/rms-enlinea.com.ar\/tienda\/wp-json\/wp\/v2\/product"}],"about":[{"href":"https:\/\/rms-enlinea.com.ar\/tienda\/wp-json\/wp\/v2\/types\/product"}],"replies":[{"embeddable":true,"href":"https:\/\/rms-enlinea.com.ar\/tienda\/wp-json\/wp\/v2\/comments?post=58586"}],"wp:featuredmedia":[{"embeddable":true,"href":"https:\/\/rms-enlinea.com.ar\/tienda\/wp-json\/wp\/v2\/media\/58587"}],"wp:attachment":[{"href":"https:\/\/rms-enlinea.com.ar\/tienda\/wp-json\/wp\/v2\/media?parent=58586"}],"wp:term":[{"taxonomy":"product_brand","embeddable":true,"href":"https:\/\/rms-enlinea.com.ar\/tienda\/wp-json\/wp\/v2\/product_brand?post=58586"},{"taxonomy":"product_cat","embeddable":true,"href":"https:\/\/rms-enlinea.com.ar\/tienda\/wp-json\/wp\/v2\/product_cat?post=58586"},{"taxonomy":"product_tag","embeddable":true,"href":"https:\/\/rms-enlinea.com.ar\/tienda\/wp-json\/wp\/v2\/product_tag?post=58586"}],"curies":[{"name":"wp","href":"https:\/\/api.w.org\/{rel}","templated":true}]}}