{"id":58591,"date":"2025-11-16T17:50:15","date_gmt":"2025-11-16T20:50:15","guid":{"rendered":"https:\/\/rms-enlinea.com.ar\/tienda\/producto\/teclado-logitech-pro-mechanical-rgb-lightsync-eng\/"},"modified":"2026-04-06T12:20:47","modified_gmt":"2026-04-06T15:20:47","slug":"teclado-logitech-pro-mechanical-rgb-lightsync-eng","status":"publish","type":"product","link":"https:\/\/rms-enlinea.com.ar\/tienda\/producto\/teclado-logitech-pro-mechanical-rgb-lightsync-eng\/","title":{"rendered":"Teclado Logitech Pro Mechanical Rgb Lightsync Eng"},"content":{"rendered":"<p>ESPECIFICACIONES F\u00cdSICAS<br \/>\nAltura: 34 mm<br \/>\nAnchura: 361 mm<br \/>\nProfundidad: 153 mm<br \/>\nINTERRUPTORES GX BLUE CLICK PERCEPTIBLE<br \/>\nDistancia de actuaci\u00f3n: 2,0 mm<br \/>\nFuerza de actuaci\u00f3n: 50 g<br \/>\nRecorrido total: 3,7 mm<br \/>\nOTRAS FUNCIONES<br \/>\nDise\u00f1o sin teclado num\u00e9rico inspirado en los profesionales<br \/>\nInterruptores mec\u00e1nicos con click perceptible GX Blue<br \/>\nIluminaci\u00f3n RGB LIGHTSYNC<br \/>\nPerfil de iluminaci\u00f3n integrado<br \/>\nCable extra\u00edble de 1,8 m (6 ft)<br \/>\n12 teclas F programables<br \/>\nVelocidad de respuesta de 1 ms<\/p>\n","protected":false},"excerpt":{"rendered":"<p>ESPECIFICACIONES F\u00cdSICAS Altura: 34 mm Anchura: 361 mm Profundidad: 153 mm INTERRUPTORES GX BLUE CLICK PERCEPTIBLE Distancia de actuaci\u00f3n: 2,0 mm Fuerza de actuaci\u00f3n: 50 g Recorrido total: 3,7 mm OTRAS FUNCIONES Dise\u00f1o sin teclado num\u00e9rico inspirado en los profesionales Interruptores mec\u00e1nicos con click perceptible GX Blue Iluminaci\u00f3n RGB LIGHTSYNC Perfil de iluminaci\u00f3n integrado Cable [&hellip;]<\/p>\n","protected":false},"featured_media":58592,"comment_status":"open","ping_status":"closed","template":"","meta":{"_uag_custom_page_level_css":""},"product_brand":[549],"product_cat":[125],"product_tag":[],"class_list":{"0":"post-58591","1":"product","2":"type-product","3":"status-publish","4":"has-post-thumbnail","6":"product_brand-logitech","7":"product_cat-teclados-y-mouses","9":"first","10":"outofstock","11":"sale","12":"taxable","13":"shipping-taxable","14":"purchasable","15":"product-type-simple"},"uagb_featured_image_src":{"full":["https:\/\/rms-enlinea.com.ar\/wp-content\/uploads\/2025\/11\/D_775323-MLA98549915831_112025-F.jpg",1188,679,false],"thumbnail":["https:\/\/rms-enlinea.com.ar\/wp-content\/uploads\/2025\/11\/D_775323-MLA98549915831_112025-F-150x150.jpg",150,150,true],"medium":["https:\/\/rms-enlinea.com.ar\/wp-content\/uploads\/2025\/11\/D_775323-MLA98549915831_112025-F-300x171.jpg",300,171,true],"medium_large":["https:\/\/rms-enlinea.com.ar\/wp-content\/uploads\/2025\/11\/D_775323-MLA98549915831_112025-F-768x439.jpg",768,439,true],"large":["https:\/\/rms-enlinea.com.ar\/wp-content\/uploads\/2025\/11\/D_775323-MLA98549915831_112025-F-1024x585.jpg",1024,585,true],"1536x1536":["https:\/\/rms-enlinea.com.ar\/wp-content\/uploads\/2025\/11\/D_775323-MLA98549915831_112025-F.jpg",1188,679,false],"2048x2048":["https:\/\/rms-enlinea.com.ar\/wp-content\/uploads\/2025\/11\/D_775323-MLA98549915831_112025-F.jpg",1188,679,false],"woocommerce_thumbnail":["https:\/\/rms-enlinea.com.ar\/wp-content\/uploads\/2025\/11\/D_775323-MLA98549915831_112025-F-450x450.jpg",450,450,true],"woocommerce_single":["https:\/\/rms-enlinea.com.ar\/wp-content\/uploads\/2025\/11\/D_775323-MLA98549915831_112025-F-600x343.jpg",600,343,true],"woocommerce_gallery_thumbnail":["https:\/\/rms-enlinea.com.ar\/wp-content\/uploads\/2025\/11\/D_775323-MLA98549915831_112025-F-100x100.jpg",100,100,true]},"uagb_author_info":{"display_name":"nelson","author_link":"https:\/\/rms-enlinea.com.ar\/tienda\/author\/"},"uagb_comment_info":0,"uagb_excerpt":"ESPECIFICACIONES F\u00cdSICAS Altura: 34 mm Anchura: 361 mm Profundidad: 153 mm INTERRUPTORES GX BLUE CLICK PERCEPTIBLE Distancia de actuaci\u00f3n: 2,0 mm Fuerza de actuaci\u00f3n: 50 g Recorrido total: 3,7 mm OTRAS FUNCIONES Dise\u00f1o sin teclado num\u00e9rico inspirado en los profesionales Interruptores mec\u00e1nicos con click perceptible GX Blue Iluminaci\u00f3n RGB LIGHTSYNC Perfil de iluminaci\u00f3n integrado Cable&hellip;","_links":{"self":[{"href":"https:\/\/rms-enlinea.com.ar\/tienda\/wp-json\/wp\/v2\/product\/58591","targetHints":{"allow":["GET"]}}],"collection":[{"href":"https:\/\/rms-enlinea.com.ar\/tienda\/wp-json\/wp\/v2\/product"}],"about":[{"href":"https:\/\/rms-enlinea.com.ar\/tienda\/wp-json\/wp\/v2\/types\/product"}],"replies":[{"embeddable":true,"href":"https:\/\/rms-enlinea.com.ar\/tienda\/wp-json\/wp\/v2\/comments?post=58591"}],"wp:featuredmedia":[{"embeddable":true,"href":"https:\/\/rms-enlinea.com.ar\/tienda\/wp-json\/wp\/v2\/media\/58592"}],"wp:attachment":[{"href":"https:\/\/rms-enlinea.com.ar\/tienda\/wp-json\/wp\/v2\/media?parent=58591"}],"wp:term":[{"taxonomy":"product_brand","embeddable":true,"href":"https:\/\/rms-enlinea.com.ar\/tienda\/wp-json\/wp\/v2\/product_brand?post=58591"},{"taxonomy":"product_cat","embeddable":true,"href":"https:\/\/rms-enlinea.com.ar\/tienda\/wp-json\/wp\/v2\/product_cat?post=58591"},{"taxonomy":"product_tag","embeddable":true,"href":"https:\/\/rms-enlinea.com.ar\/tienda\/wp-json\/wp\/v2\/product_tag?post=58591"}],"curies":[{"name":"wp","href":"https:\/\/api.w.org\/{rel}","templated":true}]}}