{"id":58598,"date":"2025-11-16T18:00:26","date_gmt":"2025-11-16T21:00:26","guid":{"rendered":"https:\/\/rms-enlinea.com.ar\/tienda\/producto\/teclado-gamer-logitech-g513-rgb-espanol-lightsync\/"},"modified":"2026-04-06T14:31:15","modified_gmt":"2026-04-06T17:31:15","slug":"teclado-gamer-logitech-g513-rgb-espanol-lightsync","status":"publish","type":"product","link":"https:\/\/rms-enlinea.com.ar\/tienda\/producto\/teclado-gamer-logitech-g513-rgb-espanol-lightsync\/","title":{"rendered":"Teclado Gamer Logitech G513 Rgb Espa\u00f1ol Lightsync"},"content":{"rendered":"<p>G513 GX BLUE<br \/>\nLongitud: 132 mm<br \/>\nAnchura: 445 mm<br \/>\nAltura: 35,5 mm<br \/>\nPeso (sin cable): 962 g<br \/>\nLongitud del cable: 0,3 m<br \/>\nREPOSAMANOS<br \/>\nLongitud: 88 mm<br \/>\nAnchura: 445 mm<br \/>\nAltura: 21.5 mm<br \/>\nINTERRUPTORES MEC\u00c1NICOS GX BLUE<br \/>\nDistancia de actuaci\u00f3n: 1,9 mm<br \/>\nFuerza de actuaci\u00f3n: 50 g<br \/>\nRecorrido total: 4,0 mm<br \/>\nTipo de conexi\u00f3n: USB 2.0<br \/>\nProtocolo USB: USB 2.0<br \/>\nPuertos USB (integrados): S\u00ed, 2.0<br \/>\nIndicadores luminosos (LED): 2<br \/>\nRetroiluminaci\u00f3n: S\u00ed, RGB personalizable por tecla<\/p>\n","protected":false},"excerpt":{"rendered":"<p>G513 GX BLUE Longitud: 132 mm Anchura: 445 mm Altura: 35,5 mm Peso (sin cable): 962 g Longitud del cable: 0,3 m REPOSAMANOS Longitud: 88 mm Anchura: 445 mm Altura: 21.5 mm INTERRUPTORES MEC\u00c1NICOS GX BLUE Distancia de actuaci\u00f3n: 1,9 mm Fuerza de actuaci\u00f3n: 50 g Recorrido total: 4,0 mm Tipo de conexi\u00f3n: USB 2.0 [&hellip;]<\/p>\n","protected":false},"featured_media":58599,"comment_status":"open","ping_status":"closed","template":"","meta":{"_uag_custom_page_level_css":""},"product_brand":[549],"product_cat":[125],"product_tag":[],"class_list":{"0":"post-58598","1":"product","2":"type-product","3":"status-publish","4":"has-post-thumbnail","6":"product_brand-logitech","7":"product_cat-teclados-y-mouses","9":"first","10":"outofstock","11":"sale","12":"taxable","13":"shipping-taxable","14":"purchasable","15":"product-type-simple"},"uagb_featured_image_src":{"full":["https:\/\/rms-enlinea.com.ar\/wp-content\/uploads\/2025\/11\/D_771711-MLA98550107435_112025-F.jpg",1200,688,false],"thumbnail":["https:\/\/rms-enlinea.com.ar\/wp-content\/uploads\/2025\/11\/D_771711-MLA98550107435_112025-F-150x150.jpg",150,150,true],"medium":["https:\/\/rms-enlinea.com.ar\/wp-content\/uploads\/2025\/11\/D_771711-MLA98550107435_112025-F-300x172.jpg",300,172,true],"medium_large":["https:\/\/rms-enlinea.com.ar\/wp-content\/uploads\/2025\/11\/D_771711-MLA98550107435_112025-F-768x440.jpg",768,440,true],"large":["https:\/\/rms-enlinea.com.ar\/wp-content\/uploads\/2025\/11\/D_771711-MLA98550107435_112025-F-1024x587.jpg",1024,587,true],"1536x1536":["https:\/\/rms-enlinea.com.ar\/wp-content\/uploads\/2025\/11\/D_771711-MLA98550107435_112025-F.jpg",1200,688,false],"2048x2048":["https:\/\/rms-enlinea.com.ar\/wp-content\/uploads\/2025\/11\/D_771711-MLA98550107435_112025-F.jpg",1200,688,false],"woocommerce_thumbnail":["https:\/\/rms-enlinea.com.ar\/wp-content\/uploads\/2025\/11\/D_771711-MLA98550107435_112025-F-450x450.jpg",450,450,true],"woocommerce_single":["https:\/\/rms-enlinea.com.ar\/wp-content\/uploads\/2025\/11\/D_771711-MLA98550107435_112025-F-600x344.jpg",600,344,true],"woocommerce_gallery_thumbnail":["https:\/\/rms-enlinea.com.ar\/wp-content\/uploads\/2025\/11\/D_771711-MLA98550107435_112025-F-100x100.jpg",100,100,true]},"uagb_author_info":{"display_name":"nelson","author_link":"https:\/\/rms-enlinea.com.ar\/tienda\/author\/"},"uagb_comment_info":0,"uagb_excerpt":"G513 GX BLUE Longitud: 132 mm Anchura: 445 mm Altura: 35,5 mm Peso (sin cable): 962 g Longitud del cable: 0,3 m REPOSAMANOS Longitud: 88 mm Anchura: 445 mm Altura: 21.5 mm INTERRUPTORES MEC\u00c1NICOS GX BLUE Distancia de actuaci\u00f3n: 1,9 mm Fuerza de actuaci\u00f3n: 50 g Recorrido total: 4,0 mm Tipo de conexi\u00f3n: USB 2.0&hellip;","_links":{"self":[{"href":"https:\/\/rms-enlinea.com.ar\/tienda\/wp-json\/wp\/v2\/product\/58598","targetHints":{"allow":["GET"]}}],"collection":[{"href":"https:\/\/rms-enlinea.com.ar\/tienda\/wp-json\/wp\/v2\/product"}],"about":[{"href":"https:\/\/rms-enlinea.com.ar\/tienda\/wp-json\/wp\/v2\/types\/product"}],"replies":[{"embeddable":true,"href":"https:\/\/rms-enlinea.com.ar\/tienda\/wp-json\/wp\/v2\/comments?post=58598"}],"wp:featuredmedia":[{"embeddable":true,"href":"https:\/\/rms-enlinea.com.ar\/tienda\/wp-json\/wp\/v2\/media\/58599"}],"wp:attachment":[{"href":"https:\/\/rms-enlinea.com.ar\/tienda\/wp-json\/wp\/v2\/media?parent=58598"}],"wp:term":[{"taxonomy":"product_brand","embeddable":true,"href":"https:\/\/rms-enlinea.com.ar\/tienda\/wp-json\/wp\/v2\/product_brand?post=58598"},{"taxonomy":"product_cat","embeddable":true,"href":"https:\/\/rms-enlinea.com.ar\/tienda\/wp-json\/wp\/v2\/product_cat?post=58598"},{"taxonomy":"product_tag","embeddable":true,"href":"https:\/\/rms-enlinea.com.ar\/tienda\/wp-json\/wp\/v2\/product_tag?post=58598"}],"curies":[{"name":"wp","href":"https:\/\/api.w.org\/{rel}","templated":true}]}}