{"id":58618,"date":"2025-11-16T19:30:38","date_gmt":"2025-11-16T22:30:38","guid":{"rendered":"https:\/\/rms-enlinea.com.ar\/tienda\/producto\/mouse-razer-deathadder-v3-pro-hyperpolling-wireless\/"},"modified":"2026-04-21T05:59:17","modified_gmt":"2026-04-21T08:59:17","slug":"mouse-razer-deathadder-v3-pro-hyperpolling-wireless","status":"publish","type":"product","link":"https:\/\/rms-enlinea.com.ar\/tienda\/producto\/mouse-razer-deathadder-v3-pro-hyperpolling-wireless\/","title":{"rendered":"Mouse Razer Deathadder V3 Pro + Hyperpolling Wireless"},"content":{"rendered":"<p>RUEDA DE DESPLAZAMIENTO INCLINABLE\tNo<br \/>DISE\u00d1O\tDiestros<br \/>ACELERACI\u00d3N M\u00c1XIMA\t70<br \/>ILUMINACI\u00d3N RGB\tNo<br \/>SENSIBILIDAD M\u00c1XIMA\t30 000<br \/>PESO APROXIMADO\t63 g y 64 g<br \/>DURACI\u00d3N DE LA BATER\u00cdA\tHasta 90 horas (movimiento constante a 1000 Hz)<br \/> \tHasta 24 horas (movimiento constante a 4000 Hz) con el dongle inal\u00e1mbrico HyperPolling (se vende por separado)<br \/>VELOCIDAD M\u00c1XIMA\t750<br \/>CICLO DE VIDA DEL SWITCH\t90 millones de clics<br \/>BOTONES PROGRAMABLES\t5<\/p>\n","protected":false},"excerpt":{"rendered":"<p>RUEDA DE DESPLAZAMIENTO INCLINABLE NoDISE\u00d1O DiestrosACELERACI\u00d3N M\u00c1XIMA 70ILUMINACI\u00d3N RGB NoSENSIBILIDAD M\u00c1XIMA 30 000PESO APROXIMADO 63 g y 64 gDURACI\u00d3N DE LA BATER\u00cdA Hasta 90 horas (movimiento constante a 1000 Hz) Hasta 24 horas (movimiento constante a 4000 Hz) con el dongle inal\u00e1mbrico HyperPolling (se vende por separado)VELOCIDAD M\u00c1XIMA 750CICLO DE VIDA DEL SWITCH 90 millones [&hellip;]<\/p>\n","protected":false},"featured_media":58619,"comment_status":"open","ping_status":"closed","template":"","meta":{"_uag_custom_page_level_css":""},"product_brand":[559],"product_cat":[125],"product_tag":[],"class_list":{"0":"post-58618","1":"product","2":"type-product","3":"status-publish","4":"has-post-thumbnail","6":"product_brand-razer","7":"product_cat-teclados-y-mouses","9":"first","10":"outofstock","11":"sale","12":"taxable","13":"shipping-taxable","14":"purchasable","15":"product-type-simple"},"uagb_featured_image_src":{"full":["https:\/\/rms-enlinea.com.ar\/wp-content\/uploads\/2025\/11\/D_716500-MLA98080957840_112025-F.jpg",926,1200,false],"thumbnail":["https:\/\/rms-enlinea.com.ar\/wp-content\/uploads\/2025\/11\/D_716500-MLA98080957840_112025-F-150x150.jpg",150,150,true],"medium":["https:\/\/rms-enlinea.com.ar\/wp-content\/uploads\/2025\/11\/D_716500-MLA98080957840_112025-F-232x300.jpg",232,300,true],"medium_large":["https:\/\/rms-enlinea.com.ar\/wp-content\/uploads\/2025\/11\/D_716500-MLA98080957840_112025-F-768x995.jpg",768,995,true],"large":["https:\/\/rms-enlinea.com.ar\/wp-content\/uploads\/2025\/11\/D_716500-MLA98080957840_112025-F-790x1024.jpg",790,1024,true],"1536x1536":["https:\/\/rms-enlinea.com.ar\/wp-content\/uploads\/2025\/11\/D_716500-MLA98080957840_112025-F.jpg",926,1200,false],"2048x2048":["https:\/\/rms-enlinea.com.ar\/wp-content\/uploads\/2025\/11\/D_716500-MLA98080957840_112025-F.jpg",926,1200,false],"woocommerce_thumbnail":["https:\/\/rms-enlinea.com.ar\/wp-content\/uploads\/2025\/11\/D_716500-MLA98080957840_112025-F-450x450.jpg",450,450,true],"woocommerce_single":["https:\/\/rms-enlinea.com.ar\/wp-content\/uploads\/2025\/11\/D_716500-MLA98080957840_112025-F-600x778.jpg",600,778,true],"woocommerce_gallery_thumbnail":["https:\/\/rms-enlinea.com.ar\/wp-content\/uploads\/2025\/11\/D_716500-MLA98080957840_112025-F-100x100.jpg",100,100,true]},"uagb_author_info":{"display_name":"nelson","author_link":"https:\/\/rms-enlinea.com.ar\/tienda\/author\/"},"uagb_comment_info":0,"uagb_excerpt":"RUEDA DE DESPLAZAMIENTO INCLINABLE NoDISE\u00d1O DiestrosACELERACI\u00d3N M\u00c1XIMA 70ILUMINACI\u00d3N RGB NoSENSIBILIDAD M\u00c1XIMA 30 000PESO APROXIMADO 63 g y 64 gDURACI\u00d3N DE LA BATER\u00cdA Hasta 90 horas (movimiento constante a 1000 Hz) Hasta 24 horas (movimiento constante a 4000 Hz) con el dongle inal\u00e1mbrico HyperPolling (se vende por separado)VELOCIDAD M\u00c1XIMA 750CICLO DE VIDA DEL SWITCH 90 millones&hellip;","_links":{"self":[{"href":"https:\/\/rms-enlinea.com.ar\/tienda\/wp-json\/wp\/v2\/product\/58618","targetHints":{"allow":["GET"]}}],"collection":[{"href":"https:\/\/rms-enlinea.com.ar\/tienda\/wp-json\/wp\/v2\/product"}],"about":[{"href":"https:\/\/rms-enlinea.com.ar\/tienda\/wp-json\/wp\/v2\/types\/product"}],"replies":[{"embeddable":true,"href":"https:\/\/rms-enlinea.com.ar\/tienda\/wp-json\/wp\/v2\/comments?post=58618"}],"wp:featuredmedia":[{"embeddable":true,"href":"https:\/\/rms-enlinea.com.ar\/tienda\/wp-json\/wp\/v2\/media\/58619"}],"wp:attachment":[{"href":"https:\/\/rms-enlinea.com.ar\/tienda\/wp-json\/wp\/v2\/media?parent=58618"}],"wp:term":[{"taxonomy":"product_brand","embeddable":true,"href":"https:\/\/rms-enlinea.com.ar\/tienda\/wp-json\/wp\/v2\/product_brand?post=58618"},{"taxonomy":"product_cat","embeddable":true,"href":"https:\/\/rms-enlinea.com.ar\/tienda\/wp-json\/wp\/v2\/product_cat?post=58618"},{"taxonomy":"product_tag","embeddable":true,"href":"https:\/\/rms-enlinea.com.ar\/tienda\/wp-json\/wp\/v2\/product_tag?post=58618"}],"curies":[{"name":"wp","href":"https:\/\/api.w.org\/{rel}","templated":true}]}}