{"id":58638,"date":"2025-11-16T22:10:42","date_gmt":"2025-11-17T01:10:42","guid":{"rendered":"https:\/\/rms-enlinea.com.ar\/tienda\/producto\/teclado-razer-huntsman-v3-pro-tkl-analog-switch-optical-us\/"},"modified":"2026-04-06T14:28:27","modified_gmt":"2026-04-06T17:28:27","slug":"teclado-razer-huntsman-v3-pro-tkl-analog-switch-optical-us","status":"publish","type":"product","link":"https:\/\/rms-enlinea.com.ar\/tienda\/producto\/teclado-razer-huntsman-v3-pro-tkl-analog-switch-optical-us\/","title":{"rendered":"Teclado Razer Huntsman V3 Pro Tkl Analog Switch Optical Us"},"content":{"rendered":"<p>Tipo de interruptor Interruptor \u00f3ptico anal\u00f3gico Razer Gen-2<br \/>\nTeclado num\u00e9rico No<br \/>\nIluminaci\u00f3n Razer Chroma RGB<br \/>\nReposamu\u00f1ecas S\u00ed, reposamu\u00f1ecas de cuero sint\u00e9tico firme y magn\u00e9tico<br \/>\nMemoria integrada Almacenamiento h\u00edbrido integrado para hasta 6 perfiles<br \/>\nTeclas multimedia Dial multifunci\u00f3n con 3 botones dedicados<br \/>\nConectividad Cable tipo C desmontable<br \/>\nTeclas Teclas PBT de doble inyecci\u00f3n<\/p>\n","protected":false},"excerpt":{"rendered":"<p>Tipo de interruptor Interruptor \u00f3ptico anal\u00f3gico Razer Gen-2 Teclado num\u00e9rico No Iluminaci\u00f3n Razer Chroma RGB Reposamu\u00f1ecas S\u00ed, reposamu\u00f1ecas de cuero sint\u00e9tico firme y magn\u00e9tico Memoria integrada Almacenamiento h\u00edbrido integrado para hasta 6 perfiles Teclas multimedia Dial multifunci\u00f3n con 3 botones dedicados Conectividad Cable tipo C desmontable Teclas Teclas PBT de doble inyecci\u00f3n<\/p>\n","protected":false},"featured_media":58639,"comment_status":"open","ping_status":"closed","template":"","meta":{"_uag_custom_page_level_css":""},"product_brand":[559],"product_cat":[125],"product_tag":[],"class_list":{"0":"post-58638","1":"product","2":"type-product","3":"status-publish","4":"has-post-thumbnail","6":"product_brand-razer","7":"product_cat-teclados-y-mouses","9":"first","10":"outofstock","11":"sale","12":"taxable","13":"shipping-taxable","14":"purchasable","15":"product-type-simple"},"uagb_featured_image_src":{"full":["https:\/\/rms-enlinea.com.ar\/wp-content\/uploads\/2025\/11\/D_965657-MLA98084692820_112025-F.jpg",1200,1020,false],"thumbnail":["https:\/\/rms-enlinea.com.ar\/wp-content\/uploads\/2025\/11\/D_965657-MLA98084692820_112025-F-150x150.jpg",150,150,true],"medium":["https:\/\/rms-enlinea.com.ar\/wp-content\/uploads\/2025\/11\/D_965657-MLA98084692820_112025-F-300x255.jpg",300,255,true],"medium_large":["https:\/\/rms-enlinea.com.ar\/wp-content\/uploads\/2025\/11\/D_965657-MLA98084692820_112025-F-768x653.jpg",768,653,true],"large":["https:\/\/rms-enlinea.com.ar\/wp-content\/uploads\/2025\/11\/D_965657-MLA98084692820_112025-F-1024x870.jpg",1024,870,true],"1536x1536":["https:\/\/rms-enlinea.com.ar\/wp-content\/uploads\/2025\/11\/D_965657-MLA98084692820_112025-F.jpg",1200,1020,false],"2048x2048":["https:\/\/rms-enlinea.com.ar\/wp-content\/uploads\/2025\/11\/D_965657-MLA98084692820_112025-F.jpg",1200,1020,false],"woocommerce_thumbnail":["https:\/\/rms-enlinea.com.ar\/wp-content\/uploads\/2025\/11\/D_965657-MLA98084692820_112025-F-450x450.jpg",450,450,true],"woocommerce_single":["https:\/\/rms-enlinea.com.ar\/wp-content\/uploads\/2025\/11\/D_965657-MLA98084692820_112025-F-600x510.jpg",600,510,true],"woocommerce_gallery_thumbnail":["https:\/\/rms-enlinea.com.ar\/wp-content\/uploads\/2025\/11\/D_965657-MLA98084692820_112025-F-100x100.jpg",100,100,true]},"uagb_author_info":{"display_name":"nelson","author_link":"https:\/\/rms-enlinea.com.ar\/tienda\/author\/"},"uagb_comment_info":0,"uagb_excerpt":"Tipo de interruptor Interruptor \u00f3ptico anal\u00f3gico Razer Gen-2 Teclado num\u00e9rico No Iluminaci\u00f3n Razer Chroma RGB Reposamu\u00f1ecas S\u00ed, reposamu\u00f1ecas de cuero sint\u00e9tico firme y magn\u00e9tico Memoria integrada Almacenamiento h\u00edbrido integrado para hasta 6 perfiles Teclas multimedia Dial multifunci\u00f3n con 3 botones dedicados Conectividad Cable tipo C desmontable Teclas Teclas PBT de doble inyecci\u00f3n","_links":{"self":[{"href":"https:\/\/rms-enlinea.com.ar\/tienda\/wp-json\/wp\/v2\/product\/58638","targetHints":{"allow":["GET"]}}],"collection":[{"href":"https:\/\/rms-enlinea.com.ar\/tienda\/wp-json\/wp\/v2\/product"}],"about":[{"href":"https:\/\/rms-enlinea.com.ar\/tienda\/wp-json\/wp\/v2\/types\/product"}],"replies":[{"embeddable":true,"href":"https:\/\/rms-enlinea.com.ar\/tienda\/wp-json\/wp\/v2\/comments?post=58638"}],"wp:featuredmedia":[{"embeddable":true,"href":"https:\/\/rms-enlinea.com.ar\/tienda\/wp-json\/wp\/v2\/media\/58639"}],"wp:attachment":[{"href":"https:\/\/rms-enlinea.com.ar\/tienda\/wp-json\/wp\/v2\/media?parent=58638"}],"wp:term":[{"taxonomy":"product_brand","embeddable":true,"href":"https:\/\/rms-enlinea.com.ar\/tienda\/wp-json\/wp\/v2\/product_brand?post=58638"},{"taxonomy":"product_cat","embeddable":true,"href":"https:\/\/rms-enlinea.com.ar\/tienda\/wp-json\/wp\/v2\/product_cat?post=58638"},{"taxonomy":"product_tag","embeddable":true,"href":"https:\/\/rms-enlinea.com.ar\/tienda\/wp-json\/wp\/v2\/product_tag?post=58638"}],"curies":[{"name":"wp","href":"https:\/\/api.w.org\/{rel}","templated":true}]}}