{"id":58647,"date":"2025-11-17T03:10:41","date_gmt":"2025-11-17T06:10:41","guid":{"rendered":"https:\/\/rms-enlinea.com.ar\/tienda\/producto\/amplificador-digital-2-x-600w-8-ohms-ampro-tecshow-tex-1800\/"},"modified":"2026-04-06T11:38:12","modified_gmt":"2026-04-06T14:38:12","slug":"amplificador-digital-2-x-600w-8-ohms-ampro-tecshow-tex-1800","status":"publish","type":"product","link":"https:\/\/rms-enlinea.com.ar\/tienda\/producto\/amplificador-digital-2-x-600w-8-ohms-ampro-tecshow-tex-1800\/","title":{"rendered":"Amplificador Digital 2 X 600w 8 Ohms Ampro Tecshow Tex-1800"},"content":{"rendered":"<p>AMPLIFICADOR PROFESIONAL &#8211; 2 X 900W @ 4-OHMS<br \/>TEX-1800 ES UNA AMPLIFICADOR DE CLASE D CON UNA POTENCIA DE SALIDA DE 2 X 600W @ 8-OHM Y 2 X 900W @ 4-OHM. LA NUEVA SERIE TEX DE TECSHOW EST\u00c1 DESTINADA A CUBRIR LAS NECESIDADES DEL MERCADO MASIVO, BRINDANDO UNA EXCELENTE RELACI\u00d3N PESO\/POTENCIA. UN MUY EFICIENTE SISTEMA DE REFRIGERACI\u00d3N, SELECTOR DE MODO EST\u00c9REO\/PARALELO, CONECTORES XLR DE SE\u00d1AL Y NL4 DE SALIDA PARA ALTAVOCES, Y UN AMPLIO ABANICO DE PROTECCIONES SON ALGUNAS DE SUS CARACTER\u00cdSTICAS M\u00c1S SALIENTES. LIVIANAS, CONFIABLES Y EFICIENTES, LAS ETAPAS DE LA SERIE TEX SON IDEALES TANTO PARA INSTALACIONES FIJAS COMO PARA DJ M\u00d3VILES.<br \/>FICHA<br \/>TECNICA<br \/>POTENCIA DE SALIDA<br \/>EST\u00c9REO @ 8-OHM: 2 X 600W<br \/>EST\u00c9REO @ 4-OHM: 2 X 900W<\/p>\n<p>RENDIMIENTO<br \/>AMPLIFICACI\u00d3N: CLASE D<br \/>IMPEDANCIA DE ENTRADA: 20KOHM BALANCEADO A TIERRA<br \/>RESPUESTA DE FRECUENCIA: 20HZ~20KHZ<br \/>THD: &lt;0.10%, 20HZ-20KHZ (8 OHMS)<br \/>SLEW RATE: 40V\/US<br \/>RELACI\u00d3N SE\u00d1AL A RUIDO: &gt;103DB<br \/>FACTOR DE AMORTIGUAMIENTO (1KHZ@8OHM): &gt;400:1<br \/>PROTECCIONES: CORTO CIRCUITO, SOBRECARGA, ARRANQUE SUAVE &amp; TESTEO BOOT-STRAP<\/p>\n<p>CONECTORES &amp; CONTROLES DE PANEL POSTERIOR<br \/>2 XLR-3 HEMBRAS BALANCEADOS<br \/>2 SALIDAS DE ALTAVOZ NL4<br \/>DIP SWITCH PARA SELECCI\u00d3N DE MODO EST\u00c9REO O PARALELO<\/p>\n<p>F\u00cdSICO<br \/>UNIDADES DE RACK: 1.5<br \/>ENFRIAMIENTO: 1 VENTILADOR CON VELOCIDAD VARIABLE<br \/>DIMENSIONES: 480X215X64 MM. \/ 19X8,5X2,5 PULG.<br \/>PESO: 2,6 KG. \/ 5,7 LBS.<\/p>\n","protected":false},"excerpt":{"rendered":"<p>AMPLIFICADOR PROFESIONAL &#8211; 2 X 900W @ 4-OHMSTEX-1800 ES UNA AMPLIFICADOR DE CLASE D CON UNA POTENCIA DE SALIDA DE 2 X 600W @ 8-OHM Y 2 X 900W @ 4-OHM. LA NUEVA SERIE TEX DE TECSHOW EST\u00c1 DESTINADA A CUBRIR LAS NECESIDADES DEL MERCADO MASIVO, BRINDANDO UNA EXCELENTE RELACI\u00d3N PESO\/POTENCIA. UN MUY EFICIENTE SISTEMA [&hellip;]<\/p>\n","protected":false},"featured_media":58648,"comment_status":"open","ping_status":"closed","template":"","meta":{"_uag_custom_page_level_css":""},"product_brand":[477],"product_cat":[53,15],"product_tag":[],"class_list":{"0":"post-58647","1":"product","2":"type-product","3":"status-publish","4":"has-post-thumbnail","6":"product_brand-ampro","7":"product_cat-amplificadores-potencias","8":"product_cat-sin-categorizar","10":"first","11":"instock","12":"sale","13":"taxable","14":"shipping-taxable","15":"purchasable","16":"product-type-simple"},"uagb_featured_image_src":{"full":["https:\/\/rms-enlinea.com.ar\/wp-content\/uploads\/2025\/11\/D_736882-MLA98575137163_112025-F.jpg",1185,180,false],"thumbnail":["https:\/\/rms-enlinea.com.ar\/wp-content\/uploads\/2025\/11\/D_736882-MLA98575137163_112025-F-150x150.jpg",150,150,true],"medium":["https:\/\/rms-enlinea.com.ar\/wp-content\/uploads\/2025\/11\/D_736882-MLA98575137163_112025-F-300x46.jpg",300,46,true],"medium_large":["https:\/\/rms-enlinea.com.ar\/wp-content\/uploads\/2025\/11\/D_736882-MLA98575137163_112025-F-768x117.jpg",768,117,true],"large":["https:\/\/rms-enlinea.com.ar\/wp-content\/uploads\/2025\/11\/D_736882-MLA98575137163_112025-F-1024x156.jpg",1024,156,true],"1536x1536":["https:\/\/rms-enlinea.com.ar\/wp-content\/uploads\/2025\/11\/D_736882-MLA98575137163_112025-F.jpg",1185,180,false],"2048x2048":["https:\/\/rms-enlinea.com.ar\/wp-content\/uploads\/2025\/11\/D_736882-MLA98575137163_112025-F.jpg",1185,180,false],"woocommerce_thumbnail":["https:\/\/rms-enlinea.com.ar\/wp-content\/uploads\/2025\/11\/D_736882-MLA98575137163_112025-F-450x180.jpg",450,180,true],"woocommerce_single":["https:\/\/rms-enlinea.com.ar\/wp-content\/uploads\/2025\/11\/D_736882-MLA98575137163_112025-F-600x91.jpg",600,91,true],"woocommerce_gallery_thumbnail":["https:\/\/rms-enlinea.com.ar\/wp-content\/uploads\/2025\/11\/D_736882-MLA98575137163_112025-F-100x100.jpg",100,100,true]},"uagb_author_info":{"display_name":"nelson","author_link":"https:\/\/rms-enlinea.com.ar\/tienda\/author\/"},"uagb_comment_info":0,"uagb_excerpt":"AMPLIFICADOR PROFESIONAL &#8211; 2 X 900W @ 4-OHMSTEX-1800 ES UNA AMPLIFICADOR DE CLASE D CON UNA POTENCIA DE SALIDA DE 2 X 600W @ 8-OHM Y 2 X 900W @ 4-OHM. LA NUEVA SERIE TEX DE TECSHOW EST\u00c1 DESTINADA A CUBRIR LAS NECESIDADES DEL MERCADO MASIVO, BRINDANDO UNA EXCELENTE RELACI\u00d3N PESO\/POTENCIA. UN MUY EFICIENTE SISTEMA&hellip;","_links":{"self":[{"href":"https:\/\/rms-enlinea.com.ar\/tienda\/wp-json\/wp\/v2\/product\/58647","targetHints":{"allow":["GET"]}}],"collection":[{"href":"https:\/\/rms-enlinea.com.ar\/tienda\/wp-json\/wp\/v2\/product"}],"about":[{"href":"https:\/\/rms-enlinea.com.ar\/tienda\/wp-json\/wp\/v2\/types\/product"}],"replies":[{"embeddable":true,"href":"https:\/\/rms-enlinea.com.ar\/tienda\/wp-json\/wp\/v2\/comments?post=58647"}],"wp:featuredmedia":[{"embeddable":true,"href":"https:\/\/rms-enlinea.com.ar\/tienda\/wp-json\/wp\/v2\/media\/58648"}],"wp:attachment":[{"href":"https:\/\/rms-enlinea.com.ar\/tienda\/wp-json\/wp\/v2\/media?parent=58647"}],"wp:term":[{"taxonomy":"product_brand","embeddable":true,"href":"https:\/\/rms-enlinea.com.ar\/tienda\/wp-json\/wp\/v2\/product_brand?post=58647"},{"taxonomy":"product_cat","embeddable":true,"href":"https:\/\/rms-enlinea.com.ar\/tienda\/wp-json\/wp\/v2\/product_cat?post=58647"},{"taxonomy":"product_tag","embeddable":true,"href":"https:\/\/rms-enlinea.com.ar\/tienda\/wp-json\/wp\/v2\/product_tag?post=58647"}],"curies":[{"name":"wp","href":"https:\/\/api.w.org\/{rel}","templated":true}]}}