{"id":58665,"date":"2025-11-18T16:40:06","date_gmt":"2025-11-18T19:40:06","guid":{"rendered":"https:\/\/rms-enlinea.com.ar\/tienda\/producto\/potencia-amplificador-digital-4x450w-4-ohms-ampro-tex-4450x\/"},"modified":"2026-03-31T16:44:32","modified_gmt":"2026-03-31T19:44:32","slug":"potencia-amplificador-digital-4x450w-4-ohms-ampro-tex-4450x","status":"publish","type":"product","link":"https:\/\/rms-enlinea.com.ar\/tienda\/producto\/potencia-amplificador-digital-4x450w-4-ohms-ampro-tex-4450x\/","title":{"rendered":"Potencia Amplificador Digital 4x450w 4 Ohms Ampro Tex-4450x"},"content":{"rendered":"<p>Potencia de salida<br \/>Est\u00e9reo 8 : 4 \u00d7 300 W <br \/>Est\u00e9reo 4 : 4 \u00d7 450 W <br \/>Puente 8 : 2 \u00d7 900 W<\/p>\n<p>Conectores Y controles de panel posterior<br \/>Entradas balanceadas: 4 \u00d7 XLR-3 hembras <br \/>Salidas link: 4 \u00d7 XLR-3 machos<br \/>Salidas de altavoz: 4 \u00d7 NL4 Speakon (1 + 1\u2013) <br \/>Selectores de modo: Stereo \/ Bridge \/ Parallel Filtro<br \/>Crossover: Integrado 100 Hz \u2013 HPF \/ OFF \/ LPF <br \/>Controles frontales: 4 potenci\u00f3metros de volumen + interruptor Power<\/p>\n","protected":false},"excerpt":{"rendered":"<p>Potencia de salidaEst\u00e9reo 8 : 4 \u00d7 300 W Est\u00e9reo 4 : 4 \u00d7 450 W Puente 8 : 2 \u00d7 900 W Conectores Y controles de panel posteriorEntradas balanceadas: 4 \u00d7 XLR-3 hembras Salidas link: 4 \u00d7 XLR-3 machosSalidas de altavoz: 4 \u00d7 NL4 Speakon (1 + 1\u2013) Selectores de modo: Stereo \/ Bridge [&hellip;]<\/p>\n","protected":false},"featured_media":58666,"comment_status":"open","ping_status":"closed","template":"","meta":{"_uag_custom_page_level_css":""},"product_brand":[477],"product_cat":[53,15],"product_tag":[],"class_list":{"0":"post-58665","1":"product","2":"type-product","3":"status-publish","4":"has-post-thumbnail","6":"product_brand-ampro","7":"product_cat-amplificadores-potencias","8":"product_cat-sin-categorizar","10":"first","11":"outofstock","12":"sale","13":"taxable","14":"shipping-taxable","15":"purchasable","16":"product-type-simple"},"uagb_featured_image_src":{"full":["https:\/\/rms-enlinea.com.ar\/wp-content\/uploads\/2025\/11\/D_920712-MLA98777690085_112025-F.jpg",983,217,false],"thumbnail":["https:\/\/rms-enlinea.com.ar\/wp-content\/uploads\/2025\/11\/D_920712-MLA98777690085_112025-F-150x150.jpg",150,150,true],"medium":["https:\/\/rms-enlinea.com.ar\/wp-content\/uploads\/2025\/11\/D_920712-MLA98777690085_112025-F-300x66.jpg",300,66,true],"medium_large":["https:\/\/rms-enlinea.com.ar\/wp-content\/uploads\/2025\/11\/D_920712-MLA98777690085_112025-F-768x170.jpg",768,170,true],"large":["https:\/\/rms-enlinea.com.ar\/wp-content\/uploads\/2025\/11\/D_920712-MLA98777690085_112025-F.jpg",983,217,false],"1536x1536":["https:\/\/rms-enlinea.com.ar\/wp-content\/uploads\/2025\/11\/D_920712-MLA98777690085_112025-F.jpg",983,217,false],"2048x2048":["https:\/\/rms-enlinea.com.ar\/wp-content\/uploads\/2025\/11\/D_920712-MLA98777690085_112025-F.jpg",983,217,false],"woocommerce_thumbnail":["https:\/\/rms-enlinea.com.ar\/wp-content\/uploads\/2025\/11\/D_920712-MLA98777690085_112025-F-450x217.jpg",450,217,true],"woocommerce_single":["https:\/\/rms-enlinea.com.ar\/wp-content\/uploads\/2025\/11\/D_920712-MLA98777690085_112025-F-600x132.jpg",600,132,true],"woocommerce_gallery_thumbnail":["https:\/\/rms-enlinea.com.ar\/wp-content\/uploads\/2025\/11\/D_920712-MLA98777690085_112025-F-100x100.jpg",100,100,true]},"uagb_author_info":{"display_name":"nelson","author_link":"https:\/\/rms-enlinea.com.ar\/tienda\/author\/"},"uagb_comment_info":0,"uagb_excerpt":"Potencia de salidaEst\u00e9reo 8 : 4 \u00d7 300 W Est\u00e9reo 4 : 4 \u00d7 450 W Puente 8 : 2 \u00d7 900 W Conectores Y controles de panel posteriorEntradas balanceadas: 4 \u00d7 XLR-3 hembras Salidas link: 4 \u00d7 XLR-3 machosSalidas de altavoz: 4 \u00d7 NL4 Speakon (1 + 1\u2013) Selectores de modo: Stereo \/ Bridge&hellip;","_links":{"self":[{"href":"https:\/\/rms-enlinea.com.ar\/tienda\/wp-json\/wp\/v2\/product\/58665","targetHints":{"allow":["GET"]}}],"collection":[{"href":"https:\/\/rms-enlinea.com.ar\/tienda\/wp-json\/wp\/v2\/product"}],"about":[{"href":"https:\/\/rms-enlinea.com.ar\/tienda\/wp-json\/wp\/v2\/types\/product"}],"replies":[{"embeddable":true,"href":"https:\/\/rms-enlinea.com.ar\/tienda\/wp-json\/wp\/v2\/comments?post=58665"}],"wp:featuredmedia":[{"embeddable":true,"href":"https:\/\/rms-enlinea.com.ar\/tienda\/wp-json\/wp\/v2\/media\/58666"}],"wp:attachment":[{"href":"https:\/\/rms-enlinea.com.ar\/tienda\/wp-json\/wp\/v2\/media?parent=58665"}],"wp:term":[{"taxonomy":"product_brand","embeddable":true,"href":"https:\/\/rms-enlinea.com.ar\/tienda\/wp-json\/wp\/v2\/product_brand?post=58665"},{"taxonomy":"product_cat","embeddable":true,"href":"https:\/\/rms-enlinea.com.ar\/tienda\/wp-json\/wp\/v2\/product_cat?post=58665"},{"taxonomy":"product_tag","embeddable":true,"href":"https:\/\/rms-enlinea.com.ar\/tienda\/wp-json\/wp\/v2\/product_tag?post=58665"}],"curies":[{"name":"wp","href":"https:\/\/api.w.org\/{rel}","templated":true}]}}