{"id":58670,"date":"2025-11-18T16:50:08","date_gmt":"2025-11-18T19:50:08","guid":{"rendered":"https:\/\/rms-enlinea.com.ar\/tienda\/producto\/ficha-powercon-macho-cable-xpro-cxp-pchag\/"},"modified":"2026-04-21T06:18:32","modified_gmt":"2026-04-21T09:18:32","slug":"ficha-powercon-macho-cable-xpro-cxp-pchag","status":"publish","type":"product","link":"https:\/\/rms-enlinea.com.ar\/tienda\/producto\/ficha-powercon-macho-cable-xpro-cxp-pchag\/","title":{"rendered":"Ficha Powercon Macho Cable Xpro Cxp-pchag"},"content":{"rendered":"<p>TIPO DE PRODUCTO: CONECTOR CABLE<br \/>\nTIPO: POWER CON<br \/>\nSOPORTE DE TENSION: 250V<br \/>\nSOPORTE DE CORRIENTE: 15A<br \/>\nCANTIDAD DE CONTACTOS: 3<br \/>\nDI\u00c1METRO DEL CABLE 6 &#8211; 15 MM<br \/>\nSISTEMA DE BLOQUEO DE GIRO R\u00c1PIDO Y F\u00c1CIL<br \/>\nEXTREMADAMENTE ROBUSTO Y CONFIABLE<br \/>\nCONTACTOS NIQUELADO<br \/>\nTIPO DE CONEXI\u00d3N CONTACTOS POR TORNILLO<br \/>\nCOLOR: GRIS<br \/>\nCARCASA: PLASTICA<\/p>\n","protected":false},"excerpt":{"rendered":"<p>TIPO DE PRODUCTO: CONECTOR CABLE TIPO: POWER CON SOPORTE DE TENSION: 250V SOPORTE DE CORRIENTE: 15A CANTIDAD DE CONTACTOS: 3 DI\u00c1METRO DEL CABLE 6 &#8211; 15 MM SISTEMA DE BLOQUEO DE GIRO R\u00c1PIDO Y F\u00c1CIL EXTREMADAMENTE ROBUSTO Y CONFIABLE CONTACTOS NIQUELADO TIPO DE CONEXI\u00d3N CONTACTOS POR TORNILLO COLOR: GRIS CARCASA: PLASTICA<\/p>\n","protected":false},"featured_media":13072,"comment_status":"open","ping_status":"closed","template":"","meta":{"_uag_custom_page_level_css":""},"product_brand":[472],"product_cat":[58,15],"product_tag":[],"class_list":{"0":"post-58670","1":"product","2":"type-product","3":"status-publish","4":"has-post-thumbnail","6":"product_brand-xpro","7":"product_cat-conectores-fichas-y-adaptadores","8":"product_cat-sin-categorizar","10":"first","11":"outofstock","12":"sale","13":"taxable","14":"shipping-taxable","15":"purchasable","16":"product-type-simple"},"uagb_featured_image_src":{"full":["https:\/\/rms-enlinea.com.ar\/wp-content\/uploads\/2025\/06\/D_665739-MLA32745625086_112019-F.jpg",830,896,false],"thumbnail":["https:\/\/rms-enlinea.com.ar\/wp-content\/uploads\/2025\/06\/D_665739-MLA32745625086_112019-F-150x150.jpg",150,150,true],"medium":["https:\/\/rms-enlinea.com.ar\/wp-content\/uploads\/2025\/06\/D_665739-MLA32745625086_112019-F-278x300.jpg",278,300,true],"medium_large":["https:\/\/rms-enlinea.com.ar\/wp-content\/uploads\/2025\/06\/D_665739-MLA32745625086_112019-F-768x829.jpg",768,829,true],"large":["https:\/\/rms-enlinea.com.ar\/wp-content\/uploads\/2025\/06\/D_665739-MLA32745625086_112019-F.jpg",830,896,false],"1536x1536":["https:\/\/rms-enlinea.com.ar\/wp-content\/uploads\/2025\/06\/D_665739-MLA32745625086_112019-F.jpg",830,896,false],"2048x2048":["https:\/\/rms-enlinea.com.ar\/wp-content\/uploads\/2025\/06\/D_665739-MLA32745625086_112019-F.jpg",830,896,false],"woocommerce_thumbnail":["https:\/\/rms-enlinea.com.ar\/wp-content\/uploads\/2025\/06\/D_665739-MLA32745625086_112019-F-450x450.jpg",450,450,true],"woocommerce_single":["https:\/\/rms-enlinea.com.ar\/wp-content\/uploads\/2025\/06\/D_665739-MLA32745625086_112019-F-600x648.jpg",600,648,true],"woocommerce_gallery_thumbnail":["https:\/\/rms-enlinea.com.ar\/wp-content\/uploads\/2025\/06\/D_665739-MLA32745625086_112019-F-100x100.jpg",100,100,true]},"uagb_author_info":{"display_name":"nelson","author_link":"https:\/\/rms-enlinea.com.ar\/tienda\/author\/"},"uagb_comment_info":0,"uagb_excerpt":"TIPO DE PRODUCTO: CONECTOR CABLE TIPO: POWER CON SOPORTE DE TENSION: 250V SOPORTE DE CORRIENTE: 15A CANTIDAD DE CONTACTOS: 3 DI\u00c1METRO DEL CABLE 6 &#8211; 15 MM SISTEMA DE BLOQUEO DE GIRO R\u00c1PIDO Y F\u00c1CIL EXTREMADAMENTE ROBUSTO Y CONFIABLE CONTACTOS NIQUELADO TIPO DE CONEXI\u00d3N CONTACTOS POR TORNILLO COLOR: GRIS CARCASA: PLASTICA","_links":{"self":[{"href":"https:\/\/rms-enlinea.com.ar\/tienda\/wp-json\/wp\/v2\/product\/58670","targetHints":{"allow":["GET"]}}],"collection":[{"href":"https:\/\/rms-enlinea.com.ar\/tienda\/wp-json\/wp\/v2\/product"}],"about":[{"href":"https:\/\/rms-enlinea.com.ar\/tienda\/wp-json\/wp\/v2\/types\/product"}],"replies":[{"embeddable":true,"href":"https:\/\/rms-enlinea.com.ar\/tienda\/wp-json\/wp\/v2\/comments?post=58670"}],"wp:featuredmedia":[{"embeddable":true,"href":"https:\/\/rms-enlinea.com.ar\/tienda\/wp-json\/wp\/v2\/media\/13072"}],"wp:attachment":[{"href":"https:\/\/rms-enlinea.com.ar\/tienda\/wp-json\/wp\/v2\/media?parent=58670"}],"wp:term":[{"taxonomy":"product_brand","embeddable":true,"href":"https:\/\/rms-enlinea.com.ar\/tienda\/wp-json\/wp\/v2\/product_brand?post=58670"},{"taxonomy":"product_cat","embeddable":true,"href":"https:\/\/rms-enlinea.com.ar\/tienda\/wp-json\/wp\/v2\/product_cat?post=58670"},{"taxonomy":"product_tag","embeddable":true,"href":"https:\/\/rms-enlinea.com.ar\/tienda\/wp-json\/wp\/v2\/product_tag?post=58670"}],"curies":[{"name":"wp","href":"https:\/\/api.w.org\/{rel}","templated":true}]}}