{"id":58682,"date":"2025-11-18T18:10:25","date_gmt":"2025-11-18T21:10:25","guid":{"rendered":"https:\/\/rms-enlinea.com.ar\/tienda\/producto\/potencia-amplificador-digital-8x450w-4-ohms-ampro-tex-8450x\/"},"modified":"2026-04-06T12:33:42","modified_gmt":"2026-04-06T15:33:42","slug":"potencia-amplificador-digital-8x450w-4-ohms-ampro-tex-8450x","status":"publish","type":"product","link":"https:\/\/rms-enlinea.com.ar\/tienda\/producto\/potencia-amplificador-digital-8x450w-4-ohms-ampro-tex-8450x\/","title":{"rendered":"Potencia Amplificador Digital 8x450w 4 Ohms Ampro Tex-8450x"},"content":{"rendered":"<p>Potencia de salida<br \/>Est\u00e9reo 8 : 8 \u00d7 300 W<br \/>Est\u00e9reo 4 : 8 \u00d7 450 W <br \/>Puente 8 : 4 \u00d7 900 W<\/p>\n<p>Rendimiento<br \/>Amplificaci\u00f3n: Clase D <br \/>Impedancia de entrada: 20 k <br \/>Respuesta de frecuencia: 20 Hz 20 kHz <br \/>THD (20 Hz\u201320 kHz 8 ): &lt; 0.1 %<br \/>Relaci\u00f3n se\u00f1al\/ruido: 103 dB <br \/>Factor de amortiguamiento (1 kHz 8 ): + 400 Refrigeraci\u00f3n: Doble ventilador autom\u00e1tico High Low Protecciones: DC protection, overload, soft start, short circuit protection<\/p>\n","protected":false},"excerpt":{"rendered":"<p>Potencia de salidaEst\u00e9reo 8 : 8 \u00d7 300 WEst\u00e9reo 4 : 8 \u00d7 450 W Puente 8 : 4 \u00d7 900 W RendimientoAmplificaci\u00f3n: Clase D Impedancia de entrada: 20 k Respuesta de frecuencia: 20 Hz 20 kHz THD (20 Hz\u201320 kHz 8 ): &lt; 0.1 %Relaci\u00f3n se\u00f1al\/ruido: 103 dB Factor de amortiguamiento (1 kHz 8 [&hellip;]<\/p>\n","protected":false},"featured_media":58683,"comment_status":"open","ping_status":"closed","template":"","meta":{"_uag_custom_page_level_css":""},"product_brand":[477],"product_cat":[53,15],"product_tag":[],"class_list":{"0":"post-58682","1":"product","2":"type-product","3":"status-publish","4":"has-post-thumbnail","6":"product_brand-ampro","7":"product_cat-amplificadores-potencias","8":"product_cat-sin-categorizar","10":"first","11":"instock","12":"sale","13":"taxable","14":"shipping-taxable","15":"purchasable","16":"product-type-simple"},"uagb_featured_image_src":{"full":["https:\/\/rms-enlinea.com.ar\/wp-content\/uploads\/2025\/11\/D_852546-MLA98781105173_112025-F.jpg",1027,177,false],"thumbnail":["https:\/\/rms-enlinea.com.ar\/wp-content\/uploads\/2025\/11\/D_852546-MLA98781105173_112025-F-150x150.jpg",150,150,true],"medium":["https:\/\/rms-enlinea.com.ar\/wp-content\/uploads\/2025\/11\/D_852546-MLA98781105173_112025-F-300x52.jpg",300,52,true],"medium_large":["https:\/\/rms-enlinea.com.ar\/wp-content\/uploads\/2025\/11\/D_852546-MLA98781105173_112025-F-768x132.jpg",768,132,true],"large":["https:\/\/rms-enlinea.com.ar\/wp-content\/uploads\/2025\/11\/D_852546-MLA98781105173_112025-F-1024x176.jpg",1024,176,true],"1536x1536":["https:\/\/rms-enlinea.com.ar\/wp-content\/uploads\/2025\/11\/D_852546-MLA98781105173_112025-F.jpg",1027,177,false],"2048x2048":["https:\/\/rms-enlinea.com.ar\/wp-content\/uploads\/2025\/11\/D_852546-MLA98781105173_112025-F.jpg",1027,177,false],"woocommerce_thumbnail":["https:\/\/rms-enlinea.com.ar\/wp-content\/uploads\/2025\/11\/D_852546-MLA98781105173_112025-F-450x177.jpg",450,177,true],"woocommerce_single":["https:\/\/rms-enlinea.com.ar\/wp-content\/uploads\/2025\/11\/D_852546-MLA98781105173_112025-F-600x103.jpg",600,103,true],"woocommerce_gallery_thumbnail":["https:\/\/rms-enlinea.com.ar\/wp-content\/uploads\/2025\/11\/D_852546-MLA98781105173_112025-F-100x100.jpg",100,100,true]},"uagb_author_info":{"display_name":"nelson","author_link":"https:\/\/rms-enlinea.com.ar\/tienda\/author\/"},"uagb_comment_info":0,"uagb_excerpt":"Potencia de salidaEst\u00e9reo 8 : 8 \u00d7 300 WEst\u00e9reo 4 : 8 \u00d7 450 W Puente 8 : 4 \u00d7 900 W RendimientoAmplificaci\u00f3n: Clase D Impedancia de entrada: 20 k Respuesta de frecuencia: 20 Hz 20 kHz THD (20 Hz\u201320 kHz 8 ): &lt; 0.1 %Relaci\u00f3n se\u00f1al\/ruido: 103 dB Factor de amortiguamiento (1 kHz 8&hellip;","_links":{"self":[{"href":"https:\/\/rms-enlinea.com.ar\/tienda\/wp-json\/wp\/v2\/product\/58682","targetHints":{"allow":["GET"]}}],"collection":[{"href":"https:\/\/rms-enlinea.com.ar\/tienda\/wp-json\/wp\/v2\/product"}],"about":[{"href":"https:\/\/rms-enlinea.com.ar\/tienda\/wp-json\/wp\/v2\/types\/product"}],"replies":[{"embeddable":true,"href":"https:\/\/rms-enlinea.com.ar\/tienda\/wp-json\/wp\/v2\/comments?post=58682"}],"wp:featuredmedia":[{"embeddable":true,"href":"https:\/\/rms-enlinea.com.ar\/tienda\/wp-json\/wp\/v2\/media\/58683"}],"wp:attachment":[{"href":"https:\/\/rms-enlinea.com.ar\/tienda\/wp-json\/wp\/v2\/media?parent=58682"}],"wp:term":[{"taxonomy":"product_brand","embeddable":true,"href":"https:\/\/rms-enlinea.com.ar\/tienda\/wp-json\/wp\/v2\/product_brand?post=58682"},{"taxonomy":"product_cat","embeddable":true,"href":"https:\/\/rms-enlinea.com.ar\/tienda\/wp-json\/wp\/v2\/product_cat?post=58682"},{"taxonomy":"product_tag","embeddable":true,"href":"https:\/\/rms-enlinea.com.ar\/tienda\/wp-json\/wp\/v2\/product_tag?post=58682"}],"curies":[{"name":"wp","href":"https:\/\/api.w.org\/{rel}","templated":true}]}}