{"id":58693,"date":"2025-11-18T23:12:08","date_gmt":"2025-11-19T02:12:08","guid":{"rendered":"https:\/\/rms-enlinea.com.ar\/tienda\/producto\/par-led-tacho-12-x-3-w-rgb-dmx-e-lighting-ld-flat-612\/"},"modified":"2026-03-31T20:49:18","modified_gmt":"2026-03-31T23:49:18","slug":"par-led-tacho-12-x-3-w-rgb-dmx-e-lighting-ld-flat-612","status":"publish","type":"product","link":"https:\/\/rms-enlinea.com.ar\/tienda\/producto\/par-led-tacho-12-x-3-w-rgb-dmx-e-lighting-ld-flat-612\/","title":{"rendered":"Par Led Tacho 12 X 3 W Rgb Dmx E-lighting Ld-flat\/123"},"content":{"rendered":"<p>Spots de alta definici\u00f3n.<br \/>12 Leds 3 en 1 de alta potencia con mezcla de colores RGB.<br \/>Gama de colores completa con infinitas combinaciones.<br \/>Control v\u00eda DMX.<br \/>Gabinete de Pl\u00e1stico Inyectado de alta durabilidad.<br \/>Ideales para DJ M\u00f3viles, Discotecas, Salones de eventos, etc.<\/p>\n","protected":false},"excerpt":{"rendered":"<p>Spots de alta definici\u00f3n.12 Leds 3 en 1 de alta potencia con mezcla de colores RGB.Gama de colores completa con infinitas combinaciones.Control v\u00eda DMX.Gabinete de Pl\u00e1stico Inyectado de alta durabilidad.Ideales para DJ M\u00f3viles, Discotecas, Salones de eventos, etc.<\/p>\n","protected":false},"featured_media":58694,"comment_status":"open","ping_status":"closed","template":"","meta":{"_uag_custom_page_level_css":""},"product_brand":[503],"product_cat":[15,97],"product_tag":[],"class_list":{"0":"post-58693","1":"product","2":"type-product","3":"status-publish","4":"has-post-thumbnail","6":"product_brand-elighting","7":"product_cat-sin-categorizar","8":"product_cat-wash-y-par","10":"first","11":"outofstock","12":"sale","13":"taxable","14":"shipping-taxable","15":"purchasable","16":"product-type-simple"},"uagb_featured_image_src":{"full":["https:\/\/rms-enlinea.com.ar\/wp-content\/uploads\/2025\/11\/D_718550-MLA98788520949_112025-F.jpg",760,915,false],"thumbnail":["https:\/\/rms-enlinea.com.ar\/wp-content\/uploads\/2025\/11\/D_718550-MLA98788520949_112025-F-150x150.jpg",150,150,true],"medium":["https:\/\/rms-enlinea.com.ar\/wp-content\/uploads\/2025\/11\/D_718550-MLA98788520949_112025-F-249x300.jpg",249,300,true],"medium_large":["https:\/\/rms-enlinea.com.ar\/wp-content\/uploads\/2025\/11\/D_718550-MLA98788520949_112025-F.jpg",760,915,false],"large":["https:\/\/rms-enlinea.com.ar\/wp-content\/uploads\/2025\/11\/D_718550-MLA98788520949_112025-F.jpg",760,915,false],"1536x1536":["https:\/\/rms-enlinea.com.ar\/wp-content\/uploads\/2025\/11\/D_718550-MLA98788520949_112025-F.jpg",760,915,false],"2048x2048":["https:\/\/rms-enlinea.com.ar\/wp-content\/uploads\/2025\/11\/D_718550-MLA98788520949_112025-F.jpg",760,915,false],"woocommerce_thumbnail":["https:\/\/rms-enlinea.com.ar\/wp-content\/uploads\/2025\/11\/D_718550-MLA98788520949_112025-F-450x450.jpg",450,450,true],"woocommerce_single":["https:\/\/rms-enlinea.com.ar\/wp-content\/uploads\/2025\/11\/D_718550-MLA98788520949_112025-F-600x722.jpg",600,722,true],"woocommerce_gallery_thumbnail":["https:\/\/rms-enlinea.com.ar\/wp-content\/uploads\/2025\/11\/D_718550-MLA98788520949_112025-F-100x100.jpg",100,100,true]},"uagb_author_info":{"display_name":"nelson","author_link":"https:\/\/rms-enlinea.com.ar\/tienda\/author\/"},"uagb_comment_info":0,"uagb_excerpt":"Spots de alta definici\u00f3n.12 Leds 3 en 1 de alta potencia con mezcla de colores RGB.Gama de colores completa con infinitas combinaciones.Control v\u00eda DMX.Gabinete de Pl\u00e1stico Inyectado de alta durabilidad.Ideales para DJ M\u00f3viles, Discotecas, Salones de eventos, etc.","_links":{"self":[{"href":"https:\/\/rms-enlinea.com.ar\/tienda\/wp-json\/wp\/v2\/product\/58693","targetHints":{"allow":["GET"]}}],"collection":[{"href":"https:\/\/rms-enlinea.com.ar\/tienda\/wp-json\/wp\/v2\/product"}],"about":[{"href":"https:\/\/rms-enlinea.com.ar\/tienda\/wp-json\/wp\/v2\/types\/product"}],"replies":[{"embeddable":true,"href":"https:\/\/rms-enlinea.com.ar\/tienda\/wp-json\/wp\/v2\/comments?post=58693"}],"wp:featuredmedia":[{"embeddable":true,"href":"https:\/\/rms-enlinea.com.ar\/tienda\/wp-json\/wp\/v2\/media\/58694"}],"wp:attachment":[{"href":"https:\/\/rms-enlinea.com.ar\/tienda\/wp-json\/wp\/v2\/media?parent=58693"}],"wp:term":[{"taxonomy":"product_brand","embeddable":true,"href":"https:\/\/rms-enlinea.com.ar\/tienda\/wp-json\/wp\/v2\/product_brand?post=58693"},{"taxonomy":"product_cat","embeddable":true,"href":"https:\/\/rms-enlinea.com.ar\/tienda\/wp-json\/wp\/v2\/product_cat?post=58693"},{"taxonomy":"product_tag","embeddable":true,"href":"https:\/\/rms-enlinea.com.ar\/tienda\/wp-json\/wp\/v2\/product_tag?post=58693"}],"curies":[{"name":"wp","href":"https:\/\/api.w.org\/{rel}","templated":true}]}}