{"id":58701,"date":"2025-11-18T23:22:17","date_gmt":"2025-11-19T02:22:17","guid":{"rendered":"https:\/\/rms-enlinea.com.ar\/tienda\/producto\/par-led-tacho-54-x-3-w-rgb-dmx-e-lighting-ld-flat-543n\/"},"modified":"2026-03-31T19:01:53","modified_gmt":"2026-03-31T22:01:53","slug":"par-led-tacho-54-x-3-w-rgb-dmx-e-lighting-ld-flat-543n","status":"publish","type":"product","link":"https:\/\/rms-enlinea.com.ar\/tienda\/producto\/par-led-tacho-54-x-3-w-rgb-dmx-e-lighting-ld-flat-543n\/","title":{"rendered":"Par Led Tacho 54 X 3 W Rgb Dmx E-lighting Ld-flat\/543n"},"content":{"rendered":"<p>Spots de alta definici\u00f3n.<br \/>54 Leds de 3W 3 en 1 de alta potencia con mezcla de colores RGB.<br \/>Gama de colores completa con infinitas combinaciones.<br \/>Control v\u00eda DMX.<br \/>Gabinete de Pl\u00e1stico Inyectado de alta durabilidad.<br \/>Ideales para DJ M\u00f3viles, Discotecas, Salones de eventos, etc.<\/p>\n","protected":false},"excerpt":{"rendered":"<p>Spots de alta definici\u00f3n.54 Leds de 3W 3 en 1 de alta potencia con mezcla de colores RGB.Gama de colores completa con infinitas combinaciones.Control v\u00eda DMX.Gabinete de Pl\u00e1stico Inyectado de alta durabilidad.Ideales para DJ M\u00f3viles, Discotecas, Salones de eventos, etc.<\/p>\n","protected":false},"featured_media":58702,"comment_status":"open","ping_status":"closed","template":"","meta":{"_uag_custom_page_level_css":""},"product_brand":[503],"product_cat":[15,97],"product_tag":[],"class_list":{"0":"post-58701","1":"product","2":"type-product","3":"status-publish","4":"has-post-thumbnail","6":"product_brand-elighting","7":"product_cat-sin-categorizar","8":"product_cat-wash-y-par","10":"first","11":"outofstock","12":"sale","13":"taxable","14":"shipping-taxable","15":"purchasable","16":"product-type-simple"},"uagb_featured_image_src":{"full":["https:\/\/rms-enlinea.com.ar\/wp-content\/uploads\/2025\/11\/D_954611-MLA98315202628_112025-F.jpg",1091,1200,false],"thumbnail":["https:\/\/rms-enlinea.com.ar\/wp-content\/uploads\/2025\/11\/D_954611-MLA98315202628_112025-F-150x150.jpg",150,150,true],"medium":["https:\/\/rms-enlinea.com.ar\/wp-content\/uploads\/2025\/11\/D_954611-MLA98315202628_112025-F-273x300.jpg",273,300,true],"medium_large":["https:\/\/rms-enlinea.com.ar\/wp-content\/uploads\/2025\/11\/D_954611-MLA98315202628_112025-F-768x845.jpg",768,845,true],"large":["https:\/\/rms-enlinea.com.ar\/wp-content\/uploads\/2025\/11\/D_954611-MLA98315202628_112025-F-931x1024.jpg",931,1024,true],"1536x1536":["https:\/\/rms-enlinea.com.ar\/wp-content\/uploads\/2025\/11\/D_954611-MLA98315202628_112025-F.jpg",1091,1200,false],"2048x2048":["https:\/\/rms-enlinea.com.ar\/wp-content\/uploads\/2025\/11\/D_954611-MLA98315202628_112025-F.jpg",1091,1200,false],"woocommerce_thumbnail":["https:\/\/rms-enlinea.com.ar\/wp-content\/uploads\/2025\/11\/D_954611-MLA98315202628_112025-F-450x450.jpg",450,450,true],"woocommerce_single":["https:\/\/rms-enlinea.com.ar\/wp-content\/uploads\/2025\/11\/D_954611-MLA98315202628_112025-F-600x660.jpg",600,660,true],"woocommerce_gallery_thumbnail":["https:\/\/rms-enlinea.com.ar\/wp-content\/uploads\/2025\/11\/D_954611-MLA98315202628_112025-F-100x100.jpg",100,100,true]},"uagb_author_info":{"display_name":"nelson","author_link":"https:\/\/rms-enlinea.com.ar\/tienda\/author\/"},"uagb_comment_info":0,"uagb_excerpt":"Spots de alta definici\u00f3n.54 Leds de 3W 3 en 1 de alta potencia con mezcla de colores RGB.Gama de colores completa con infinitas combinaciones.Control v\u00eda DMX.Gabinete de Pl\u00e1stico Inyectado de alta durabilidad.Ideales para DJ M\u00f3viles, Discotecas, Salones de eventos, etc.","_links":{"self":[{"href":"https:\/\/rms-enlinea.com.ar\/tienda\/wp-json\/wp\/v2\/product\/58701","targetHints":{"allow":["GET"]}}],"collection":[{"href":"https:\/\/rms-enlinea.com.ar\/tienda\/wp-json\/wp\/v2\/product"}],"about":[{"href":"https:\/\/rms-enlinea.com.ar\/tienda\/wp-json\/wp\/v2\/types\/product"}],"replies":[{"embeddable":true,"href":"https:\/\/rms-enlinea.com.ar\/tienda\/wp-json\/wp\/v2\/comments?post=58701"}],"wp:featuredmedia":[{"embeddable":true,"href":"https:\/\/rms-enlinea.com.ar\/tienda\/wp-json\/wp\/v2\/media\/58702"}],"wp:attachment":[{"href":"https:\/\/rms-enlinea.com.ar\/tienda\/wp-json\/wp\/v2\/media?parent=58701"}],"wp:term":[{"taxonomy":"product_brand","embeddable":true,"href":"https:\/\/rms-enlinea.com.ar\/tienda\/wp-json\/wp\/v2\/product_brand?post=58701"},{"taxonomy":"product_cat","embeddable":true,"href":"https:\/\/rms-enlinea.com.ar\/tienda\/wp-json\/wp\/v2\/product_cat?post=58701"},{"taxonomy":"product_tag","embeddable":true,"href":"https:\/\/rms-enlinea.com.ar\/tienda\/wp-json\/wp\/v2\/product_tag?post=58701"}],"curies":[{"name":"wp","href":"https:\/\/api.w.org\/{rel}","templated":true}]}}