{"id":5872,"date":"2025-06-12T03:49:25","date_gmt":"2025-06-12T06:49:25","guid":{"rendered":"https:\/\/rms-enlinea.com.ar\/tienda\/producto\/procesador-intel-core-i7-14700-s1700-20-nucleos-5-40ghz\/"},"modified":"2026-02-20T21:22:06","modified_gmt":"2026-02-21T00:22:06","slug":"procesador-intel-core-i7-14700-s1700-20-nucleos-5-40ghz","status":"publish","type":"product","link":"https:\/\/rms-enlinea.com.ar\/tienda\/producto\/procesador-intel-core-i7-14700-s1700-20-nucleos-5-40ghz\/","title":{"rendered":"Procesador Intel Core I7 14700 S1700 20 Nucleos 5.40ghz"},"content":{"rendered":"<p>N\u00facleos totales: 20<\/p>\n<p>N\u00b0 de n\u00facleos de rendimiento: 8<\/p>\n<p>N\u00b0 de n\u00facleos eficientes: 12<\/p>\n<p>Hilos totales: 28<\/p>\n<p>Frecuencia turbo m\u00e1xima: 5,4 GHz<\/p>\n<p>Tecnolog\u00eda Intel\u00ae Turbo Boost Max 3.0 Frecuencia: 5,4 GHz<\/p>\n<p>Frecuencia turbo m\u00e1xima de n\u00facleo de rendimiento: 5,3 GHz<\/p>\n<p>Frecuencia turbo m\u00e1xima de n\u00facleo eficiente: 4,2 GHz<\/p>\n<p>Frecuencia base de rendimiento: 2,1 GHz<\/p>\n<p>Frecuencia base de n\u00facleo eficiente: 1,5 GHz<\/p>\n<p>Cache: Cach\u00e9 inteligente Intel\u00ae de 33 MB<\/p>\n","protected":false},"excerpt":{"rendered":"<p>N\u00facleos totales: 20 N\u00b0 de n\u00facleos de rendimiento: 8 N\u00b0 de n\u00facleos eficientes: 12 Hilos totales: 28 Frecuencia turbo m\u00e1xima: 5,4 GHz Tecnolog\u00eda Intel\u00ae Turbo Boost Max 3.0 Frecuencia: 5,4 GHz Frecuencia turbo m\u00e1xima de n\u00facleo de rendimiento: 5,3 GHz Frecuencia turbo m\u00e1xima de n\u00facleo eficiente: 4,2 GHz Frecuencia base de rendimiento: 2,1 GHz Frecuencia [&hellip;]<\/p>\n","protected":false},"featured_media":5873,"comment_status":"open","ping_status":"closed","template":"","meta":{"_uag_custom_page_level_css":""},"product_brand":[530],"product_cat":[15],"product_tag":[],"class_list":{"0":"post-5872","1":"product","2":"type-product","3":"status-publish","4":"has-post-thumbnail","6":"product_brand-intel","7":"product_cat-sin-categorizar","9":"first","10":"instock","11":"sale","12":"taxable","13":"shipping-taxable","14":"purchasable","15":"product-type-simple"},"uagb_featured_image_src":{"full":["https:\/\/rms-enlinea.com.ar\/wp-content\/uploads\/2025\/06\/D_603634-MLU74273699827_012024-F.jpg",664,727,false],"thumbnail":["https:\/\/rms-enlinea.com.ar\/wp-content\/uploads\/2025\/06\/D_603634-MLU74273699827_012024-F-150x150.jpg",150,150,true],"medium":["https:\/\/rms-enlinea.com.ar\/wp-content\/uploads\/2025\/06\/D_603634-MLU74273699827_012024-F-274x300.jpg",274,300,true],"medium_large":["https:\/\/rms-enlinea.com.ar\/wp-content\/uploads\/2025\/06\/D_603634-MLU74273699827_012024-F.jpg",664,727,false],"large":["https:\/\/rms-enlinea.com.ar\/wp-content\/uploads\/2025\/06\/D_603634-MLU74273699827_012024-F.jpg",664,727,false],"1536x1536":["https:\/\/rms-enlinea.com.ar\/wp-content\/uploads\/2025\/06\/D_603634-MLU74273699827_012024-F.jpg",664,727,false],"2048x2048":["https:\/\/rms-enlinea.com.ar\/wp-content\/uploads\/2025\/06\/D_603634-MLU74273699827_012024-F.jpg",664,727,false],"woocommerce_thumbnail":["https:\/\/rms-enlinea.com.ar\/wp-content\/uploads\/2025\/06\/D_603634-MLU74273699827_012024-F-450x450.jpg",450,450,true],"woocommerce_single":["https:\/\/rms-enlinea.com.ar\/wp-content\/uploads\/2025\/06\/D_603634-MLU74273699827_012024-F-600x657.jpg",600,657,true],"woocommerce_gallery_thumbnail":["https:\/\/rms-enlinea.com.ar\/wp-content\/uploads\/2025\/06\/D_603634-MLU74273699827_012024-F-100x100.jpg",100,100,true]},"uagb_author_info":{"display_name":"l0071054","author_link":"https:\/\/rms-enlinea.com.ar\/tienda\/author\/"},"uagb_comment_info":0,"uagb_excerpt":"N\u00facleos totales: 20 N\u00b0 de n\u00facleos de rendimiento: 8 N\u00b0 de n\u00facleos eficientes: 12 Hilos totales: 28 Frecuencia turbo m\u00e1xima: 5,4 GHz Tecnolog\u00eda Intel\u00ae Turbo Boost Max 3.0 Frecuencia: 5,4 GHz Frecuencia turbo m\u00e1xima de n\u00facleo de rendimiento: 5,3 GHz Frecuencia turbo m\u00e1xima de n\u00facleo eficiente: 4,2 GHz Frecuencia base de rendimiento: 2,1 GHz Frecuencia&hellip;","_links":{"self":[{"href":"https:\/\/rms-enlinea.com.ar\/tienda\/wp-json\/wp\/v2\/product\/5872","targetHints":{"allow":["GET"]}}],"collection":[{"href":"https:\/\/rms-enlinea.com.ar\/tienda\/wp-json\/wp\/v2\/product"}],"about":[{"href":"https:\/\/rms-enlinea.com.ar\/tienda\/wp-json\/wp\/v2\/types\/product"}],"replies":[{"embeddable":true,"href":"https:\/\/rms-enlinea.com.ar\/tienda\/wp-json\/wp\/v2\/comments?post=5872"}],"wp:featuredmedia":[{"embeddable":true,"href":"https:\/\/rms-enlinea.com.ar\/tienda\/wp-json\/wp\/v2\/media\/5873"}],"wp:attachment":[{"href":"https:\/\/rms-enlinea.com.ar\/tienda\/wp-json\/wp\/v2\/media?parent=5872"}],"wp:term":[{"taxonomy":"product_brand","embeddable":true,"href":"https:\/\/rms-enlinea.com.ar\/tienda\/wp-json\/wp\/v2\/product_brand?post=5872"},{"taxonomy":"product_cat","embeddable":true,"href":"https:\/\/rms-enlinea.com.ar\/tienda\/wp-json\/wp\/v2\/product_cat?post=5872"},{"taxonomy":"product_tag","embeddable":true,"href":"https:\/\/rms-enlinea.com.ar\/tienda\/wp-json\/wp\/v2\/product_tag?post=5872"}],"curies":[{"name":"wp","href":"https:\/\/api.w.org\/{rel}","templated":true}]}}