{"id":58751,"date":"2025-11-21T12:50:31","date_gmt":"2025-11-21T15:50:31","guid":{"rendered":"https:\/\/rms-enlinea.com.ar\/tienda\/producto\/parlantes-usb-genius-sp-u125-mini-plug-3w-2x1-5w-cable-1-2m-2\/"},"modified":"2026-03-31T17:59:03","modified_gmt":"2026-03-31T20:59:03","slug":"parlantes-usb-genius-sp-u125-mini-plug-3w-2x1-5w-cable-1-2m-2","status":"publish","type":"product","link":"https:\/\/rms-enlinea.com.ar\/tienda\/producto\/parlantes-usb-genius-sp-u125-mini-plug-3w-2x1-5w-cable-1-2m-2\/","title":{"rendered":"Parlantes Usb Genius Sp-u125 Mini Plug 3w 2&#215;1.5w Cable 1.2m"},"content":{"rendered":"<p>Entrada de audio 3,5mm<br \/>\nPotencia total de salida 3 W<br \/>\nRespuesta frecuente 150 Hz \u2013 20 kHz<br \/>\nRelaci\u00f3n se\u00f1al ruido 70dB<br \/>\nToma de auriculares S\u00ed<br \/>\nFuente de alimentaci\u00f3n USB 2.0<br \/>\nLongitud del cable (m) 1,2 m<br \/>\nPeso (g) Aprox. 424g<\/p>\n","protected":false},"excerpt":{"rendered":"<p>Entrada de audio 3,5mm Potencia total de salida 3 W Respuesta frecuente 150 Hz \u2013 20 kHz Relaci\u00f3n se\u00f1al ruido 70dB Toma de auriculares S\u00ed Fuente de alimentaci\u00f3n USB 2.0 Longitud del cable (m) 1,2 m Peso (g) Aprox. 424g<\/p>\n","protected":false},"featured_media":39062,"comment_status":"open","ping_status":"closed","template":"","meta":{"_uag_custom_page_level_css":""},"product_brand":[550],"product_cat":[124],"product_tag":[],"class_list":{"0":"post-58751","1":"product","2":"type-product","3":"status-publish","4":"has-post-thumbnail","6":"product_brand-genius","7":"product_cat-sistemas-de-sonido-parlantes","9":"first","10":"outofstock","11":"sale","12":"taxable","13":"shipping-taxable","14":"purchasable","15":"product-type-simple"},"uagb_featured_image_src":{"full":["https:\/\/rms-enlinea.com.ar\/wp-content\/uploads\/2025\/06\/D_832723-MLA76554058601_052024-F.jpg",744,616,false],"thumbnail":["https:\/\/rms-enlinea.com.ar\/wp-content\/uploads\/2025\/06\/D_832723-MLA76554058601_052024-F-150x150.jpg",150,150,true],"medium":["https:\/\/rms-enlinea.com.ar\/wp-content\/uploads\/2025\/06\/D_832723-MLA76554058601_052024-F-300x248.jpg",300,248,true],"medium_large":["https:\/\/rms-enlinea.com.ar\/wp-content\/uploads\/2025\/06\/D_832723-MLA76554058601_052024-F.jpg",744,616,false],"large":["https:\/\/rms-enlinea.com.ar\/wp-content\/uploads\/2025\/06\/D_832723-MLA76554058601_052024-F.jpg",744,616,false],"1536x1536":["https:\/\/rms-enlinea.com.ar\/wp-content\/uploads\/2025\/06\/D_832723-MLA76554058601_052024-F.jpg",744,616,false],"2048x2048":["https:\/\/rms-enlinea.com.ar\/wp-content\/uploads\/2025\/06\/D_832723-MLA76554058601_052024-F.jpg",744,616,false],"woocommerce_thumbnail":["https:\/\/rms-enlinea.com.ar\/wp-content\/uploads\/2025\/06\/D_832723-MLA76554058601_052024-F-450x450.jpg",450,450,true],"woocommerce_single":["https:\/\/rms-enlinea.com.ar\/wp-content\/uploads\/2025\/06\/D_832723-MLA76554058601_052024-F-600x497.jpg",600,497,true],"woocommerce_gallery_thumbnail":["https:\/\/rms-enlinea.com.ar\/wp-content\/uploads\/2025\/06\/D_832723-MLA76554058601_052024-F-100x100.jpg",100,100,true]},"uagb_author_info":{"display_name":"nelson","author_link":"https:\/\/rms-enlinea.com.ar\/tienda\/author\/"},"uagb_comment_info":0,"uagb_excerpt":"Entrada de audio 3,5mm Potencia total de salida 3 W Respuesta frecuente 150 Hz \u2013 20 kHz Relaci\u00f3n se\u00f1al ruido 70dB Toma de auriculares S\u00ed Fuente de alimentaci\u00f3n USB 2.0 Longitud del cable (m) 1,2 m Peso (g) Aprox. 424g","_links":{"self":[{"href":"https:\/\/rms-enlinea.com.ar\/tienda\/wp-json\/wp\/v2\/product\/58751","targetHints":{"allow":["GET"]}}],"collection":[{"href":"https:\/\/rms-enlinea.com.ar\/tienda\/wp-json\/wp\/v2\/product"}],"about":[{"href":"https:\/\/rms-enlinea.com.ar\/tienda\/wp-json\/wp\/v2\/types\/product"}],"replies":[{"embeddable":true,"href":"https:\/\/rms-enlinea.com.ar\/tienda\/wp-json\/wp\/v2\/comments?post=58751"}],"wp:featuredmedia":[{"embeddable":true,"href":"https:\/\/rms-enlinea.com.ar\/tienda\/wp-json\/wp\/v2\/media\/39062"}],"wp:attachment":[{"href":"https:\/\/rms-enlinea.com.ar\/tienda\/wp-json\/wp\/v2\/media?parent=58751"}],"wp:term":[{"taxonomy":"product_brand","embeddable":true,"href":"https:\/\/rms-enlinea.com.ar\/tienda\/wp-json\/wp\/v2\/product_brand?post=58751"},{"taxonomy":"product_cat","embeddable":true,"href":"https:\/\/rms-enlinea.com.ar\/tienda\/wp-json\/wp\/v2\/product_cat?post=58751"},{"taxonomy":"product_tag","embeddable":true,"href":"https:\/\/rms-enlinea.com.ar\/tienda\/wp-json\/wp\/v2\/product_tag?post=58751"}],"curies":[{"name":"wp","href":"https:\/\/api.w.org\/{rel}","templated":true}]}}