{"id":58754,"date":"2025-11-21T15:50:08","date_gmt":"2025-11-21T18:50:08","guid":{"rendered":"https:\/\/rms-enlinea.com.ar\/tienda\/producto\/placa-de-video-gigabyte-rtx-5060-ti-windforce-oc-8gb\/"},"modified":"2026-04-09T18:10:25","modified_gmt":"2026-04-09T21:10:25","slug":"placa-de-video-gigabyte-rtx-5060-ti-windforce-oc-8gb","status":"publish","type":"product","link":"https:\/\/rms-enlinea.com.ar\/tienda\/producto\/placa-de-video-gigabyte-rtx-5060-ti-windforce-oc-8gb\/","title":{"rendered":"Placa De Video Gigabyte Rtx 5060 Ti Windforce Oc 8gb"},"content":{"rendered":"<p>Procesamiento de gr\u00e1ficos GeForce RTX\u2122 5060 Ti<br \/>\nReloj central 2587 MHz (Tarjeta de referencia: 2572 MHz)<br \/>\nN\u00facleos CUDA\u00ae 4608<br \/>\nReloj de memoria 28 Gbps<br \/>\nTama\u00f1o de la memoria 8 GB<br \/>\nTipo de memoria GDDR7<br \/>\nBus de memoria 128 bits<br \/>\nAutob\u00fas de tarjetas PCI-E 5.0<br \/>\nResoluci\u00f3n m\u00e1xima digital 7680&#215;4320<br \/>\nVista m\u00faltiple 4<br \/>\nTama\u00f1o de la tarjeta Largo=208 Ancho=120 Alto=40 mm<br \/>\nFormulario de PCB ATX<br \/>\nDirectX API de DirectX 12<br \/>\nOpenGL 4.6<br \/>\nFuente de alimentaci\u00f3n recomendada 650 W<br \/>\nConectores de alimentaci\u00f3n 8 pines \u00d71<br \/>\nProducci\u00f3n DisplayPort 2.1b \u00d73<br \/>\nHDMI 2.1b \u00d71<\/p>\n","protected":false},"excerpt":{"rendered":"<p>Procesamiento de gr\u00e1ficos GeForce RTX\u2122 5060 Ti Reloj central 2587 MHz (Tarjeta de referencia: 2572 MHz) N\u00facleos CUDA\u00ae 4608 Reloj de memoria 28 Gbps Tama\u00f1o de la memoria 8 GB Tipo de memoria GDDR7 Bus de memoria 128 bits Autob\u00fas de tarjetas PCI-E 5.0 Resoluci\u00f3n m\u00e1xima digital 7680&#215;4320 Vista m\u00faltiple 4 Tama\u00f1o de la tarjeta [&hellip;]<\/p>\n","protected":false},"featured_media":58755,"comment_status":"open","ping_status":"closed","template":"","meta":{"_uag_custom_page_level_css":""},"product_brand":[532],"product_cat":[120],"product_tag":[],"class_list":{"0":"post-58754","1":"product","2":"type-product","3":"status-publish","4":"has-post-thumbnail","6":"product_brand-gigabyte","7":"product_cat-placas-de-video","9":"first","10":"instock","11":"sale","12":"taxable","13":"shipping-taxable","14":"purchasable","15":"product-type-simple"},"uagb_featured_image_src":{"full":["https:\/\/rms-enlinea.com.ar\/wp-content\/uploads\/2025\/11\/D_919514-MLA99137142587_112025-F.jpg",1193,1200,false],"thumbnail":["https:\/\/rms-enlinea.com.ar\/wp-content\/uploads\/2025\/11\/D_919514-MLA99137142587_112025-F-150x150.jpg",150,150,true],"medium":["https:\/\/rms-enlinea.com.ar\/wp-content\/uploads\/2025\/11\/D_919514-MLA99137142587_112025-F-298x300.jpg",298,300,true],"medium_large":["https:\/\/rms-enlinea.com.ar\/wp-content\/uploads\/2025\/11\/D_919514-MLA99137142587_112025-F-768x773.jpg",768,773,true],"large":["https:\/\/rms-enlinea.com.ar\/wp-content\/uploads\/2025\/11\/D_919514-MLA99137142587_112025-F-1018x1024.jpg",1018,1024,true],"1536x1536":["https:\/\/rms-enlinea.com.ar\/wp-content\/uploads\/2025\/11\/D_919514-MLA99137142587_112025-F.jpg",1193,1200,false],"2048x2048":["https:\/\/rms-enlinea.com.ar\/wp-content\/uploads\/2025\/11\/D_919514-MLA99137142587_112025-F.jpg",1193,1200,false],"woocommerce_thumbnail":["https:\/\/rms-enlinea.com.ar\/wp-content\/uploads\/2025\/11\/D_919514-MLA99137142587_112025-F-450x450.jpg",450,450,true],"woocommerce_single":["https:\/\/rms-enlinea.com.ar\/wp-content\/uploads\/2025\/11\/D_919514-MLA99137142587_112025-F-600x604.jpg",600,604,true],"woocommerce_gallery_thumbnail":["https:\/\/rms-enlinea.com.ar\/wp-content\/uploads\/2025\/11\/D_919514-MLA99137142587_112025-F-100x100.jpg",100,100,true]},"uagb_author_info":{"display_name":"nelson","author_link":"https:\/\/rms-enlinea.com.ar\/tienda\/author\/"},"uagb_comment_info":0,"uagb_excerpt":"Procesamiento de gr\u00e1ficos GeForce RTX\u2122 5060 Ti Reloj central 2587 MHz (Tarjeta de referencia: 2572 MHz) N\u00facleos CUDA\u00ae 4608 Reloj de memoria 28 Gbps Tama\u00f1o de la memoria 8 GB Tipo de memoria GDDR7 Bus de memoria 128 bits Autob\u00fas de tarjetas PCI-E 5.0 Resoluci\u00f3n m\u00e1xima digital 7680&#215;4320 Vista m\u00faltiple 4 Tama\u00f1o de la tarjeta&hellip;","_links":{"self":[{"href":"https:\/\/rms-enlinea.com.ar\/tienda\/wp-json\/wp\/v2\/product\/58754","targetHints":{"allow":["GET"]}}],"collection":[{"href":"https:\/\/rms-enlinea.com.ar\/tienda\/wp-json\/wp\/v2\/product"}],"about":[{"href":"https:\/\/rms-enlinea.com.ar\/tienda\/wp-json\/wp\/v2\/types\/product"}],"replies":[{"embeddable":true,"href":"https:\/\/rms-enlinea.com.ar\/tienda\/wp-json\/wp\/v2\/comments?post=58754"}],"wp:featuredmedia":[{"embeddable":true,"href":"https:\/\/rms-enlinea.com.ar\/tienda\/wp-json\/wp\/v2\/media\/58755"}],"wp:attachment":[{"href":"https:\/\/rms-enlinea.com.ar\/tienda\/wp-json\/wp\/v2\/media?parent=58754"}],"wp:term":[{"taxonomy":"product_brand","embeddable":true,"href":"https:\/\/rms-enlinea.com.ar\/tienda\/wp-json\/wp\/v2\/product_brand?post=58754"},{"taxonomy":"product_cat","embeddable":true,"href":"https:\/\/rms-enlinea.com.ar\/tienda\/wp-json\/wp\/v2\/product_cat?post=58754"},{"taxonomy":"product_tag","embeddable":true,"href":"https:\/\/rms-enlinea.com.ar\/tienda\/wp-json\/wp\/v2\/product_tag?post=58754"}],"curies":[{"name":"wp","href":"https:\/\/api.w.org\/{rel}","templated":true}]}}