{"id":58795,"date":"2025-11-22T17:50:07","date_gmt":"2025-11-22T20:50:07","guid":{"rendered":"https:\/\/rms-enlinea.com.ar\/tienda\/producto\/notebook-hp-250-g10-r3-7320u-15-8gb-256-pc-freedos\/"},"modified":"2026-04-23T12:10:18","modified_gmt":"2026-04-23T15:10:18","slug":"notebook-hp-250-g10-r3-7320u-15-8gb-256-pc-freedos","status":"publish","type":"product","link":"https:\/\/rms-enlinea.com.ar\/tienda\/producto\/notebook-hp-250-g10-r3-7320u-15-8gb-256-pc-freedos\/","title":{"rendered":"Notebook Hp 250 G10 R3-7320u 15 8gb\/256 Pc Freedos"},"content":{"rendered":"<p>Sistema operativo<br \/>\nFreeDOS 3.0<\/p>\n<p>Familia del procesador<br \/>\nProcesador AMD Ryzen\u2122 3<\/p>\n<p>Procesador<br \/>\nAMD Ryzen\u2122 3 7320U (aumento m\u00e1ximo del reloj hasta 4,1 GHz, 4 MB de cach\u00e9 L3, 4 n\u00facleos, 8 subprocesos) 1 2<\/p>\n<p>Gr\u00e1ficos<br \/>\nIntegradas,<\/p>\n<p>Gr\u00e1ficos AMD Radeon\u2122<\/p>\n<p>Memoria<br \/>\nDDR4-3200 MT\/s de 8 GB (integrada)<\/p>\n<p>Ranuras de memoria<br \/>\n2 SODIMM<\/p>\n<p>Almacenamiento interno<br \/>\nUnidad de estado s\u00f3lido PCIe\u00ae NVMe\u2122 de 256 GB<\/p>\n<p>Pantalla<br \/>\nHD (1366 x 768) de 15,6&#8243; (39,6 cm), SVA, bisel estrecho, antirreflectante, 250 nits, 45% NTSC 3 4 5<\/p>\n<p>Pantalla t\u00e1ctil<br \/>\nNo<\/p>\n<p>Gama de colores<br \/>\n45% NTSC<\/p>\n<p>Brillo<br \/>\n250 nits<\/p>\n<p>Dimensiones m\u00ednimas (anch. x prof. x alt.)<br \/>\n36 x 23,6 x 1,86 cm<\/p>\n<p>Peso<br \/>\nA partir de 1,52 kg (El peso var\u00eda seg\u00fan la configuraci\u00f3n. No incluye fuente de alimentaci\u00f3n.)<\/p>\n<p>Software incluido<br \/>\nHP QuickDrop; Promoci\u00f3n de Dropbox; HP Smart Health; Express VPN; C\u00f3digo E-QR; DVD sMedio True para HP; Ofertas de Amazon; Oferta de Adobe<\/p>\n<p>Funciones de gesti\u00f3n<br \/>\nHP SSRM; Windows Push Button Reset Recovery<\/p>\n<p>Tipo de bater\u00eda<br \/>\nIones de litio de 3 celdas y 41 Wh de larga duraci\u00f3n HP<\/p>\n<p>Duraci\u00f3n de la bater\u00eda<br \/>\n(La bater\u00eda es interna y el cliente no puede reemplazarla. Servicio t\u00e9cnico por garant\u00eda.)<\/p>\n<p>Inal\u00e1mbrico<br \/>\nTarjeta inal\u00e1mbrica Realtek Wi-Fi 6 RTL8852BE (2&#215;2) y Bluetooth\u00ae 5.3<\/p>\n<p>Color de producto<br \/>\nPlateado ceniza oscuro<\/p>\n<p>Teclado<br \/>\nTeclado de tama\u00f1o completo resistente a salpicaduras con teclado num\u00e9rico<\/p>\n<p>C\u00e1mara<br \/>\nC\u00e1mara HD de 720p<\/p>\n<p>Audio<br \/>\nAltavoces est\u00e9reo, micr\u00f3fono digital integrado<\/p>\n<p>Dispositivo apuntador<br \/>\nTouchPad compatible con gestos multit\u00e1ctiles<\/p>\n<p>Puertos<br \/>\n1 USB Type-C\u00ae con velocidad de se\u00f1alizaci\u00f3n de 5 Gb\/s; 2 USB Type-A con velocidad de se\u00f1alizaci\u00f3n de 5 Gb\/s; 1 alimentaci\u00f3n de CA; 1 HDMI 1.4b; 1 conector est\u00e9reo para combinaci\u00f3n de auriculares y micr\u00f3fono<\/p>\n<p>Alimentaci\u00f3n<br \/>\nAdaptador de alimentaci\u00f3n externa de CA de 45W HP Smart 6<\/p>\n","protected":false},"excerpt":{"rendered":"<p>Sistema operativo FreeDOS 3.0 Familia del procesador Procesador AMD Ryzen\u2122 3 Procesador AMD Ryzen\u2122 3 7320U (aumento m\u00e1ximo del reloj hasta 4,1 GHz, 4 MB de cach\u00e9 L3, 4 n\u00facleos, 8 subprocesos) 1 2 Gr\u00e1ficos Integradas, Gr\u00e1ficos AMD Radeon\u2122 Memoria DDR4-3200 MT\/s de 8 GB (integrada) Ranuras de memoria 2 SODIMM Almacenamiento interno Unidad de [&hellip;]<\/p>\n","protected":false},"featured_media":58790,"comment_status":"open","ping_status":"closed","template":"","meta":{"_uag_custom_page_level_css":""},"product_brand":[552],"product_cat":[116],"product_tag":[],"class_list":{"0":"post-58795","1":"product","2":"type-product","3":"status-publish","4":"has-post-thumbnail","6":"product_brand-hp","7":"product_cat-notebooks-y-tablet","9":"first","10":"outofstock","11":"sale","12":"taxable","13":"shipping-taxable","14":"purchasable","15":"product-type-simple"},"uagb_featured_image_src":{"full":["https:\/\/rms-enlinea.com.ar\/wp-content\/uploads\/2025\/11\/D_682824-MLA98749325590_112025-F.jpg",1200,808,false],"thumbnail":["https:\/\/rms-enlinea.com.ar\/wp-content\/uploads\/2025\/11\/D_682824-MLA98749325590_112025-F-150x150.jpg",150,150,true],"medium":["https:\/\/rms-enlinea.com.ar\/wp-content\/uploads\/2025\/11\/D_682824-MLA98749325590_112025-F-300x202.jpg",300,202,true],"medium_large":["https:\/\/rms-enlinea.com.ar\/wp-content\/uploads\/2025\/11\/D_682824-MLA98749325590_112025-F-768x517.jpg",768,517,true],"large":["https:\/\/rms-enlinea.com.ar\/wp-content\/uploads\/2025\/11\/D_682824-MLA98749325590_112025-F-1024x689.jpg",1024,689,true],"1536x1536":["https:\/\/rms-enlinea.com.ar\/wp-content\/uploads\/2025\/11\/D_682824-MLA98749325590_112025-F.jpg",1200,808,false],"2048x2048":["https:\/\/rms-enlinea.com.ar\/wp-content\/uploads\/2025\/11\/D_682824-MLA98749325590_112025-F.jpg",1200,808,false],"woocommerce_thumbnail":["https:\/\/rms-enlinea.com.ar\/wp-content\/uploads\/2025\/11\/D_682824-MLA98749325590_112025-F-450x450.jpg",450,450,true],"woocommerce_single":["https:\/\/rms-enlinea.com.ar\/wp-content\/uploads\/2025\/11\/D_682824-MLA98749325590_112025-F-600x404.jpg",600,404,true],"woocommerce_gallery_thumbnail":["https:\/\/rms-enlinea.com.ar\/wp-content\/uploads\/2025\/11\/D_682824-MLA98749325590_112025-F-100x100.jpg",100,100,true]},"uagb_author_info":{"display_name":"nelson","author_link":"https:\/\/rms-enlinea.com.ar\/tienda\/author\/"},"uagb_comment_info":0,"uagb_excerpt":"Sistema operativo FreeDOS 3.0 Familia del procesador Procesador AMD Ryzen\u2122 3 Procesador AMD Ryzen\u2122 3 7320U (aumento m\u00e1ximo del reloj hasta 4,1 GHz, 4 MB de cach\u00e9 L3, 4 n\u00facleos, 8 subprocesos) 1 2 Gr\u00e1ficos Integradas, Gr\u00e1ficos AMD Radeon\u2122 Memoria DDR4-3200 MT\/s de 8 GB (integrada) Ranuras de memoria 2 SODIMM Almacenamiento interno Unidad de&hellip;","_links":{"self":[{"href":"https:\/\/rms-enlinea.com.ar\/tienda\/wp-json\/wp\/v2\/product\/58795","targetHints":{"allow":["GET"]}}],"collection":[{"href":"https:\/\/rms-enlinea.com.ar\/tienda\/wp-json\/wp\/v2\/product"}],"about":[{"href":"https:\/\/rms-enlinea.com.ar\/tienda\/wp-json\/wp\/v2\/types\/product"}],"replies":[{"embeddable":true,"href":"https:\/\/rms-enlinea.com.ar\/tienda\/wp-json\/wp\/v2\/comments?post=58795"}],"wp:featuredmedia":[{"embeddable":true,"href":"https:\/\/rms-enlinea.com.ar\/tienda\/wp-json\/wp\/v2\/media\/58790"}],"wp:attachment":[{"href":"https:\/\/rms-enlinea.com.ar\/tienda\/wp-json\/wp\/v2\/media?parent=58795"}],"wp:term":[{"taxonomy":"product_brand","embeddable":true,"href":"https:\/\/rms-enlinea.com.ar\/tienda\/wp-json\/wp\/v2\/product_brand?post=58795"},{"taxonomy":"product_cat","embeddable":true,"href":"https:\/\/rms-enlinea.com.ar\/tienda\/wp-json\/wp\/v2\/product_cat?post=58795"},{"taxonomy":"product_tag","embeddable":true,"href":"https:\/\/rms-enlinea.com.ar\/tienda\/wp-json\/wp\/v2\/product_tag?post=58795"}],"curies":[{"name":"wp","href":"https:\/\/api.w.org\/{rel}","templated":true}]}}