{"id":58977,"date":"2025-11-27T19:13:21","date_gmt":"2025-11-27T22:13:21","guid":{"rendered":"https:\/\/rms-enlinea.com.ar\/tienda\/producto\/microfono-inalambrico-uhf-doble-mano-e-sound-es-2079\/"},"modified":"2026-03-08T17:19:08","modified_gmt":"2026-03-08T20:19:08","slug":"microfono-inalambrico-uhf-doble-mano-e-sound-es-2079","status":"publish","type":"product","link":"https:\/\/rms-enlinea.com.ar\/tienda\/producto\/microfono-inalambrico-uhf-doble-mano-e-sound-es-2079\/","title":{"rendered":"Microfono Inalambrico Uhf Doble Mano E-sound Es-2079"},"content":{"rendered":"<p>Frecuencias Sintonizables 200 canales en grupos pre-establecidos.<br \/>\nSincronizaci\u00f3n de Frecuencias Infra-rojo.<br \/>\nRango de frecuencias de la Onda Portadora UHF 470\u2013932MHz.<br \/>\nModo de Oscilaci\u00f3n de Frecuencias Tecnolog\u00eda sintetizada PLL.<br \/>\nModo de Modulaci\u00f3n FM.<br \/>\nRespuesta de frecuencia 50Hz-18KHz.<br \/>\nDistancia de trabajo 60 mts dependiendo de la absorci\u00f3n de se\u00f1al RF, reflexi\u00f3n e interferencia.<br \/>\nFuente de alimentaci\u00f3n DC 12V \/ 350mA<br \/>\nDisplay LCD + LED.<\/p>\n","protected":false},"excerpt":{"rendered":"<p>Frecuencias Sintonizables 200 canales en grupos pre-establecidos. Sincronizaci\u00f3n de Frecuencias Infra-rojo. Rango de frecuencias de la Onda Portadora UHF 470\u2013932MHz. Modo de Oscilaci\u00f3n de Frecuencias Tecnolog\u00eda sintetizada PLL. Modo de Modulaci\u00f3n FM. Respuesta de frecuencia 50Hz-18KHz. Distancia de trabajo 60 mts dependiendo de la absorci\u00f3n de se\u00f1al RF, reflexi\u00f3n e interferencia. Fuente de alimentaci\u00f3n DC [&hellip;]<\/p>\n","protected":false},"featured_media":36306,"comment_status":"open","ping_status":"closed","template":"","meta":{"_uag_custom_page_level_css":""},"product_brand":[502],"product_cat":[75,15],"product_tag":[],"class_list":{"0":"post-58977","1":"product","2":"type-product","3":"status-publish","4":"has-post-thumbnail","6":"product_brand-esound","7":"product_cat-microfonos","8":"product_cat-sin-categorizar","10":"first","11":"instock","12":"sale","13":"taxable","14":"shipping-taxable","15":"purchasable","16":"product-type-simple"},"uagb_featured_image_src":{"full":["https:\/\/rms-enlinea.com.ar\/wp-content\/uploads\/2025\/06\/D_751073-MLA79797448530_102024-F.jpg",1200,828,false],"thumbnail":["https:\/\/rms-enlinea.com.ar\/wp-content\/uploads\/2025\/06\/D_751073-MLA79797448530_102024-F-150x150.jpg",150,150,true],"medium":["https:\/\/rms-enlinea.com.ar\/wp-content\/uploads\/2025\/06\/D_751073-MLA79797448530_102024-F-300x207.jpg",300,207,true],"medium_large":["https:\/\/rms-enlinea.com.ar\/wp-content\/uploads\/2025\/06\/D_751073-MLA79797448530_102024-F-768x530.jpg",768,530,true],"large":["https:\/\/rms-enlinea.com.ar\/wp-content\/uploads\/2025\/06\/D_751073-MLA79797448530_102024-F-1024x707.jpg",1024,707,true],"1536x1536":["https:\/\/rms-enlinea.com.ar\/wp-content\/uploads\/2025\/06\/D_751073-MLA79797448530_102024-F.jpg",1200,828,false],"2048x2048":["https:\/\/rms-enlinea.com.ar\/wp-content\/uploads\/2025\/06\/D_751073-MLA79797448530_102024-F.jpg",1200,828,false],"woocommerce_thumbnail":["https:\/\/rms-enlinea.com.ar\/wp-content\/uploads\/2025\/06\/D_751073-MLA79797448530_102024-F-450x450.jpg",450,450,true],"woocommerce_single":["https:\/\/rms-enlinea.com.ar\/wp-content\/uploads\/2025\/06\/D_751073-MLA79797448530_102024-F-600x414.jpg",600,414,true],"woocommerce_gallery_thumbnail":["https:\/\/rms-enlinea.com.ar\/wp-content\/uploads\/2025\/06\/D_751073-MLA79797448530_102024-F-100x100.jpg",100,100,true]},"uagb_author_info":{"display_name":"nelson","author_link":"https:\/\/rms-enlinea.com.ar\/tienda\/author\/"},"uagb_comment_info":0,"uagb_excerpt":"Frecuencias Sintonizables 200 canales en grupos pre-establecidos. Sincronizaci\u00f3n de Frecuencias Infra-rojo. Rango de frecuencias de la Onda Portadora UHF 470\u2013932MHz. Modo de Oscilaci\u00f3n de Frecuencias Tecnolog\u00eda sintetizada PLL. Modo de Modulaci\u00f3n FM. Respuesta de frecuencia 50Hz-18KHz. Distancia de trabajo 60 mts dependiendo de la absorci\u00f3n de se\u00f1al RF, reflexi\u00f3n e interferencia. Fuente de alimentaci\u00f3n DC&hellip;","_links":{"self":[{"href":"https:\/\/rms-enlinea.com.ar\/tienda\/wp-json\/wp\/v2\/product\/58977","targetHints":{"allow":["GET"]}}],"collection":[{"href":"https:\/\/rms-enlinea.com.ar\/tienda\/wp-json\/wp\/v2\/product"}],"about":[{"href":"https:\/\/rms-enlinea.com.ar\/tienda\/wp-json\/wp\/v2\/types\/product"}],"replies":[{"embeddable":true,"href":"https:\/\/rms-enlinea.com.ar\/tienda\/wp-json\/wp\/v2\/comments?post=58977"}],"wp:featuredmedia":[{"embeddable":true,"href":"https:\/\/rms-enlinea.com.ar\/tienda\/wp-json\/wp\/v2\/media\/36306"}],"wp:attachment":[{"href":"https:\/\/rms-enlinea.com.ar\/tienda\/wp-json\/wp\/v2\/media?parent=58977"}],"wp:term":[{"taxonomy":"product_brand","embeddable":true,"href":"https:\/\/rms-enlinea.com.ar\/tienda\/wp-json\/wp\/v2\/product_brand?post=58977"},{"taxonomy":"product_cat","embeddable":true,"href":"https:\/\/rms-enlinea.com.ar\/tienda\/wp-json\/wp\/v2\/product_cat?post=58977"},{"taxonomy":"product_tag","embeddable":true,"href":"https:\/\/rms-enlinea.com.ar\/tienda\/wp-json\/wp\/v2\/product_tag?post=58977"}],"curies":[{"name":"wp","href":"https:\/\/api.w.org\/{rel}","templated":true}]}}