{"id":59010,"date":"2025-11-28T18:40:06","date_gmt":"2025-11-28T21:40:06","guid":{"rendered":"https:\/\/rms-enlinea.com.ar\/tienda\/producto\/kit-x-2-cabezales-moviles-ampro-halo-20r-380w-prisma-frost\/"},"modified":"2026-04-06T13:38:07","modified_gmt":"2026-04-06T16:38:07","slug":"kit-x-2-cabezales-moviles-ampro-halo-20r-380w-prisma-frost","status":"publish","type":"product","link":"https:\/\/rms-enlinea.com.ar\/tienda\/producto\/kit-x-2-cabezales-moviles-ampro-halo-20r-380w-prisma-frost\/","title":{"rendered":"Kit X 2 Cabezales Moviles Ampro Halo 20r 380w Prisma Frost"},"content":{"rendered":"<p>Cabezal m\u00f3vil beam 380W \u2013 doble prisma, frost y foco motorizado<\/p>\n<p>Halo 20R es un cabezal m\u00f3vil tipo beam de alto rendimiento equipado con una l\u00e1mpara de 380W y un \u00e1ngulo de haz extremadamente definido de 1.8\u00b0. Halo 20R es capaz de lograr un flujo lum\u00ednico de 580.000 Lux @ 10M. Su sistema posee una rueda de 14 colores, 13 gobos fijos, foco y dimmer, adem\u00e1s de filtro frost y estrobo de alta velocidad. Halo 20R incorpora una rueda independiente de efectos de color y un sistema de doble prisma (8 y 24 caras) que puede combinarse para generar texturas complejas y din\u00e1micas. Protocolo RDM ready.<\/p>\n<p>uente &amp; \u00d3ptica<br \/>\nFuente de luz: L\u00e1mpara de 380W Vida \u00fatil promedio: 1500 horas \u00c1ngulo de haz: 1.8\u00ba<br \/>\nInformaci\u00f3n fotom\u00e9trica<br \/>\nFlujo lum\u00ednico: 580.000 Lux @ 10M<br \/>\nEfectos y funciones<br \/>\nRueda de Colores: 14 colores + blanco, medio color, efecto arco\u00edris Rueda de Gobos: 13 gobos fijos + abierto, efecto shake Rueda de 7 Colores: Independiente con 6 colores, efecto arco\u00edris sobre gobos Prisma: Prisma rotativo de 8 caras + prisma de 24 caras, superposici\u00f3n posible con rotaci\u00f3n bidireccional Efecto gobo shake: s\u00ed Frost: 0-100% Foco: motorizado Dimmer: Rango completo 0-100% Estrobo: 1-20 fps<br \/>\nMostrar m\u00e1s<br \/>\nControl<br \/>\nCanales DMX: 16 Modos de operaci\u00f3n: DMX, Master\/Slave &amp; autom\u00e1tico RDM Compatible: S\u00ed<br \/>\nMovimiento<br \/>\nPan: 540\u00b0 Tilt: 270\u00b0 Resoluci\u00f3n: 16-bit Reposicionamiento autom\u00e1tico<br \/>\nF\u00edsico<br \/>\nConectores DMX: 2 conectores XLR (XLR-3 de entrada &amp; salida) Alimentaci\u00f3n: Powercon de entrada<\/p>\n","protected":false},"excerpt":{"rendered":"<p>Cabezal m\u00f3vil beam 380W \u2013 doble prisma, frost y foco motorizado Halo 20R es un cabezal m\u00f3vil tipo beam de alto rendimiento equipado con una l\u00e1mpara de 380W y un \u00e1ngulo de haz extremadamente definido de 1.8\u00b0. Halo 20R es capaz de lograr un flujo lum\u00ednico de 580.000 Lux @ 10M. Su sistema posee una [&hellip;]<\/p>\n","protected":false},"featured_media":59011,"comment_status":"open","ping_status":"closed","template":"","meta":{"_uag_custom_page_level_css":""},"product_brand":[477],"product_cat":[84,15],"product_tag":[],"class_list":{"0":"post-59010","1":"product","2":"type-product","3":"status-publish","4":"has-post-thumbnail","6":"product_brand-ampro","7":"product_cat-cabezales-moviles","8":"product_cat-sin-categorizar","10":"first","11":"instock","12":"sale","13":"taxable","14":"shipping-taxable","15":"purchasable","16":"product-type-simple"},"uagb_featured_image_src":{"full":["https:\/\/rms-enlinea.com.ar\/wp-content\/uploads\/2025\/11\/D_923830-MLA99848454975_112025-F.jpg",506,907,false],"thumbnail":["https:\/\/rms-enlinea.com.ar\/wp-content\/uploads\/2025\/11\/D_923830-MLA99848454975_112025-F-150x150.jpg",150,150,true],"medium":["https:\/\/rms-enlinea.com.ar\/wp-content\/uploads\/2025\/11\/D_923830-MLA99848454975_112025-F-167x300.jpg",167,300,true],"medium_large":["https:\/\/rms-enlinea.com.ar\/wp-content\/uploads\/2025\/11\/D_923830-MLA99848454975_112025-F.jpg",506,907,false],"large":["https:\/\/rms-enlinea.com.ar\/wp-content\/uploads\/2025\/11\/D_923830-MLA99848454975_112025-F.jpg",506,907,false],"1536x1536":["https:\/\/rms-enlinea.com.ar\/wp-content\/uploads\/2025\/11\/D_923830-MLA99848454975_112025-F.jpg",506,907,false],"2048x2048":["https:\/\/rms-enlinea.com.ar\/wp-content\/uploads\/2025\/11\/D_923830-MLA99848454975_112025-F.jpg",506,907,false],"woocommerce_thumbnail":["https:\/\/rms-enlinea.com.ar\/wp-content\/uploads\/2025\/11\/D_923830-MLA99848454975_112025-F-450x450.jpg",450,450,true],"woocommerce_single":["https:\/\/rms-enlinea.com.ar\/wp-content\/uploads\/2025\/11\/D_923830-MLA99848454975_112025-F.jpg",506,907,false],"woocommerce_gallery_thumbnail":["https:\/\/rms-enlinea.com.ar\/wp-content\/uploads\/2025\/11\/D_923830-MLA99848454975_112025-F-100x100.jpg",100,100,true]},"uagb_author_info":{"display_name":"nelson","author_link":"https:\/\/rms-enlinea.com.ar\/tienda\/author\/"},"uagb_comment_info":0,"uagb_excerpt":"Cabezal m\u00f3vil beam 380W \u2013 doble prisma, frost y foco motorizado Halo 20R es un cabezal m\u00f3vil tipo beam de alto rendimiento equipado con una l\u00e1mpara de 380W y un \u00e1ngulo de haz extremadamente definido de 1.8\u00b0. Halo 20R es capaz de lograr un flujo lum\u00ednico de 580.000 Lux @ 10M. Su sistema posee una&hellip;","_links":{"self":[{"href":"https:\/\/rms-enlinea.com.ar\/tienda\/wp-json\/wp\/v2\/product\/59010","targetHints":{"allow":["GET"]}}],"collection":[{"href":"https:\/\/rms-enlinea.com.ar\/tienda\/wp-json\/wp\/v2\/product"}],"about":[{"href":"https:\/\/rms-enlinea.com.ar\/tienda\/wp-json\/wp\/v2\/types\/product"}],"replies":[{"embeddable":true,"href":"https:\/\/rms-enlinea.com.ar\/tienda\/wp-json\/wp\/v2\/comments?post=59010"}],"wp:featuredmedia":[{"embeddable":true,"href":"https:\/\/rms-enlinea.com.ar\/tienda\/wp-json\/wp\/v2\/media\/59011"}],"wp:attachment":[{"href":"https:\/\/rms-enlinea.com.ar\/tienda\/wp-json\/wp\/v2\/media?parent=59010"}],"wp:term":[{"taxonomy":"product_brand","embeddable":true,"href":"https:\/\/rms-enlinea.com.ar\/tienda\/wp-json\/wp\/v2\/product_brand?post=59010"},{"taxonomy":"product_cat","embeddable":true,"href":"https:\/\/rms-enlinea.com.ar\/tienda\/wp-json\/wp\/v2\/product_cat?post=59010"},{"taxonomy":"product_tag","embeddable":true,"href":"https:\/\/rms-enlinea.com.ar\/tienda\/wp-json\/wp\/v2\/product_tag?post=59010"}],"curies":[{"name":"wp","href":"https:\/\/api.w.org\/{rel}","templated":true}]}}