{"id":59082,"date":"2025-11-30T15:00:36","date_gmt":"2025-11-30T18:00:36","guid":{"rendered":"https:\/\/rms-enlinea.com.ar\/tienda\/producto\/rollo-cable-de-microfono-6mm-100m-redtone-rt-mc6-100bk\/"},"modified":"2026-03-25T10:11:02","modified_gmt":"2026-03-25T13:11:02","slug":"rollo-cable-de-microfono-6mm-100m-redtone-rt-mc6-100bk","status":"publish","type":"product","link":"https:\/\/rms-enlinea.com.ar\/tienda\/producto\/rollo-cable-de-microfono-6mm-100m-redtone-rt-mc6-100bk\/","title":{"rendered":"Rollo Cable De Microfono 6mm 100m Negro Redtone Rt-mc6-100bk"},"content":{"rendered":"<p>Carrete de 100 metros de cable de cobre libre de ox\u00edgeno (OFC) de 6 mm, ideal para la fabricaci\u00f3n de cables de audio profesionales. Su dise\u00f1o robusto y flexible garantiza una excelente conductividad, baja p\u00e9rdida de se\u00f1al y una larga durabilidad para instalaciones y uso en escenarios<\/p>\n<p>Recomendado para la realizaci\u00f3n de cables de altavoces y alimentaci\u00f3n en sistemas de sonido profesionales, tanto para instalaciones fijas como para eventos en vivo.<\/p>\n","protected":false},"excerpt":{"rendered":"<p>Carrete de 100 metros de cable de cobre libre de ox\u00edgeno (OFC) de 6 mm, ideal para la fabricaci\u00f3n de cables de audio profesionales. Su dise\u00f1o robusto y flexible garantiza una excelente conductividad, baja p\u00e9rdida de se\u00f1al y una larga durabilidad para instalaciones y uso en escenarios Recomendado para la realizaci\u00f3n de cables de altavoces [&hellip;]<\/p>\n","protected":false},"featured_media":59083,"comment_status":"open","ping_status":"closed","template":"","meta":{"_uag_custom_page_level_css":""},"product_brand":[651],"product_cat":[57],"product_tag":[],"class_list":{"0":"post-59082","1":"product","2":"type-product","3":"status-publish","4":"has-post-thumbnail","6":"product_brand-redtone","7":"product_cat-cables","9":"first","10":"instock","11":"sale","12":"taxable","13":"shipping-taxable","14":"purchasable","15":"product-type-simple"},"uagb_featured_image_src":{"full":["https:\/\/rms-enlinea.com.ar\/wp-content\/uploads\/2025\/11\/D_614245-MLA99501255828_112025-F.jpg",1200,1107,false],"thumbnail":["https:\/\/rms-enlinea.com.ar\/wp-content\/uploads\/2025\/11\/D_614245-MLA99501255828_112025-F-150x150.jpg",150,150,true],"medium":["https:\/\/rms-enlinea.com.ar\/wp-content\/uploads\/2025\/11\/D_614245-MLA99501255828_112025-F-300x277.jpg",300,277,true],"medium_large":["https:\/\/rms-enlinea.com.ar\/wp-content\/uploads\/2025\/11\/D_614245-MLA99501255828_112025-F-768x708.jpg",768,708,true],"large":["https:\/\/rms-enlinea.com.ar\/wp-content\/uploads\/2025\/11\/D_614245-MLA99501255828_112025-F-1024x945.jpg",1024,945,true],"1536x1536":["https:\/\/rms-enlinea.com.ar\/wp-content\/uploads\/2025\/11\/D_614245-MLA99501255828_112025-F.jpg",1200,1107,false],"2048x2048":["https:\/\/rms-enlinea.com.ar\/wp-content\/uploads\/2025\/11\/D_614245-MLA99501255828_112025-F.jpg",1200,1107,false],"woocommerce_thumbnail":["https:\/\/rms-enlinea.com.ar\/wp-content\/uploads\/2025\/11\/D_614245-MLA99501255828_112025-F-450x450.jpg",450,450,true],"woocommerce_single":["https:\/\/rms-enlinea.com.ar\/wp-content\/uploads\/2025\/11\/D_614245-MLA99501255828_112025-F-600x554.jpg",600,554,true],"woocommerce_gallery_thumbnail":["https:\/\/rms-enlinea.com.ar\/wp-content\/uploads\/2025\/11\/D_614245-MLA99501255828_112025-F-100x100.jpg",100,100,true]},"uagb_author_info":{"display_name":"mario","author_link":"https:\/\/rms-enlinea.com.ar\/tienda\/author\/"},"uagb_comment_info":0,"uagb_excerpt":"Carrete de 100 metros de cable de cobre libre de ox\u00edgeno (OFC) de 6 mm, ideal para la fabricaci\u00f3n de cables de audio profesionales. Su dise\u00f1o robusto y flexible garantiza una excelente conductividad, baja p\u00e9rdida de se\u00f1al y una larga durabilidad para instalaciones y uso en escenarios Recomendado para la realizaci\u00f3n de cables de altavoces&hellip;","_links":{"self":[{"href":"https:\/\/rms-enlinea.com.ar\/tienda\/wp-json\/wp\/v2\/product\/59082","targetHints":{"allow":["GET"]}}],"collection":[{"href":"https:\/\/rms-enlinea.com.ar\/tienda\/wp-json\/wp\/v2\/product"}],"about":[{"href":"https:\/\/rms-enlinea.com.ar\/tienda\/wp-json\/wp\/v2\/types\/product"}],"replies":[{"embeddable":true,"href":"https:\/\/rms-enlinea.com.ar\/tienda\/wp-json\/wp\/v2\/comments?post=59082"}],"wp:featuredmedia":[{"embeddable":true,"href":"https:\/\/rms-enlinea.com.ar\/tienda\/wp-json\/wp\/v2\/media\/59083"}],"wp:attachment":[{"href":"https:\/\/rms-enlinea.com.ar\/tienda\/wp-json\/wp\/v2\/media?parent=59082"}],"wp:term":[{"taxonomy":"product_brand","embeddable":true,"href":"https:\/\/rms-enlinea.com.ar\/tienda\/wp-json\/wp\/v2\/product_brand?post=59082"},{"taxonomy":"product_cat","embeddable":true,"href":"https:\/\/rms-enlinea.com.ar\/tienda\/wp-json\/wp\/v2\/product_cat?post=59082"},{"taxonomy":"product_tag","embeddable":true,"href":"https:\/\/rms-enlinea.com.ar\/tienda\/wp-json\/wp\/v2\/product_tag?post=59082"}],"curies":[{"name":"wp","href":"https:\/\/api.w.org\/{rel}","templated":true}]}}