{"id":59088,"date":"2025-11-30T16:50:11","date_gmt":"2025-11-30T19:50:11","guid":{"rendered":"https:\/\/rms-enlinea.com.ar\/tienda\/producto\/cable-de-microfono-6mm-1m-azul-redtone-rt-mc6-100bl-x1\/"},"modified":"2026-04-21T06:00:46","modified_gmt":"2026-04-21T09:00:46","slug":"cable-de-microfono-6mm-1m-azul-redtone-rt-mc6-100bl-x1","status":"publish","type":"product","link":"https:\/\/rms-enlinea.com.ar\/tienda\/producto\/cable-de-microfono-6mm-1m-azul-redtone-rt-mc6-100bl-x1\/","title":{"rendered":"Cable De Microfono 6mm 1m Azul Redtone Rt-mc6-100bl-x1"},"content":{"rendered":"<p>LA PUBLICACION CORRESPONDE A 1M DE CABLE<br \/>\nLA IMAGEN ES DE CARACTER ILUSTRATIVO<\/p>\n<p>Cable de cobre libre de ox\u00edgeno (OFC) de 6 mm, ideal para la fabricaci\u00f3n de cables de audio profesionales. Su dise\u00f1o robusto y flexible garantiza una excelente conductividad, baja p\u00e9rdida de se\u00f1al y una larga durabilidad para instalaciones y uso en escenarios<\/p>\n","protected":false},"excerpt":{"rendered":"<p>LA PUBLICACION CORRESPONDE A 1M DE CABLE LA IMAGEN ES DE CARACTER ILUSTRATIVO Cable de cobre libre de ox\u00edgeno (OFC) de 6 mm, ideal para la fabricaci\u00f3n de cables de audio profesionales. Su dise\u00f1o robusto y flexible garantiza una excelente conductividad, baja p\u00e9rdida de se\u00f1al y una larga durabilidad para instalaciones y uso en escenarios<\/p>\n","protected":false},"featured_media":0,"comment_status":"open","ping_status":"closed","template":"","meta":{"_uag_custom_page_level_css":""},"product_brand":[651],"product_cat":[57],"product_tag":[],"class_list":{"0":"post-59088","1":"product","2":"type-product","3":"status-publish","5":"product_brand-redtone","6":"product_cat-cables","8":"first","9":"outofstock","10":"sale","11":"taxable","12":"shipping-taxable","13":"purchasable","14":"product-type-simple"},"uagb_featured_image_src":{"full":false,"thumbnail":false,"medium":false,"medium_large":false,"large":false,"1536x1536":false,"2048x2048":false,"woocommerce_thumbnail":false,"woocommerce_single":false,"woocommerce_gallery_thumbnail":false},"uagb_author_info":{"display_name":"nelson","author_link":"https:\/\/rms-enlinea.com.ar\/tienda\/author\/"},"uagb_comment_info":0,"uagb_excerpt":"LA PUBLICACION CORRESPONDE A 1M DE CABLE LA IMAGEN ES DE CARACTER ILUSTRATIVO Cable de cobre libre de ox\u00edgeno (OFC) de 6 mm, ideal para la fabricaci\u00f3n de cables de audio profesionales. Su dise\u00f1o robusto y flexible garantiza una excelente conductividad, baja p\u00e9rdida de se\u00f1al y una larga durabilidad para instalaciones y uso en escenarios","_links":{"self":[{"href":"https:\/\/rms-enlinea.com.ar\/tienda\/wp-json\/wp\/v2\/product\/59088","targetHints":{"allow":["GET"]}}],"collection":[{"href":"https:\/\/rms-enlinea.com.ar\/tienda\/wp-json\/wp\/v2\/product"}],"about":[{"href":"https:\/\/rms-enlinea.com.ar\/tienda\/wp-json\/wp\/v2\/types\/product"}],"replies":[{"embeddable":true,"href":"https:\/\/rms-enlinea.com.ar\/tienda\/wp-json\/wp\/v2\/comments?post=59088"}],"wp:attachment":[{"href":"https:\/\/rms-enlinea.com.ar\/tienda\/wp-json\/wp\/v2\/media?parent=59088"}],"wp:term":[{"taxonomy":"product_brand","embeddable":true,"href":"https:\/\/rms-enlinea.com.ar\/tienda\/wp-json\/wp\/v2\/product_brand?post=59088"},{"taxonomy":"product_cat","embeddable":true,"href":"https:\/\/rms-enlinea.com.ar\/tienda\/wp-json\/wp\/v2\/product_cat?post=59088"},{"taxonomy":"product_tag","embeddable":true,"href":"https:\/\/rms-enlinea.com.ar\/tienda\/wp-json\/wp\/v2\/product_tag?post=59088"}],"curies":[{"name":"wp","href":"https:\/\/api.w.org\/{rel}","templated":true}]}}