{"id":59118,"date":"2025-11-30T20:30:06","date_gmt":"2025-11-30T23:30:06","guid":{"rendered":"https:\/\/rms-enlinea.com.ar\/tienda\/producto\/cable-de-audio-plug-a-plug-6mm-6m-redtone-rt-pp-6bk\/"},"modified":"2026-04-21T05:50:52","modified_gmt":"2026-04-21T08:50:52","slug":"cable-de-audio-plug-a-plug-6mm-6m-redtone-rt-pp-6bk","status":"publish","type":"product","link":"https:\/\/rms-enlinea.com.ar\/tienda\/producto\/cable-de-audio-plug-a-plug-6mm-6m-redtone-rt-pp-6bk\/","title":{"rendered":"Cable De Audio Plug A Plug 6mm 6m Redtone Rt-pp-6bk"},"content":{"rendered":"<p>Un cable fiable y vers\u00e1til para guitarras, bajos, teclados y equipos de audio. Sus conectores met\u00e1licos de alta calidad y su blindaje reforzado garantizan una se\u00f1al clara, libre de ruidos e interferencias<\/p>\n<p>Una opci\u00f3n duradera, perfecta tanto para presentaciones en el escenario como para grabaciones en estudio.<\/p>\n","protected":false},"excerpt":{"rendered":"<p>Un cable fiable y vers\u00e1til para guitarras, bajos, teclados y equipos de audio. Sus conectores met\u00e1licos de alta calidad y su blindaje reforzado garantizan una se\u00f1al clara, libre de ruidos e interferencias Una opci\u00f3n duradera, perfecta tanto para presentaciones en el escenario como para grabaciones en estudio.<\/p>\n","protected":false},"featured_media":59109,"comment_status":"open","ping_status":"closed","template":"","meta":{"_uag_custom_page_level_css":""},"product_brand":[651],"product_cat":[57],"product_tag":[],"class_list":{"0":"post-59118","1":"product","2":"type-product","3":"status-publish","4":"has-post-thumbnail","6":"product_brand-redtone","7":"product_cat-cables","9":"first","10":"outofstock","11":"sale","12":"taxable","13":"shipping-taxable","14":"purchasable","15":"product-type-simple"},"uagb_featured_image_src":{"full":["https:\/\/rms-enlinea.com.ar\/wp-content\/uploads\/2025\/11\/D_978473-MLA99990892113_112025-F.jpg",541,1200,false],"thumbnail":["https:\/\/rms-enlinea.com.ar\/wp-content\/uploads\/2025\/11\/D_978473-MLA99990892113_112025-F-150x150.jpg",150,150,true],"medium":["https:\/\/rms-enlinea.com.ar\/wp-content\/uploads\/2025\/11\/D_978473-MLA99990892113_112025-F-135x300.jpg",135,300,true],"medium_large":["https:\/\/rms-enlinea.com.ar\/wp-content\/uploads\/2025\/11\/D_978473-MLA99990892113_112025-F.jpg",541,1200,false],"large":["https:\/\/rms-enlinea.com.ar\/wp-content\/uploads\/2025\/11\/D_978473-MLA99990892113_112025-F-462x1024.jpg",462,1024,true],"1536x1536":["https:\/\/rms-enlinea.com.ar\/wp-content\/uploads\/2025\/11\/D_978473-MLA99990892113_112025-F.jpg",541,1200,false],"2048x2048":["https:\/\/rms-enlinea.com.ar\/wp-content\/uploads\/2025\/11\/D_978473-MLA99990892113_112025-F.jpg",541,1200,false],"woocommerce_thumbnail":["https:\/\/rms-enlinea.com.ar\/wp-content\/uploads\/2025\/11\/D_978473-MLA99990892113_112025-F-450x450.jpg",450,450,true],"woocommerce_single":["https:\/\/rms-enlinea.com.ar\/wp-content\/uploads\/2025\/11\/D_978473-MLA99990892113_112025-F.jpg",541,1200,false],"woocommerce_gallery_thumbnail":["https:\/\/rms-enlinea.com.ar\/wp-content\/uploads\/2025\/11\/D_978473-MLA99990892113_112025-F-100x100.jpg",100,100,true]},"uagb_author_info":{"display_name":"mario","author_link":"https:\/\/rms-enlinea.com.ar\/tienda\/author\/"},"uagb_comment_info":0,"uagb_excerpt":"Un cable fiable y vers\u00e1til para guitarras, bajos, teclados y equipos de audio. Sus conectores met\u00e1licos de alta calidad y su blindaje reforzado garantizan una se\u00f1al clara, libre de ruidos e interferencias Una opci\u00f3n duradera, perfecta tanto para presentaciones en el escenario como para grabaciones en estudio.","_links":{"self":[{"href":"https:\/\/rms-enlinea.com.ar\/tienda\/wp-json\/wp\/v2\/product\/59118","targetHints":{"allow":["GET"]}}],"collection":[{"href":"https:\/\/rms-enlinea.com.ar\/tienda\/wp-json\/wp\/v2\/product"}],"about":[{"href":"https:\/\/rms-enlinea.com.ar\/tienda\/wp-json\/wp\/v2\/types\/product"}],"replies":[{"embeddable":true,"href":"https:\/\/rms-enlinea.com.ar\/tienda\/wp-json\/wp\/v2\/comments?post=59118"}],"wp:featuredmedia":[{"embeddable":true,"href":"https:\/\/rms-enlinea.com.ar\/tienda\/wp-json\/wp\/v2\/media\/59109"}],"wp:attachment":[{"href":"https:\/\/rms-enlinea.com.ar\/tienda\/wp-json\/wp\/v2\/media?parent=59118"}],"wp:term":[{"taxonomy":"product_brand","embeddable":true,"href":"https:\/\/rms-enlinea.com.ar\/tienda\/wp-json\/wp\/v2\/product_brand?post=59118"},{"taxonomy":"product_cat","embeddable":true,"href":"https:\/\/rms-enlinea.com.ar\/tienda\/wp-json\/wp\/v2\/product_cat?post=59118"},{"taxonomy":"product_tag","embeddable":true,"href":"https:\/\/rms-enlinea.com.ar\/tienda\/wp-json\/wp\/v2\/product_tag?post=59118"}],"curies":[{"name":"wp","href":"https:\/\/api.w.org\/{rel}","templated":true}]}}