{"id":59153,"date":"2025-12-01T16:02:00","date_gmt":"2025-12-01T19:02:00","guid":{"rendered":"https:\/\/rms-enlinea.com.ar\/tienda\/producto\/cable-audio-xlr-a-plug-mono-6-3mm-3m-redtone-rt-cpm-3\/"},"modified":"2026-03-31T19:25:03","modified_gmt":"2026-03-31T22:25:03","slug":"cable-audio-xlr-a-plug-mono-6-3mm-3m-redtone-rt-cpm-3","status":"publish","type":"product","link":"https:\/\/rms-enlinea.com.ar\/tienda\/producto\/cable-audio-xlr-a-plug-mono-6-3mm-3m-redtone-rt-cpm-3\/","title":{"rendered":"Cable Audio Xlr A Plug Mono 6.3mm 3m Redtone Rt-cpm-3"},"content":{"rendered":"<p>Un cable fiable y vers\u00e1til para guitarras, bajos, teclados y equipos de audio. Sus conectores met\u00e1licos de alta calidad y su blindaje reforzado garantizan una se\u00f1al clara, libre de ruido e interferencias<\/p>\n<p>Una opci\u00f3n duradera, perfecta tanto para presentaciones en el escenario como para grabaciones en estudio.<\/p>\n","protected":false},"excerpt":{"rendered":"<p>Un cable fiable y vers\u00e1til para guitarras, bajos, teclados y equipos de audio. Sus conectores met\u00e1licos de alta calidad y su blindaje reforzado garantizan una se\u00f1al clara, libre de ruido e interferencias Una opci\u00f3n duradera, perfecta tanto para presentaciones en el escenario como para grabaciones en estudio.<\/p>\n","protected":false},"featured_media":59152,"comment_status":"open","ping_status":"closed","template":"","meta":{"_uag_custom_page_level_css":""},"product_brand":[651],"product_cat":[57],"product_tag":[],"class_list":{"0":"post-59153","1":"product","2":"type-product","3":"status-publish","4":"has-post-thumbnail","6":"product_brand-redtone","7":"product_cat-cables","9":"first","10":"outofstock","11":"sale","12":"taxable","13":"shipping-taxable","14":"purchasable","15":"product-type-simple"},"uagb_featured_image_src":{"full":["https:\/\/rms-enlinea.com.ar\/wp-content\/uploads\/2025\/12\/D_800477-MLA99590694260_122025-F.jpg",455,1171,false],"thumbnail":["https:\/\/rms-enlinea.com.ar\/wp-content\/uploads\/2025\/12\/D_800477-MLA99590694260_122025-F-150x150.jpg",150,150,true],"medium":["https:\/\/rms-enlinea.com.ar\/wp-content\/uploads\/2025\/12\/D_800477-MLA99590694260_122025-F-117x300.jpg",117,300,true],"medium_large":["https:\/\/rms-enlinea.com.ar\/wp-content\/uploads\/2025\/12\/D_800477-MLA99590694260_122025-F.jpg",455,1171,false],"large":["https:\/\/rms-enlinea.com.ar\/wp-content\/uploads\/2025\/12\/D_800477-MLA99590694260_122025-F-398x1024.jpg",398,1024,true],"1536x1536":["https:\/\/rms-enlinea.com.ar\/wp-content\/uploads\/2025\/12\/D_800477-MLA99590694260_122025-F.jpg",455,1171,false],"2048x2048":["https:\/\/rms-enlinea.com.ar\/wp-content\/uploads\/2025\/12\/D_800477-MLA99590694260_122025-F.jpg",455,1171,false],"woocommerce_thumbnail":["https:\/\/rms-enlinea.com.ar\/wp-content\/uploads\/2025\/12\/D_800477-MLA99590694260_122025-F-450x450.jpg",450,450,true],"woocommerce_single":["https:\/\/rms-enlinea.com.ar\/wp-content\/uploads\/2025\/12\/D_800477-MLA99590694260_122025-F.jpg",455,1171,false],"woocommerce_gallery_thumbnail":["https:\/\/rms-enlinea.com.ar\/wp-content\/uploads\/2025\/12\/D_800477-MLA99590694260_122025-F-100x100.jpg",100,100,true]},"uagb_author_info":{"display_name":"mario","author_link":"https:\/\/rms-enlinea.com.ar\/tienda\/author\/"},"uagb_comment_info":0,"uagb_excerpt":"Un cable fiable y vers\u00e1til para guitarras, bajos, teclados y equipos de audio. Sus conectores met\u00e1licos de alta calidad y su blindaje reforzado garantizan una se\u00f1al clara, libre de ruido e interferencias Una opci\u00f3n duradera, perfecta tanto para presentaciones en el escenario como para grabaciones en estudio.","_links":{"self":[{"href":"https:\/\/rms-enlinea.com.ar\/tienda\/wp-json\/wp\/v2\/product\/59153","targetHints":{"allow":["GET"]}}],"collection":[{"href":"https:\/\/rms-enlinea.com.ar\/tienda\/wp-json\/wp\/v2\/product"}],"about":[{"href":"https:\/\/rms-enlinea.com.ar\/tienda\/wp-json\/wp\/v2\/types\/product"}],"replies":[{"embeddable":true,"href":"https:\/\/rms-enlinea.com.ar\/tienda\/wp-json\/wp\/v2\/comments?post=59153"}],"wp:featuredmedia":[{"embeddable":true,"href":"https:\/\/rms-enlinea.com.ar\/tienda\/wp-json\/wp\/v2\/media\/59152"}],"wp:attachment":[{"href":"https:\/\/rms-enlinea.com.ar\/tienda\/wp-json\/wp\/v2\/media?parent=59153"}],"wp:term":[{"taxonomy":"product_brand","embeddable":true,"href":"https:\/\/rms-enlinea.com.ar\/tienda\/wp-json\/wp\/v2\/product_brand?post=59153"},{"taxonomy":"product_cat","embeddable":true,"href":"https:\/\/rms-enlinea.com.ar\/tienda\/wp-json\/wp\/v2\/product_cat?post=59153"},{"taxonomy":"product_tag","embeddable":true,"href":"https:\/\/rms-enlinea.com.ar\/tienda\/wp-json\/wp\/v2\/product_tag?post=59153"}],"curies":[{"name":"wp","href":"https:\/\/api.w.org\/{rel}","templated":true}]}}