{"id":5920,"date":"2025-06-12T03:50:39","date_gmt":"2025-06-12T06:50:39","guid":{"rendered":"https:\/\/rms-enlinea.com.ar\/tienda\/producto\/access-point-d-link-dap-1665-ac1200-dual-band-1200mbps\/"},"modified":"2026-04-17T18:11:36","modified_gmt":"2026-04-17T21:11:36","slug":"access-point-d-link-dap-1665-ac1200-dual-band-1200mbps","status":"publish","type":"product","link":"https:\/\/rms-enlinea.com.ar\/tienda\/producto\/access-point-d-link-dap-1665-ac1200-dual-band-1200mbps\/","title":{"rendered":"Access Point D-link Dap-1665 Ac1200 Dual Band 1200mbps"},"content":{"rendered":"<p>El DAP-1665 AC1200 ofrece velocidades de hasta 1200 Mbps (entre 2.4GHz y 5GHz) , por lo que puede extender su red inal\u00e1mbrica de alta velocidad y transferir r\u00e1pidamente archivos grandes entre todos sus dispositivos.<br \/>\n7 Modos de Operaci\u00f3n<br \/>\nSoporta hasta 8 VLANs<br \/>\n1 X Gigabit Ethernet<br \/>\n2 Antenas 5dBi desmontables<\/p>\n","protected":false},"excerpt":{"rendered":"<p>El DAP-1665 AC1200 ofrece velocidades de hasta 1200 Mbps (entre 2.4GHz y 5GHz) , por lo que puede extender su red inal\u00e1mbrica de alta velocidad y transferir r\u00e1pidamente archivos grandes entre todos sus dispositivos. 7 Modos de Operaci\u00f3n Soporta hasta 8 VLANs 1 X Gigabit Ethernet 2 Antenas 5dBi desmontables<\/p>\n","protected":false},"featured_media":5921,"comment_status":"open","ping_status":"closed","template":"","meta":{"_uag_custom_page_level_css":""},"product_brand":[547],"product_cat":[122],"product_tag":[],"class_list":{"0":"post-5920","1":"product","2":"type-product","3":"status-publish","4":"has-post-thumbnail","6":"product_brand-dlink","7":"product_cat-redes-y-conectividad","9":"first","10":"outofstock","11":"sale","12":"taxable","13":"shipping-taxable","14":"purchasable","15":"product-type-simple"},"uagb_featured_image_src":{"full":["https:\/\/rms-enlinea.com.ar\/wp-content\/uploads\/2025\/06\/D_646853-MLA43683779438_102020-F.jpg",1108,1162,false],"thumbnail":["https:\/\/rms-enlinea.com.ar\/wp-content\/uploads\/2025\/06\/D_646853-MLA43683779438_102020-F-150x150.jpg",150,150,true],"medium":["https:\/\/rms-enlinea.com.ar\/wp-content\/uploads\/2025\/06\/D_646853-MLA43683779438_102020-F-286x300.jpg",286,300,true],"medium_large":["https:\/\/rms-enlinea.com.ar\/wp-content\/uploads\/2025\/06\/D_646853-MLA43683779438_102020-F-768x805.jpg",768,805,true],"large":["https:\/\/rms-enlinea.com.ar\/wp-content\/uploads\/2025\/06\/D_646853-MLA43683779438_102020-F-976x1024.jpg",976,1024,true],"1536x1536":["https:\/\/rms-enlinea.com.ar\/wp-content\/uploads\/2025\/06\/D_646853-MLA43683779438_102020-F.jpg",1108,1162,false],"2048x2048":["https:\/\/rms-enlinea.com.ar\/wp-content\/uploads\/2025\/06\/D_646853-MLA43683779438_102020-F.jpg",1108,1162,false],"woocommerce_thumbnail":["https:\/\/rms-enlinea.com.ar\/wp-content\/uploads\/2025\/06\/D_646853-MLA43683779438_102020-F-450x450.jpg",450,450,true],"woocommerce_single":["https:\/\/rms-enlinea.com.ar\/wp-content\/uploads\/2025\/06\/D_646853-MLA43683779438_102020-F-600x629.jpg",600,629,true],"woocommerce_gallery_thumbnail":["https:\/\/rms-enlinea.com.ar\/wp-content\/uploads\/2025\/06\/D_646853-MLA43683779438_102020-F-100x100.jpg",100,100,true]},"uagb_author_info":{"display_name":"l0071054","author_link":"https:\/\/rms-enlinea.com.ar\/tienda\/author\/"},"uagb_comment_info":0,"uagb_excerpt":"El DAP-1665 AC1200 ofrece velocidades de hasta 1200 Mbps (entre 2.4GHz y 5GHz) , por lo que puede extender su red inal\u00e1mbrica de alta velocidad y transferir r\u00e1pidamente archivos grandes entre todos sus dispositivos. 7 Modos de Operaci\u00f3n Soporta hasta 8 VLANs 1 X Gigabit Ethernet 2 Antenas 5dBi desmontables","_links":{"self":[{"href":"https:\/\/rms-enlinea.com.ar\/tienda\/wp-json\/wp\/v2\/product\/5920","targetHints":{"allow":["GET"]}}],"collection":[{"href":"https:\/\/rms-enlinea.com.ar\/tienda\/wp-json\/wp\/v2\/product"}],"about":[{"href":"https:\/\/rms-enlinea.com.ar\/tienda\/wp-json\/wp\/v2\/types\/product"}],"replies":[{"embeddable":true,"href":"https:\/\/rms-enlinea.com.ar\/tienda\/wp-json\/wp\/v2\/comments?post=5920"}],"wp:featuredmedia":[{"embeddable":true,"href":"https:\/\/rms-enlinea.com.ar\/tienda\/wp-json\/wp\/v2\/media\/5921"}],"wp:attachment":[{"href":"https:\/\/rms-enlinea.com.ar\/tienda\/wp-json\/wp\/v2\/media?parent=5920"}],"wp:term":[{"taxonomy":"product_brand","embeddable":true,"href":"https:\/\/rms-enlinea.com.ar\/tienda\/wp-json\/wp\/v2\/product_brand?post=5920"},{"taxonomy":"product_cat","embeddable":true,"href":"https:\/\/rms-enlinea.com.ar\/tienda\/wp-json\/wp\/v2\/product_cat?post=5920"},{"taxonomy":"product_tag","embeddable":true,"href":"https:\/\/rms-enlinea.com.ar\/tienda\/wp-json\/wp\/v2\/product_tag?post=5920"}],"curies":[{"name":"wp","href":"https:\/\/api.w.org\/{rel}","templated":true}]}}