{"id":59260,"date":"2025-12-03T17:00:07","date_gmt":"2025-12-03T20:00:07","guid":{"rendered":"https:\/\/rms-enlinea.com.ar\/tienda\/producto\/mouse-logitech-wireless-mx-master-4-pale-grey\/"},"modified":"2026-04-21T07:01:22","modified_gmt":"2026-04-21T10:01:22","slug":"mouse-logitech-wireless-mx-master-4-pale-grey","status":"publish","type":"product","link":"https:\/\/rms-enlinea.com.ar\/tienda\/producto\/mouse-logitech-wireless-mx-master-4-pale-grey\/","title":{"rendered":"Mouse Logitech Wireless Mx Master 4 Pale Grey"},"content":{"rendered":"<p>Sensors<\/p>\n<p>Tecnolog\u00eda del sensor: Alta precisi\u00f3n Darkfield<br \/>\nValor nominal: 1000<br \/>\ndpi (valores m\u00ednimo y m\u00e1ximo): 200 a 8000 (se puede configurar en incrementos de 50 DPI)<br \/>\nBotones<\/p>\n<p>N\u00famero de botones: 8<br \/>\nRueda de desplazamiento: S\u00ed, bot\u00f3n rueda MagSpeed con cambio inteligente<br \/>\nDesplazamiento horizontal: S\u00ed<br \/>\nBot\u00f3n rueda para el pulgar: S\u00ed, igual que el desplazamiento horizontal<br \/>\nBot\u00f3n de gestos: S\u00ed<br \/>\nAplicaci\u00f3n que permite personalizarlo: S\u00ed, Options+ y asistencia b\u00e1sica en Tune<\/p>\n","protected":false},"excerpt":{"rendered":"<p>Sensors Tecnolog\u00eda del sensor: Alta precisi\u00f3n Darkfield Valor nominal: 1000 dpi (valores m\u00ednimo y m\u00e1ximo): 200 a 8000 (se puede configurar en incrementos de 50 DPI) Botones N\u00famero de botones: 8 Rueda de desplazamiento: S\u00ed, bot\u00f3n rueda MagSpeed con cambio inteligente Desplazamiento horizontal: S\u00ed Bot\u00f3n rueda para el pulgar: S\u00ed, igual que el desplazamiento horizontal [&hellip;]<\/p>\n","protected":false},"featured_media":59261,"comment_status":"open","ping_status":"closed","template":"","meta":{"_uag_custom_page_level_css":""},"product_brand":[549],"product_cat":[15,125],"product_tag":[],"class_list":{"0":"post-59260","1":"product","2":"type-product","3":"status-publish","4":"has-post-thumbnail","6":"product_brand-logitech","7":"product_cat-sin-categorizar","8":"product_cat-teclados-y-mouses","10":"first","11":"outofstock","12":"sale","13":"taxable","14":"shipping-taxable","15":"purchasable","16":"product-type-simple"},"uagb_featured_image_src":{"full":["https:\/\/rms-enlinea.com.ar\/wp-content\/uploads\/2025\/12\/D_653850-MLA99775247746_122025-F.jpg",316,458,false],"thumbnail":["https:\/\/rms-enlinea.com.ar\/wp-content\/uploads\/2025\/12\/D_653850-MLA99775247746_122025-F-150x150.jpg",150,150,true],"medium":["https:\/\/rms-enlinea.com.ar\/wp-content\/uploads\/2025\/12\/D_653850-MLA99775247746_122025-F-207x300.jpg",207,300,true],"medium_large":["https:\/\/rms-enlinea.com.ar\/wp-content\/uploads\/2025\/12\/D_653850-MLA99775247746_122025-F.jpg",316,458,false],"large":["https:\/\/rms-enlinea.com.ar\/wp-content\/uploads\/2025\/12\/D_653850-MLA99775247746_122025-F.jpg",316,458,false],"1536x1536":["https:\/\/rms-enlinea.com.ar\/wp-content\/uploads\/2025\/12\/D_653850-MLA99775247746_122025-F.jpg",316,458,false],"2048x2048":["https:\/\/rms-enlinea.com.ar\/wp-content\/uploads\/2025\/12\/D_653850-MLA99775247746_122025-F.jpg",316,458,false],"woocommerce_thumbnail":["https:\/\/rms-enlinea.com.ar\/wp-content\/uploads\/2025\/12\/D_653850-MLA99775247746_122025-F-316x450.jpg",316,450,true],"woocommerce_single":["https:\/\/rms-enlinea.com.ar\/wp-content\/uploads\/2025\/12\/D_653850-MLA99775247746_122025-F.jpg",316,458,false],"woocommerce_gallery_thumbnail":["https:\/\/rms-enlinea.com.ar\/wp-content\/uploads\/2025\/12\/D_653850-MLA99775247746_122025-F-100x100.jpg",100,100,true]},"uagb_author_info":{"display_name":"nelson","author_link":"https:\/\/rms-enlinea.com.ar\/tienda\/author\/"},"uagb_comment_info":0,"uagb_excerpt":"Sensors Tecnolog\u00eda del sensor: Alta precisi\u00f3n Darkfield Valor nominal: 1000 dpi (valores m\u00ednimo y m\u00e1ximo): 200 a 8000 (se puede configurar en incrementos de 50 DPI) Botones N\u00famero de botones: 8 Rueda de desplazamiento: S\u00ed, bot\u00f3n rueda MagSpeed con cambio inteligente Desplazamiento horizontal: S\u00ed Bot\u00f3n rueda para el pulgar: S\u00ed, igual que el desplazamiento horizontal&hellip;","_links":{"self":[{"href":"https:\/\/rms-enlinea.com.ar\/tienda\/wp-json\/wp\/v2\/product\/59260","targetHints":{"allow":["GET"]}}],"collection":[{"href":"https:\/\/rms-enlinea.com.ar\/tienda\/wp-json\/wp\/v2\/product"}],"about":[{"href":"https:\/\/rms-enlinea.com.ar\/tienda\/wp-json\/wp\/v2\/types\/product"}],"replies":[{"embeddable":true,"href":"https:\/\/rms-enlinea.com.ar\/tienda\/wp-json\/wp\/v2\/comments?post=59260"}],"wp:featuredmedia":[{"embeddable":true,"href":"https:\/\/rms-enlinea.com.ar\/tienda\/wp-json\/wp\/v2\/media\/59261"}],"wp:attachment":[{"href":"https:\/\/rms-enlinea.com.ar\/tienda\/wp-json\/wp\/v2\/media?parent=59260"}],"wp:term":[{"taxonomy":"product_brand","embeddable":true,"href":"https:\/\/rms-enlinea.com.ar\/tienda\/wp-json\/wp\/v2\/product_brand?post=59260"},{"taxonomy":"product_cat","embeddable":true,"href":"https:\/\/rms-enlinea.com.ar\/tienda\/wp-json\/wp\/v2\/product_cat?post=59260"},{"taxonomy":"product_tag","embeddable":true,"href":"https:\/\/rms-enlinea.com.ar\/tienda\/wp-json\/wp\/v2\/product_tag?post=59260"}],"curies":[{"name":"wp","href":"https:\/\/api.w.org\/{rel}","templated":true}]}}