{"id":59266,"date":"2025-12-03T17:00:19","date_gmt":"2025-12-03T20:00:19","guid":{"rendered":"https:\/\/rms-enlinea.com.ar\/tienda\/producto\/mouse-logitech-wireless-mx-master-4-graphite\/"},"modified":"2026-04-10T11:50:47","modified_gmt":"2026-04-10T14:50:47","slug":"mouse-logitech-wireless-mx-master-4-graphite","status":"publish","type":"product","link":"https:\/\/rms-enlinea.com.ar\/tienda\/producto\/mouse-logitech-wireless-mx-master-4-graphite\/","title":{"rendered":"Mouse Logitech Wireless Mx Master 4 Graphite"},"content":{"rendered":"<p>Sensors<\/p>\n<p>Tecnolog\u00eda del sensor: Alta precisi\u00f3n Darkfield<br \/>\nValor nominal: 1000<br \/>\ndpi (valores m\u00ednimo y m\u00e1ximo): 200 a 8000 (se puede configurar en incrementos de 50 DPI)<br \/>\nBotones<\/p>\n<p>N\u00famero de botones: 8<br \/>\nRueda de desplazamiento: S\u00ed, bot\u00f3n rueda MagSpeed con cambio inteligente<br \/>\nDesplazamiento horizontal: S\u00ed<br \/>\nBot\u00f3n rueda para el pulgar: S\u00ed, igual que el desplazamiento horizontal<br \/>\nBot\u00f3n de gestos: S\u00ed<br \/>\nAplicaci\u00f3n que permite personalizarlo: S\u00ed, Options+ y asistencia b\u00e1sica en Tune<br \/>\nBater\u00eda y carga<\/p>\n<p>Tipo de bater\u00edas: Recargable de 650 mAh<br \/>\nDuraci\u00f3n de la bater\u00eda: 70 d\u00edas<\/p>\n","protected":false},"excerpt":{"rendered":"<p>Sensors Tecnolog\u00eda del sensor: Alta precisi\u00f3n Darkfield Valor nominal: 1000 dpi (valores m\u00ednimo y m\u00e1ximo): 200 a 8000 (se puede configurar en incrementos de 50 DPI) Botones N\u00famero de botones: 8 Rueda de desplazamiento: S\u00ed, bot\u00f3n rueda MagSpeed con cambio inteligente Desplazamiento horizontal: S\u00ed Bot\u00f3n rueda para el pulgar: S\u00ed, igual que el desplazamiento horizontal [&hellip;]<\/p>\n","protected":false},"featured_media":59267,"comment_status":"open","ping_status":"closed","template":"","meta":{"_uag_custom_page_level_css":""},"product_brand":[549],"product_cat":[15,125],"product_tag":[],"class_list":{"0":"post-59266","1":"product","2":"type-product","3":"status-publish","4":"has-post-thumbnail","6":"product_brand-logitech","7":"product_cat-sin-categorizar","8":"product_cat-teclados-y-mouses","10":"first","11":"instock","12":"sale","13":"taxable","14":"shipping-taxable","15":"purchasable","16":"product-type-simple"},"uagb_featured_image_src":{"full":["https:\/\/rms-enlinea.com.ar\/wp-content\/uploads\/2025\/12\/D_938535-MLA95876547844_102025-F.jpg",826,1199,false],"thumbnail":["https:\/\/rms-enlinea.com.ar\/wp-content\/uploads\/2025\/12\/D_938535-MLA95876547844_102025-F-150x150.jpg",150,150,true],"medium":["https:\/\/rms-enlinea.com.ar\/wp-content\/uploads\/2025\/12\/D_938535-MLA95876547844_102025-F-207x300.jpg",207,300,true],"medium_large":["https:\/\/rms-enlinea.com.ar\/wp-content\/uploads\/2025\/12\/D_938535-MLA95876547844_102025-F-768x1115.jpg",768,1115,true],"large":["https:\/\/rms-enlinea.com.ar\/wp-content\/uploads\/2025\/12\/D_938535-MLA95876547844_102025-F-705x1024.jpg",705,1024,true],"1536x1536":["https:\/\/rms-enlinea.com.ar\/wp-content\/uploads\/2025\/12\/D_938535-MLA95876547844_102025-F.jpg",826,1199,false],"2048x2048":["https:\/\/rms-enlinea.com.ar\/wp-content\/uploads\/2025\/12\/D_938535-MLA95876547844_102025-F.jpg",826,1199,false],"woocommerce_thumbnail":["https:\/\/rms-enlinea.com.ar\/wp-content\/uploads\/2025\/12\/D_938535-MLA95876547844_102025-F-450x450.jpg",450,450,true],"woocommerce_single":["https:\/\/rms-enlinea.com.ar\/wp-content\/uploads\/2025\/12\/D_938535-MLA95876547844_102025-F-600x871.jpg",600,871,true],"woocommerce_gallery_thumbnail":["https:\/\/rms-enlinea.com.ar\/wp-content\/uploads\/2025\/12\/D_938535-MLA95876547844_102025-F-100x100.jpg",100,100,true]},"uagb_author_info":{"display_name":"nelson","author_link":"https:\/\/rms-enlinea.com.ar\/tienda\/author\/"},"uagb_comment_info":0,"uagb_excerpt":"Sensors Tecnolog\u00eda del sensor: Alta precisi\u00f3n Darkfield Valor nominal: 1000 dpi (valores m\u00ednimo y m\u00e1ximo): 200 a 8000 (se puede configurar en incrementos de 50 DPI) Botones N\u00famero de botones: 8 Rueda de desplazamiento: S\u00ed, bot\u00f3n rueda MagSpeed con cambio inteligente Desplazamiento horizontal: S\u00ed Bot\u00f3n rueda para el pulgar: S\u00ed, igual que el desplazamiento horizontal&hellip;","_links":{"self":[{"href":"https:\/\/rms-enlinea.com.ar\/tienda\/wp-json\/wp\/v2\/product\/59266","targetHints":{"allow":["GET"]}}],"collection":[{"href":"https:\/\/rms-enlinea.com.ar\/tienda\/wp-json\/wp\/v2\/product"}],"about":[{"href":"https:\/\/rms-enlinea.com.ar\/tienda\/wp-json\/wp\/v2\/types\/product"}],"replies":[{"embeddable":true,"href":"https:\/\/rms-enlinea.com.ar\/tienda\/wp-json\/wp\/v2\/comments?post=59266"}],"wp:featuredmedia":[{"embeddable":true,"href":"https:\/\/rms-enlinea.com.ar\/tienda\/wp-json\/wp\/v2\/media\/59267"}],"wp:attachment":[{"href":"https:\/\/rms-enlinea.com.ar\/tienda\/wp-json\/wp\/v2\/media?parent=59266"}],"wp:term":[{"taxonomy":"product_brand","embeddable":true,"href":"https:\/\/rms-enlinea.com.ar\/tienda\/wp-json\/wp\/v2\/product_brand?post=59266"},{"taxonomy":"product_cat","embeddable":true,"href":"https:\/\/rms-enlinea.com.ar\/tienda\/wp-json\/wp\/v2\/product_cat?post=59266"},{"taxonomy":"product_tag","embeddable":true,"href":"https:\/\/rms-enlinea.com.ar\/tienda\/wp-json\/wp\/v2\/product_tag?post=59266"}],"curies":[{"name":"wp","href":"https:\/\/api.w.org\/{rel}","templated":true}]}}