{"id":59276,"date":"2025-12-03T17:20:21","date_gmt":"2025-12-03T20:20:21","guid":{"rendered":"https:\/\/rms-enlinea.com.ar\/tienda\/producto\/camara-web-logitech-brio-100-960-001586-1080p-30fps-usb\/"},"modified":"2026-04-02T16:45:56","modified_gmt":"2026-04-02T19:45:56","slug":"camara-web-logitech-brio-100-960-001586-1080p-30fps-usb","status":"publish","type":"product","link":"https:\/\/rms-enlinea.com.ar\/tienda\/producto\/camara-web-logitech-brio-100-960-001586-1080p-30fps-usb\/","title":{"rendered":"Camara Web Logitech Brio 100 960-001586 1080p 30fps Usb"},"content":{"rendered":"<p>Especificaciones t\u00e9cnicas<br \/>\nM\u00faltiples resoluciones<br \/>\n1080p\/30 fps (1920 x 1080 p\u00edxeles)<br \/>\n720p\/30 fps (1280 x 720 p\u00edxeles)<br \/>\nMegap\u00edxeles de c\u00e1mara: 2 MP<br \/>\nTipo de enfoque: Foco fijo<br \/>\nTipo de lente: Lente especial de pl\u00e1stico de 4 elementos con revestimiento antirreflectante<br \/>\nTipo de micr\u00f3fono integrado<br \/>\nMicr\u00f3fono omnidireccional<br \/>\nRadio de acci\u00f3n del micr\u00f3fono: Hasta 1 m<br \/>\nCampo visual diagonal (dFoV): 58\u00b0<br \/>\nTapa de privacidad integrada<br \/>\nConectividad USB: Plug and Play USB-A<br \/>\nCorrecci\u00f3n de iluminaci\u00f3n autom\u00e1tica RightLight 2 para luces dif\u00edciles<\/p>\n","protected":false},"excerpt":{"rendered":"<p>Especificaciones t\u00e9cnicas M\u00faltiples resoluciones 1080p\/30 fps (1920 x 1080 p\u00edxeles) 720p\/30 fps (1280 x 720 p\u00edxeles) Megap\u00edxeles de c\u00e1mara: 2 MP Tipo de enfoque: Foco fijo Tipo de lente: Lente especial de pl\u00e1stico de 4 elementos con revestimiento antirreflectante Tipo de micr\u00f3fono integrado Micr\u00f3fono omnidireccional Radio de acci\u00f3n del micr\u00f3fono: Hasta 1 m Campo visual [&hellip;]<\/p>\n","protected":false},"featured_media":27180,"comment_status":"open","ping_status":"closed","template":"","meta":{"_uag_custom_page_level_css":""},"product_brand":[549],"product_cat":[102,15],"product_tag":[],"class_list":{"0":"post-59276","1":"product","2":"type-product","3":"status-publish","4":"has-post-thumbnail","6":"product_brand-logitech","7":"product_cat-camaras-webcam","8":"product_cat-sin-categorizar","10":"first","11":"outofstock","12":"sale","13":"taxable","14":"shipping-taxable","15":"purchasable","16":"product-type-simple"},"uagb_featured_image_src":{"full":["https:\/\/rms-enlinea.com.ar\/wp-content\/uploads\/2025\/06\/D_863129-MLU78092084796_082024-F.jpg",1043,1020,false],"thumbnail":["https:\/\/rms-enlinea.com.ar\/wp-content\/uploads\/2025\/06\/D_863129-MLU78092084796_082024-F-150x150.jpg",150,150,true],"medium":["https:\/\/rms-enlinea.com.ar\/wp-content\/uploads\/2025\/06\/D_863129-MLU78092084796_082024-F-300x293.jpg",300,293,true],"medium_large":["https:\/\/rms-enlinea.com.ar\/wp-content\/uploads\/2025\/06\/D_863129-MLU78092084796_082024-F-768x751.jpg",768,751,true],"large":["https:\/\/rms-enlinea.com.ar\/wp-content\/uploads\/2025\/06\/D_863129-MLU78092084796_082024-F-1024x1001.jpg",1024,1001,true],"1536x1536":["https:\/\/rms-enlinea.com.ar\/wp-content\/uploads\/2025\/06\/D_863129-MLU78092084796_082024-F.jpg",1043,1020,false],"2048x2048":["https:\/\/rms-enlinea.com.ar\/wp-content\/uploads\/2025\/06\/D_863129-MLU78092084796_082024-F.jpg",1043,1020,false],"woocommerce_thumbnail":["https:\/\/rms-enlinea.com.ar\/wp-content\/uploads\/2025\/06\/D_863129-MLU78092084796_082024-F-450x450.jpg",450,450,true],"woocommerce_single":["https:\/\/rms-enlinea.com.ar\/wp-content\/uploads\/2025\/06\/D_863129-MLU78092084796_082024-F-600x587.jpg",600,587,true],"woocommerce_gallery_thumbnail":["https:\/\/rms-enlinea.com.ar\/wp-content\/uploads\/2025\/06\/D_863129-MLU78092084796_082024-F-100x100.jpg",100,100,true]},"uagb_author_info":{"display_name":"nelson","author_link":"https:\/\/rms-enlinea.com.ar\/tienda\/author\/"},"uagb_comment_info":0,"uagb_excerpt":"Especificaciones t\u00e9cnicas M\u00faltiples resoluciones 1080p\/30 fps (1920 x 1080 p\u00edxeles) 720p\/30 fps (1280 x 720 p\u00edxeles) Megap\u00edxeles de c\u00e1mara: 2 MP Tipo de enfoque: Foco fijo Tipo de lente: Lente especial de pl\u00e1stico de 4 elementos con revestimiento antirreflectante Tipo de micr\u00f3fono integrado Micr\u00f3fono omnidireccional Radio de acci\u00f3n del micr\u00f3fono: Hasta 1 m Campo visual&hellip;","_links":{"self":[{"href":"https:\/\/rms-enlinea.com.ar\/tienda\/wp-json\/wp\/v2\/product\/59276","targetHints":{"allow":["GET"]}}],"collection":[{"href":"https:\/\/rms-enlinea.com.ar\/tienda\/wp-json\/wp\/v2\/product"}],"about":[{"href":"https:\/\/rms-enlinea.com.ar\/tienda\/wp-json\/wp\/v2\/types\/product"}],"replies":[{"embeddable":true,"href":"https:\/\/rms-enlinea.com.ar\/tienda\/wp-json\/wp\/v2\/comments?post=59276"}],"wp:featuredmedia":[{"embeddable":true,"href":"https:\/\/rms-enlinea.com.ar\/tienda\/wp-json\/wp\/v2\/media\/27180"}],"wp:attachment":[{"href":"https:\/\/rms-enlinea.com.ar\/tienda\/wp-json\/wp\/v2\/media?parent=59276"}],"wp:term":[{"taxonomy":"product_brand","embeddable":true,"href":"https:\/\/rms-enlinea.com.ar\/tienda\/wp-json\/wp\/v2\/product_brand?post=59276"},{"taxonomy":"product_cat","embeddable":true,"href":"https:\/\/rms-enlinea.com.ar\/tienda\/wp-json\/wp\/v2\/product_cat?post=59276"},{"taxonomy":"product_tag","embeddable":true,"href":"https:\/\/rms-enlinea.com.ar\/tienda\/wp-json\/wp\/v2\/product_tag?post=59276"}],"curies":[{"name":"wp","href":"https:\/\/api.w.org\/{rel}","templated":true}]}}