{"id":59279,"date":"2025-12-03T17:50:31","date_gmt":"2025-12-03T20:50:31","guid":{"rendered":"https:\/\/rms-enlinea.com.ar\/tienda\/producto\/puntero-laser-genius-media-ponter-100-presentador-diapositiv\/"},"modified":"2026-04-08T17:30:23","modified_gmt":"2026-04-08T20:30:23","slug":"puntero-laser-genius-media-ponter-100-presentador-diapositiv","status":"publish","type":"product","link":"https:\/\/rms-enlinea.com.ar\/tienda\/producto\/puntero-laser-genius-media-ponter-100-presentador-diapositiv\/","title":{"rendered":"Puntero Laser Genius Media Ponter 100 Presentador Diapositiv"},"content":{"rendered":"<p>Tecnolog\u00eda inal\u00e1mbrica 2.4GHz<br \/>\nDimensiones 105 x 38 x 18 mm (4.13 x 1.5 x 0.7 pulgadas)<br \/>\nPeso (g) 157 g<br \/>\nTipo de bater\u00eda AAA x2<\/p>\n","protected":false},"excerpt":{"rendered":"<p>Tecnolog\u00eda inal\u00e1mbrica 2.4GHz Dimensiones 105 x 38 x 18 mm (4.13 x 1.5 x 0.7 pulgadas) Peso (g) 157 g Tipo de bater\u00eda AAA x2<\/p>\n","protected":false},"featured_media":6507,"comment_status":"open","ping_status":"closed","template":"","meta":{"_uag_custom_page_level_css":""},"product_brand":[550],"product_cat":[111,15],"product_tag":[],"class_list":{"0":"post-59279","1":"product","2":"type-product","3":"status-publish","4":"has-post-thumbnail","6":"product_brand-genius","7":"product_cat-joystick","8":"product_cat-sin-categorizar","10":"first","11":"instock","12":"sale","13":"taxable","14":"shipping-taxable","15":"purchasable","16":"product-type-simple"},"uagb_featured_image_src":{"full":["https:\/\/rms-enlinea.com.ar\/wp-content\/uploads\/2025\/06\/D_788263-MLU71834240034_092023-F.jpg",1121,1200,false],"thumbnail":["https:\/\/rms-enlinea.com.ar\/wp-content\/uploads\/2025\/06\/D_788263-MLU71834240034_092023-F-150x150.jpg",150,150,true],"medium":["https:\/\/rms-enlinea.com.ar\/wp-content\/uploads\/2025\/06\/D_788263-MLU71834240034_092023-F-280x300.jpg",280,300,true],"medium_large":["https:\/\/rms-enlinea.com.ar\/wp-content\/uploads\/2025\/06\/D_788263-MLU71834240034_092023-F-768x822.jpg",768,822,true],"large":["https:\/\/rms-enlinea.com.ar\/wp-content\/uploads\/2025\/06\/D_788263-MLU71834240034_092023-F-957x1024.jpg",957,1024,true],"1536x1536":["https:\/\/rms-enlinea.com.ar\/wp-content\/uploads\/2025\/06\/D_788263-MLU71834240034_092023-F.jpg",1121,1200,false],"2048x2048":["https:\/\/rms-enlinea.com.ar\/wp-content\/uploads\/2025\/06\/D_788263-MLU71834240034_092023-F.jpg",1121,1200,false],"woocommerce_thumbnail":["https:\/\/rms-enlinea.com.ar\/wp-content\/uploads\/2025\/06\/D_788263-MLU71834240034_092023-F-450x450.jpg",450,450,true],"woocommerce_single":["https:\/\/rms-enlinea.com.ar\/wp-content\/uploads\/2025\/06\/D_788263-MLU71834240034_092023-F-600x642.jpg",600,642,true],"woocommerce_gallery_thumbnail":["https:\/\/rms-enlinea.com.ar\/wp-content\/uploads\/2025\/06\/D_788263-MLU71834240034_092023-F-100x100.jpg",100,100,true]},"uagb_author_info":{"display_name":"nelson","author_link":"https:\/\/rms-enlinea.com.ar\/tienda\/author\/"},"uagb_comment_info":0,"uagb_excerpt":"Tecnolog\u00eda inal\u00e1mbrica 2.4GHz Dimensiones 105 x 38 x 18 mm (4.13 x 1.5 x 0.7 pulgadas) Peso (g) 157 g Tipo de bater\u00eda AAA x2","_links":{"self":[{"href":"https:\/\/rms-enlinea.com.ar\/tienda\/wp-json\/wp\/v2\/product\/59279","targetHints":{"allow":["GET"]}}],"collection":[{"href":"https:\/\/rms-enlinea.com.ar\/tienda\/wp-json\/wp\/v2\/product"}],"about":[{"href":"https:\/\/rms-enlinea.com.ar\/tienda\/wp-json\/wp\/v2\/types\/product"}],"replies":[{"embeddable":true,"href":"https:\/\/rms-enlinea.com.ar\/tienda\/wp-json\/wp\/v2\/comments?post=59279"}],"wp:featuredmedia":[{"embeddable":true,"href":"https:\/\/rms-enlinea.com.ar\/tienda\/wp-json\/wp\/v2\/media\/6507"}],"wp:attachment":[{"href":"https:\/\/rms-enlinea.com.ar\/tienda\/wp-json\/wp\/v2\/media?parent=59279"}],"wp:term":[{"taxonomy":"product_brand","embeddable":true,"href":"https:\/\/rms-enlinea.com.ar\/tienda\/wp-json\/wp\/v2\/product_brand?post=59279"},{"taxonomy":"product_cat","embeddable":true,"href":"https:\/\/rms-enlinea.com.ar\/tienda\/wp-json\/wp\/v2\/product_cat?post=59279"},{"taxonomy":"product_tag","embeddable":true,"href":"https:\/\/rms-enlinea.com.ar\/tienda\/wp-json\/wp\/v2\/product_tag?post=59279"}],"curies":[{"name":"wp","href":"https:\/\/api.w.org\/{rel}","templated":true}]}}