{"id":59287,"date":"2025-12-03T18:01:02","date_gmt":"2025-12-03T21:01:02","guid":{"rendered":"https:\/\/rms-enlinea.com.ar\/tienda\/producto\/auriculares-in-ear-genius-hs-m365-microfono-usb-c\/"},"modified":"2026-02-18T19:22:42","modified_gmt":"2026-02-18T22:22:42","slug":"auriculares-in-ear-genius-hs-m365-microfono-usb-c","status":"publish","type":"product","link":"https:\/\/rms-enlinea.com.ar\/tienda\/producto\/auriculares-in-ear-genius-hs-m365-microfono-usb-c\/","title":{"rendered":"Auriculares In-ear Genius Hs-m365 Microfono Usb-c"},"content":{"rendered":"<p>Interfaz USB Tipo-C<br \/>Tipo Intrauditivo<br \/>Conectividad Conector de 3.5 mm<br \/>Unidad de controlador 10 mm<br \/>Respuesta de frecuencia 20 Hz \u2013 20K Hz<br \/>Sensibilidad 88 dB \u00b1 3 dB @ 1K Hz<br \/>Impedancia 16 ohmios \u00b1 15 %<br \/>Micr\u00f3fono S\u00ed<br \/>Control en l\u00ednea Reproducci\u00f3n de m\u00fasica \/ Llamadas telef\u00f3nicas \/ Un bot\u00f3n para responder llamadas \/ Volumen+\/ Volumen- <br \/>Longitud del cable (m)1.2 m<\/p>\n","protected":false},"excerpt":{"rendered":"<p>Interfaz USB Tipo-CTipo IntrauditivoConectividad Conector de 3.5 mmUnidad de controlador 10 mmRespuesta de frecuencia 20 Hz \u2013 20K HzSensibilidad 88 dB \u00b1 3 dB @ 1K HzImpedancia 16 ohmios \u00b1 15 %Micr\u00f3fono S\u00edControl en l\u00ednea Reproducci\u00f3n de m\u00fasica \/ Llamadas telef\u00f3nicas \/ Un bot\u00f3n para responder llamadas \/ Volumen+\/ Volumen- Longitud del cable (m)1.2 m<\/p>\n","protected":false},"featured_media":8757,"comment_status":"open","ping_status":"closed","template":"","meta":{"_uag_custom_page_level_css":""},"product_brand":[550],"product_cat":[15,124],"product_tag":[],"class_list":{"0":"post-59287","1":"product","2":"type-product","3":"status-publish","4":"has-post-thumbnail","6":"product_brand-genius","7":"product_cat-sin-categorizar","8":"product_cat-sistemas-de-sonido-parlantes","10":"first","11":"outofstock","12":"sale","13":"taxable","14":"shipping-taxable","15":"purchasable","16":"product-type-simple"},"uagb_featured_image_src":{"full":["https:\/\/rms-enlinea.com.ar\/wp-content\/uploads\/2025\/06\/D_650046-MLA82251714354_022025-F.jpg",1005,1200,false],"thumbnail":["https:\/\/rms-enlinea.com.ar\/wp-content\/uploads\/2025\/06\/D_650046-MLA82251714354_022025-F-150x150.jpg",150,150,true],"medium":["https:\/\/rms-enlinea.com.ar\/wp-content\/uploads\/2025\/06\/D_650046-MLA82251714354_022025-F-251x300.jpg",251,300,true],"medium_large":["https:\/\/rms-enlinea.com.ar\/wp-content\/uploads\/2025\/06\/D_650046-MLA82251714354_022025-F-768x917.jpg",768,917,true],"large":["https:\/\/rms-enlinea.com.ar\/wp-content\/uploads\/2025\/06\/D_650046-MLA82251714354_022025-F-858x1024.jpg",858,1024,true],"1536x1536":["https:\/\/rms-enlinea.com.ar\/wp-content\/uploads\/2025\/06\/D_650046-MLA82251714354_022025-F.jpg",1005,1200,false],"2048x2048":["https:\/\/rms-enlinea.com.ar\/wp-content\/uploads\/2025\/06\/D_650046-MLA82251714354_022025-F.jpg",1005,1200,false],"woocommerce_thumbnail":["https:\/\/rms-enlinea.com.ar\/wp-content\/uploads\/2025\/06\/D_650046-MLA82251714354_022025-F-450x450.jpg",450,450,true],"woocommerce_single":["https:\/\/rms-enlinea.com.ar\/wp-content\/uploads\/2025\/06\/D_650046-MLA82251714354_022025-F-600x716.jpg",600,716,true],"woocommerce_gallery_thumbnail":["https:\/\/rms-enlinea.com.ar\/wp-content\/uploads\/2025\/06\/D_650046-MLA82251714354_022025-F-100x100.jpg",100,100,true]},"uagb_author_info":{"display_name":"nelson","author_link":"https:\/\/rms-enlinea.com.ar\/tienda\/author\/"},"uagb_comment_info":0,"uagb_excerpt":"Interfaz USB Tipo-CTipo IntrauditivoConectividad Conector de 3.5 mmUnidad de controlador 10 mmRespuesta de frecuencia 20 Hz \u2013 20K HzSensibilidad 88 dB \u00b1 3 dB @ 1K HzImpedancia 16 ohmios \u00b1 15 %Micr\u00f3fono S\u00edControl en l\u00ednea Reproducci\u00f3n de m\u00fasica \/ Llamadas telef\u00f3nicas \/ Un bot\u00f3n para responder llamadas \/ Volumen+\/ Volumen- Longitud del cable (m)1.2 m","_links":{"self":[{"href":"https:\/\/rms-enlinea.com.ar\/tienda\/wp-json\/wp\/v2\/product\/59287","targetHints":{"allow":["GET"]}}],"collection":[{"href":"https:\/\/rms-enlinea.com.ar\/tienda\/wp-json\/wp\/v2\/product"}],"about":[{"href":"https:\/\/rms-enlinea.com.ar\/tienda\/wp-json\/wp\/v2\/types\/product"}],"replies":[{"embeddable":true,"href":"https:\/\/rms-enlinea.com.ar\/tienda\/wp-json\/wp\/v2\/comments?post=59287"}],"wp:featuredmedia":[{"embeddable":true,"href":"https:\/\/rms-enlinea.com.ar\/tienda\/wp-json\/wp\/v2\/media\/8757"}],"wp:attachment":[{"href":"https:\/\/rms-enlinea.com.ar\/tienda\/wp-json\/wp\/v2\/media?parent=59287"}],"wp:term":[{"taxonomy":"product_brand","embeddable":true,"href":"https:\/\/rms-enlinea.com.ar\/tienda\/wp-json\/wp\/v2\/product_brand?post=59287"},{"taxonomy":"product_cat","embeddable":true,"href":"https:\/\/rms-enlinea.com.ar\/tienda\/wp-json\/wp\/v2\/product_cat?post=59287"},{"taxonomy":"product_tag","embeddable":true,"href":"https:\/\/rms-enlinea.com.ar\/tienda\/wp-json\/wp\/v2\/product_tag?post=59287"}],"curies":[{"name":"wp","href":"https:\/\/api.w.org\/{rel}","templated":true}]}}