{"id":59291,"date":"2025-12-03T18:20:42","date_gmt":"2025-12-03T21:20:42","guid":{"rendered":"https:\/\/rms-enlinea.com.ar\/tienda\/producto\/mouse-usb-genius-dx-101-con-cable-1000dpi-optico-oficina\/"},"modified":"2026-03-06T13:50:37","modified_gmt":"2026-03-06T16:50:37","slug":"mouse-usb-genius-dx-101-con-cable-1000dpi-optico-oficina","status":"publish","type":"product","link":"https:\/\/rms-enlinea.com.ar\/tienda\/producto\/mouse-usb-genius-dx-101-con-cable-1000dpi-optico-oficina\/","title":{"rendered":"Mouse Usb Genius Dx-101 Con Cable 1000dpi Optico Oficina"},"content":{"rendered":"<p>Marca<\/p>\n<p>Genius<br \/>\nColor<\/p>\n<p>Negro<br \/>\nTipo de mouse<\/p>\n<p>Convencional<br \/>\nInterfaces<\/p>\n<p>USB<br \/>\nTecnolog\u00eda del sensor<\/p>\n<p>\u00d3ptico<br \/>\nSistemas operativos compatibles<\/p>\n<p>Mac,Windows<br \/>\nModelo<\/p>\n<p>DX-101<br \/>\nCantidad de botones<\/p>\n<p>2<br \/>\nResoluci\u00f3n del sensor<\/p>\n<p>1000 dpi<br \/>\nOrientaci\u00f3n de la mano<\/p>\n<p>Diestro<\/p>\n","protected":false},"excerpt":{"rendered":"<p>Marca Genius Color Negro Tipo de mouse Convencional Interfaces USB Tecnolog\u00eda del sensor \u00d3ptico Sistemas operativos compatibles Mac,Windows Modelo DX-101 Cantidad de botones 2 Resoluci\u00f3n del sensor 1000 dpi Orientaci\u00f3n de la mano Diestro<\/p>\n","protected":false},"featured_media":30082,"comment_status":"open","ping_status":"closed","template":"","meta":{"_uag_custom_page_level_css":""},"product_brand":[550],"product_cat":[15,125],"product_tag":[],"class_list":{"0":"post-59291","1":"product","2":"type-product","3":"status-publish","4":"has-post-thumbnail","6":"product_brand-genius","7":"product_cat-sin-categorizar","8":"product_cat-teclados-y-mouses","10":"first","11":"outofstock","12":"sale","13":"taxable","14":"shipping-taxable","15":"purchasable","16":"product-type-simple"},"uagb_featured_image_src":{"full":["https:\/\/rms-enlinea.com.ar\/wp-content\/uploads\/2025\/06\/D_775397-MLU76070978679_042024-F.jpg",734,650,false],"thumbnail":["https:\/\/rms-enlinea.com.ar\/wp-content\/uploads\/2025\/06\/D_775397-MLU76070978679_042024-F-150x150.jpg",150,150,true],"medium":["https:\/\/rms-enlinea.com.ar\/wp-content\/uploads\/2025\/06\/D_775397-MLU76070978679_042024-F-300x266.jpg",300,266,true],"medium_large":["https:\/\/rms-enlinea.com.ar\/wp-content\/uploads\/2025\/06\/D_775397-MLU76070978679_042024-F.jpg",734,650,false],"large":["https:\/\/rms-enlinea.com.ar\/wp-content\/uploads\/2025\/06\/D_775397-MLU76070978679_042024-F.jpg",734,650,false],"1536x1536":["https:\/\/rms-enlinea.com.ar\/wp-content\/uploads\/2025\/06\/D_775397-MLU76070978679_042024-F.jpg",734,650,false],"2048x2048":["https:\/\/rms-enlinea.com.ar\/wp-content\/uploads\/2025\/06\/D_775397-MLU76070978679_042024-F.jpg",734,650,false],"woocommerce_thumbnail":["https:\/\/rms-enlinea.com.ar\/wp-content\/uploads\/2025\/06\/D_775397-MLU76070978679_042024-F-450x450.jpg",450,450,true],"woocommerce_single":["https:\/\/rms-enlinea.com.ar\/wp-content\/uploads\/2025\/06\/D_775397-MLU76070978679_042024-F-600x531.jpg",600,531,true],"woocommerce_gallery_thumbnail":["https:\/\/rms-enlinea.com.ar\/wp-content\/uploads\/2025\/06\/D_775397-MLU76070978679_042024-F-100x100.jpg",100,100,true]},"uagb_author_info":{"display_name":"nelson","author_link":"https:\/\/rms-enlinea.com.ar\/tienda\/author\/"},"uagb_comment_info":0,"uagb_excerpt":"Marca Genius Color Negro Tipo de mouse Convencional Interfaces USB Tecnolog\u00eda del sensor \u00d3ptico Sistemas operativos compatibles Mac,Windows Modelo DX-101 Cantidad de botones 2 Resoluci\u00f3n del sensor 1000 dpi Orientaci\u00f3n de la mano Diestro","_links":{"self":[{"href":"https:\/\/rms-enlinea.com.ar\/tienda\/wp-json\/wp\/v2\/product\/59291","targetHints":{"allow":["GET"]}}],"collection":[{"href":"https:\/\/rms-enlinea.com.ar\/tienda\/wp-json\/wp\/v2\/product"}],"about":[{"href":"https:\/\/rms-enlinea.com.ar\/tienda\/wp-json\/wp\/v2\/types\/product"}],"replies":[{"embeddable":true,"href":"https:\/\/rms-enlinea.com.ar\/tienda\/wp-json\/wp\/v2\/comments?post=59291"}],"wp:featuredmedia":[{"embeddable":true,"href":"https:\/\/rms-enlinea.com.ar\/tienda\/wp-json\/wp\/v2\/media\/30082"}],"wp:attachment":[{"href":"https:\/\/rms-enlinea.com.ar\/tienda\/wp-json\/wp\/v2\/media?parent=59291"}],"wp:term":[{"taxonomy":"product_brand","embeddable":true,"href":"https:\/\/rms-enlinea.com.ar\/tienda\/wp-json\/wp\/v2\/product_brand?post=59291"},{"taxonomy":"product_cat","embeddable":true,"href":"https:\/\/rms-enlinea.com.ar\/tienda\/wp-json\/wp\/v2\/product_cat?post=59291"},{"taxonomy":"product_tag","embeddable":true,"href":"https:\/\/rms-enlinea.com.ar\/tienda\/wp-json\/wp\/v2\/product_tag?post=59291"}],"curies":[{"name":"wp","href":"https:\/\/api.w.org\/{rel}","templated":true}]}}