{"id":59293,"date":"2025-12-03T18:20:55","date_gmt":"2025-12-03T21:20:55","guid":{"rendered":"https:\/\/rms-enlinea.com.ar\/tienda\/producto\/parlante-portatil-genius-sp-915bt-bluetooth-5w-rgb-aux-3\/"},"modified":"2026-03-31T21:01:03","modified_gmt":"2026-04-01T00:01:03","slug":"parlante-portatil-genius-sp-915bt-bluetooth-5w-rgb-aux-3","status":"publish","type":"product","link":"https:\/\/rms-enlinea.com.ar\/tienda\/producto\/parlante-portatil-genius-sp-915bt-bluetooth-5w-rgb-aux-3\/","title":{"rendered":"Parlante Portatil Genius Sp-915bt Bluetooth 5w Rgb Aux"},"content":{"rendered":"<p>Conectividad Bluetooth 5.3<br \/>Potencia total de salida (W) 5 W<br \/>Alcance de operaci\u00f3n Bluetooth 10 m<br \/>Rango de respuesta de frecuencia 180Hz-15KHz<br \/>Micr\u00f3fono incorporado S\u00ed<br \/>Tiempo de carga 2.5 horas<br \/>AUX-in S\u00ed<br \/>Capacidad de la bater\u00eda incorporada 3.7V \/ 1200mAh<\/p>\n","protected":false},"excerpt":{"rendered":"<p>Conectividad Bluetooth 5.3Potencia total de salida (W) 5 WAlcance de operaci\u00f3n Bluetooth 10 mRango de respuesta de frecuencia 180Hz-15KHzMicr\u00f3fono incorporado S\u00edTiempo de carga 2.5 horasAUX-in S\u00edCapacidad de la bater\u00eda incorporada 3.7V \/ 1200mAh<\/p>\n","protected":false},"featured_media":34026,"comment_status":"open","ping_status":"closed","template":"","meta":{"_uag_custom_page_level_css":""},"product_brand":[550],"product_cat":[15,124],"product_tag":[],"class_list":{"0":"post-59293","1":"product","2":"type-product","3":"status-publish","4":"has-post-thumbnail","6":"product_brand-genius","7":"product_cat-sin-categorizar","8":"product_cat-sistemas-de-sonido-parlantes","10":"first","11":"outofstock","12":"sale","13":"taxable","14":"shipping-taxable","15":"purchasable","16":"product-type-simple"},"uagb_featured_image_src":{"full":["https:\/\/rms-enlinea.com.ar\/wp-content\/uploads\/2025\/06\/D_703182-MLA82275824688_022025-F.jpg",916,1200,false],"thumbnail":["https:\/\/rms-enlinea.com.ar\/wp-content\/uploads\/2025\/06\/D_703182-MLA82275824688_022025-F-150x150.jpg",150,150,true],"medium":["https:\/\/rms-enlinea.com.ar\/wp-content\/uploads\/2025\/06\/D_703182-MLA82275824688_022025-F-229x300.jpg",229,300,true],"medium_large":["https:\/\/rms-enlinea.com.ar\/wp-content\/uploads\/2025\/06\/D_703182-MLA82275824688_022025-F-768x1006.jpg",768,1006,true],"large":["https:\/\/rms-enlinea.com.ar\/wp-content\/uploads\/2025\/06\/D_703182-MLA82275824688_022025-F-782x1024.jpg",782,1024,true],"1536x1536":["https:\/\/rms-enlinea.com.ar\/wp-content\/uploads\/2025\/06\/D_703182-MLA82275824688_022025-F.jpg",916,1200,false],"2048x2048":["https:\/\/rms-enlinea.com.ar\/wp-content\/uploads\/2025\/06\/D_703182-MLA82275824688_022025-F.jpg",916,1200,false],"woocommerce_thumbnail":["https:\/\/rms-enlinea.com.ar\/wp-content\/uploads\/2025\/06\/D_703182-MLA82275824688_022025-F-450x450.jpg",450,450,true],"woocommerce_single":["https:\/\/rms-enlinea.com.ar\/wp-content\/uploads\/2025\/06\/D_703182-MLA82275824688_022025-F-600x786.jpg",600,786,true],"woocommerce_gallery_thumbnail":["https:\/\/rms-enlinea.com.ar\/wp-content\/uploads\/2025\/06\/D_703182-MLA82275824688_022025-F-100x100.jpg",100,100,true]},"uagb_author_info":{"display_name":"nelson","author_link":"https:\/\/rms-enlinea.com.ar\/tienda\/author\/"},"uagb_comment_info":0,"uagb_excerpt":"Conectividad Bluetooth 5.3Potencia total de salida (W) 5 WAlcance de operaci\u00f3n Bluetooth 10 mRango de respuesta de frecuencia 180Hz-15KHzMicr\u00f3fono incorporado S\u00edTiempo de carga 2.5 horasAUX-in S\u00edCapacidad de la bater\u00eda incorporada 3.7V \/ 1200mAh","_links":{"self":[{"href":"https:\/\/rms-enlinea.com.ar\/tienda\/wp-json\/wp\/v2\/product\/59293","targetHints":{"allow":["GET"]}}],"collection":[{"href":"https:\/\/rms-enlinea.com.ar\/tienda\/wp-json\/wp\/v2\/product"}],"about":[{"href":"https:\/\/rms-enlinea.com.ar\/tienda\/wp-json\/wp\/v2\/types\/product"}],"replies":[{"embeddable":true,"href":"https:\/\/rms-enlinea.com.ar\/tienda\/wp-json\/wp\/v2\/comments?post=59293"}],"wp:featuredmedia":[{"embeddable":true,"href":"https:\/\/rms-enlinea.com.ar\/tienda\/wp-json\/wp\/v2\/media\/34026"}],"wp:attachment":[{"href":"https:\/\/rms-enlinea.com.ar\/tienda\/wp-json\/wp\/v2\/media?parent=59293"}],"wp:term":[{"taxonomy":"product_brand","embeddable":true,"href":"https:\/\/rms-enlinea.com.ar\/tienda\/wp-json\/wp\/v2\/product_brand?post=59293"},{"taxonomy":"product_cat","embeddable":true,"href":"https:\/\/rms-enlinea.com.ar\/tienda\/wp-json\/wp\/v2\/product_cat?post=59293"},{"taxonomy":"product_tag","embeddable":true,"href":"https:\/\/rms-enlinea.com.ar\/tienda\/wp-json\/wp\/v2\/product_tag?post=59293"}],"curies":[{"name":"wp","href":"https:\/\/api.w.org\/{rel}","templated":true}]}}