{"id":59297,"date":"2025-12-03T18:21:10","date_gmt":"2025-12-03T21:21:10","guid":{"rendered":"https:\/\/rms-enlinea.com.ar\/tienda\/producto\/parlantes-genius-sp-hf180-black-usb-mini-plug-pc-2-0-4w\/"},"modified":"2026-04-06T18:31:12","modified_gmt":"2026-04-06T21:31:12","slug":"parlantes-genius-sp-hf180-black-usb-mini-plug-pc-2-0-4w","status":"publish","type":"product","link":"https:\/\/rms-enlinea.com.ar\/tienda\/producto\/parlantes-genius-sp-hf180-black-usb-mini-plug-pc-2-0-4w\/","title":{"rendered":"Parlantes Genius Sp-hf180 Black Usb Mini Plug Pc 2.0 4w"},"content":{"rendered":"<p>Marca<\/p>\n<p>Genius<br \/>Configuraci\u00f3n de canales<\/p>\n<p>2.0<br \/>Profundidad<\/p>\n<p>11 cm<br \/>Altura<\/p>\n<p>11 cm<br \/>Incluye bater\u00eda recargable<\/p>\n<p>No<br \/>Incluye soporte<\/p>\n<p>No<br \/>Lugares de colocaci\u00f3n<\/p>\n<p>Mesa<br \/>Es kit<\/p>\n<p>No<br \/>Es port\u00e1til<\/p>\n<p>No<br \/>Es a prueba de agua<\/p>\n<p>No<br \/>Es inal\u00e1mbrico<\/p>\n<p>No<br \/>Modelo<\/p>\n<p>SP-HF180<br \/>Potencia de salida (RMS)<\/p>\n<p>4 W<br \/>Cantidad de parlantes<\/p>\n<p>2<br \/>Tipos de filtros del parlante<\/p>\n<p>Activo<br \/>Formato del parlante<\/p>\n<p>Caja<br \/>Tipos de parlante<\/p>\n<p>Tweeter<br \/>Ancho<\/p>\n<p>11 cm<br \/>Con base<\/p>\n<p>No<br \/>Con Bluetooth<\/p>\n<p>No<br \/>Con micr\u00f3fono<\/p>\n<p>No<br \/>Con Wi-Fi<\/p>\n<p>No<\/p>\n","protected":false},"excerpt":{"rendered":"<p>Marca GeniusConfiguraci\u00f3n de canales 2.0Profundidad 11 cmAltura 11 cmIncluye bater\u00eda recargable NoIncluye soporte NoLugares de colocaci\u00f3n MesaEs kit NoEs port\u00e1til NoEs a prueba de agua NoEs inal\u00e1mbrico NoModelo SP-HF180Potencia de salida (RMS) 4 WCantidad de parlantes 2Tipos de filtros del parlante ActivoFormato del parlante CajaTipos de parlante TweeterAncho 11 cmCon base NoCon Bluetooth NoCon micr\u00f3fono [&hellip;]<\/p>\n","protected":false},"featured_media":41634,"comment_status":"open","ping_status":"closed","template":"","meta":{"_uag_custom_page_level_css":""},"product_brand":[550],"product_cat":[15,124],"product_tag":[],"class_list":{"0":"post-59297","1":"product","2":"type-product","3":"status-publish","4":"has-post-thumbnail","6":"product_brand-genius","7":"product_cat-sin-categorizar","8":"product_cat-sistemas-de-sonido-parlantes","10":"first","11":"outofstock","12":"sale","13":"taxable","14":"shipping-taxable","15":"purchasable","16":"product-type-simple"},"uagb_featured_image_src":{"full":["https:\/\/rms-enlinea.com.ar\/wp-content\/uploads\/2025\/06\/D_874895-MLA77742861336_072024-F.jpg",1200,873,false],"thumbnail":["https:\/\/rms-enlinea.com.ar\/wp-content\/uploads\/2025\/06\/D_874895-MLA77742861336_072024-F-150x150.jpg",150,150,true],"medium":["https:\/\/rms-enlinea.com.ar\/wp-content\/uploads\/2025\/06\/D_874895-MLA77742861336_072024-F-300x218.jpg",300,218,true],"medium_large":["https:\/\/rms-enlinea.com.ar\/wp-content\/uploads\/2025\/06\/D_874895-MLA77742861336_072024-F-768x559.jpg",768,559,true],"large":["https:\/\/rms-enlinea.com.ar\/wp-content\/uploads\/2025\/06\/D_874895-MLA77742861336_072024-F-1024x745.jpg",1024,745,true],"1536x1536":["https:\/\/rms-enlinea.com.ar\/wp-content\/uploads\/2025\/06\/D_874895-MLA77742861336_072024-F.jpg",1200,873,false],"2048x2048":["https:\/\/rms-enlinea.com.ar\/wp-content\/uploads\/2025\/06\/D_874895-MLA77742861336_072024-F.jpg",1200,873,false],"woocommerce_thumbnail":["https:\/\/rms-enlinea.com.ar\/wp-content\/uploads\/2025\/06\/D_874895-MLA77742861336_072024-F-450x450.jpg",450,450,true],"woocommerce_single":["https:\/\/rms-enlinea.com.ar\/wp-content\/uploads\/2025\/06\/D_874895-MLA77742861336_072024-F-600x437.jpg",600,437,true],"woocommerce_gallery_thumbnail":["https:\/\/rms-enlinea.com.ar\/wp-content\/uploads\/2025\/06\/D_874895-MLA77742861336_072024-F-100x100.jpg",100,100,true]},"uagb_author_info":{"display_name":"nelson","author_link":"https:\/\/rms-enlinea.com.ar\/tienda\/author\/"},"uagb_comment_info":0,"uagb_excerpt":"Marca GeniusConfiguraci\u00f3n de canales 2.0Profundidad 11 cmAltura 11 cmIncluye bater\u00eda recargable NoIncluye soporte NoLugares de colocaci\u00f3n MesaEs kit NoEs port\u00e1til NoEs a prueba de agua NoEs inal\u00e1mbrico NoModelo SP-HF180Potencia de salida (RMS) 4 WCantidad de parlantes 2Tipos de filtros del parlante ActivoFormato del parlante CajaTipos de parlante TweeterAncho 11 cmCon base NoCon Bluetooth NoCon micr\u00f3fono&hellip;","_links":{"self":[{"href":"https:\/\/rms-enlinea.com.ar\/tienda\/wp-json\/wp\/v2\/product\/59297","targetHints":{"allow":["GET"]}}],"collection":[{"href":"https:\/\/rms-enlinea.com.ar\/tienda\/wp-json\/wp\/v2\/product"}],"about":[{"href":"https:\/\/rms-enlinea.com.ar\/tienda\/wp-json\/wp\/v2\/types\/product"}],"replies":[{"embeddable":true,"href":"https:\/\/rms-enlinea.com.ar\/tienda\/wp-json\/wp\/v2\/comments?post=59297"}],"wp:featuredmedia":[{"embeddable":true,"href":"https:\/\/rms-enlinea.com.ar\/tienda\/wp-json\/wp\/v2\/media\/41634"}],"wp:attachment":[{"href":"https:\/\/rms-enlinea.com.ar\/tienda\/wp-json\/wp\/v2\/media?parent=59297"}],"wp:term":[{"taxonomy":"product_brand","embeddable":true,"href":"https:\/\/rms-enlinea.com.ar\/tienda\/wp-json\/wp\/v2\/product_brand?post=59297"},{"taxonomy":"product_cat","embeddable":true,"href":"https:\/\/rms-enlinea.com.ar\/tienda\/wp-json\/wp\/v2\/product_cat?post=59297"},{"taxonomy":"product_tag","embeddable":true,"href":"https:\/\/rms-enlinea.com.ar\/tienda\/wp-json\/wp\/v2\/product_tag?post=59297"}],"curies":[{"name":"wp","href":"https:\/\/api.w.org\/{rel}","templated":true}]}}