{"id":59299,"date":"2025-12-03T18:21:16","date_gmt":"2025-12-03T21:21:16","guid":{"rendered":"https:\/\/rms-enlinea.com.ar\/tienda\/producto\/parlantes-genius-sw-2-1-300x-10w-black-31730041403\/"},"modified":"2026-04-06T14:12:58","modified_gmt":"2026-04-06T17:12:58","slug":"parlantes-genius-sw-2-1-300x-10w-black-31730041403","status":"publish","type":"product","link":"https:\/\/rms-enlinea.com.ar\/tienda\/producto\/parlantes-genius-sw-2-1-300x-10w-black-31730041403\/","title":{"rendered":"Parlantes Genius Sw-2.1 300x 10w Black 31730041403"},"content":{"rendered":"<p>Los Parlantes Genius SW-2.1 300X ofrecen una experiencia de audio envolvente, ideal para quienes buscan disfrutar de m\u00fasica y pel\u00edculas con calidad de sonido. Con una potencia de salida de 10 W, estos parlantes cuentan con una configuraci\u00f3n de canales 2.1 que realza los graves, brindando una excelente reproducci\u00f3n sonora en cualquier ambiente.<\/p>\n<p>Dise\u00f1ados para ser colocados en mesas, su estructura en formato caja es perfecta para adaptarse a diferentes espacios sin ocupar mucho lugar. Este sistema de parlantes incluye tres unidades que permiten una distribuci\u00f3n equilibrada del sonido, asegurando que cada rinc\u00f3n de la habitaci\u00f3n se beneficie de su rendimiento de audio.<\/p>\n<p>Su alimentaci\u00f3n a 220V garantiza un funcionamiento continuo, sin preocuparse por la duraci\u00f3n de la bater\u00eda. Aunque carecen de conectividad Bluetooth o funciones adicionales, su enfoque en la calidad de sonido y la simplicidad los convierte en una opci\u00f3n atractiva para quienes desean una soluci\u00f3n de audio pr\u00e1ctica y funcional.<\/p>\n<p>Ya sea para sesiones de m\u00fasica, pel\u00edculas o videojuegos, los Parlantes Genius SW-2.1 son una elecci\u00f3n confiable y efectiva para mejorar tu experiencia auditiva. Con su dise\u00f1o sobrio y elegante en color negro, se integran a la perfecci\u00f3n en cualquier decoraci\u00f3n, convirti\u00e9ndolos en una adici\u00f3n \u00fatil y est\u00e9tica a tu hogar.<\/p>\n","protected":false},"excerpt":{"rendered":"<p>Los Parlantes Genius SW-2.1 300X ofrecen una experiencia de audio envolvente, ideal para quienes buscan disfrutar de m\u00fasica y pel\u00edculas con calidad de sonido. Con una potencia de salida de 10 W, estos parlantes cuentan con una configuraci\u00f3n de canales 2.1 que realza los graves, brindando una excelente reproducci\u00f3n sonora en cualquier ambiente. Dise\u00f1ados para [&hellip;]<\/p>\n","protected":false},"featured_media":51067,"comment_status":"open","ping_status":"closed","template":"","meta":{"_uag_custom_page_level_css":""},"product_brand":[550],"product_cat":[15,124],"product_tag":[],"class_list":{"0":"post-59299","1":"product","2":"type-product","3":"status-publish","4":"has-post-thumbnail","6":"product_brand-genius","7":"product_cat-sin-categorizar","8":"product_cat-sistemas-de-sonido-parlantes","10":"first","11":"outofstock","12":"sale","13":"taxable","14":"shipping-taxable","15":"purchasable","16":"product-type-simple"},"uagb_featured_image_src":{"full":["https:\/\/rms-enlinea.com.ar\/wp-content\/uploads\/2025\/07\/D_757688-MLA87378329560_072025-F.jpg",1200,489,false],"thumbnail":["https:\/\/rms-enlinea.com.ar\/wp-content\/uploads\/2025\/07\/D_757688-MLA87378329560_072025-F-150x150.jpg",150,150,true],"medium":["https:\/\/rms-enlinea.com.ar\/wp-content\/uploads\/2025\/07\/D_757688-MLA87378329560_072025-F-300x122.jpg",300,122,true],"medium_large":["https:\/\/rms-enlinea.com.ar\/wp-content\/uploads\/2025\/07\/D_757688-MLA87378329560_072025-F-768x313.jpg",768,313,true],"large":["https:\/\/rms-enlinea.com.ar\/wp-content\/uploads\/2025\/07\/D_757688-MLA87378329560_072025-F-1024x417.jpg",1024,417,true],"1536x1536":["https:\/\/rms-enlinea.com.ar\/wp-content\/uploads\/2025\/07\/D_757688-MLA87378329560_072025-F.jpg",1200,489,false],"2048x2048":["https:\/\/rms-enlinea.com.ar\/wp-content\/uploads\/2025\/07\/D_757688-MLA87378329560_072025-F.jpg",1200,489,false],"woocommerce_thumbnail":["https:\/\/rms-enlinea.com.ar\/wp-content\/uploads\/2025\/07\/D_757688-MLA87378329560_072025-F-450x450.jpg",450,450,true],"woocommerce_single":["https:\/\/rms-enlinea.com.ar\/wp-content\/uploads\/2025\/07\/D_757688-MLA87378329560_072025-F-600x245.jpg",600,245,true],"woocommerce_gallery_thumbnail":["https:\/\/rms-enlinea.com.ar\/wp-content\/uploads\/2025\/07\/D_757688-MLA87378329560_072025-F-100x100.jpg",100,100,true]},"uagb_author_info":{"display_name":"nelson","author_link":"https:\/\/rms-enlinea.com.ar\/tienda\/author\/"},"uagb_comment_info":0,"uagb_excerpt":"Los Parlantes Genius SW-2.1 300X ofrecen una experiencia de audio envolvente, ideal para quienes buscan disfrutar de m\u00fasica y pel\u00edculas con calidad de sonido. Con una potencia de salida de 10 W, estos parlantes cuentan con una configuraci\u00f3n de canales 2.1 que realza los graves, brindando una excelente reproducci\u00f3n sonora en cualquier ambiente. Dise\u00f1ados para&hellip;","_links":{"self":[{"href":"https:\/\/rms-enlinea.com.ar\/tienda\/wp-json\/wp\/v2\/product\/59299","targetHints":{"allow":["GET"]}}],"collection":[{"href":"https:\/\/rms-enlinea.com.ar\/tienda\/wp-json\/wp\/v2\/product"}],"about":[{"href":"https:\/\/rms-enlinea.com.ar\/tienda\/wp-json\/wp\/v2\/types\/product"}],"replies":[{"embeddable":true,"href":"https:\/\/rms-enlinea.com.ar\/tienda\/wp-json\/wp\/v2\/comments?post=59299"}],"wp:featuredmedia":[{"embeddable":true,"href":"https:\/\/rms-enlinea.com.ar\/tienda\/wp-json\/wp\/v2\/media\/51067"}],"wp:attachment":[{"href":"https:\/\/rms-enlinea.com.ar\/tienda\/wp-json\/wp\/v2\/media?parent=59299"}],"wp:term":[{"taxonomy":"product_brand","embeddable":true,"href":"https:\/\/rms-enlinea.com.ar\/tienda\/wp-json\/wp\/v2\/product_brand?post=59299"},{"taxonomy":"product_cat","embeddable":true,"href":"https:\/\/rms-enlinea.com.ar\/tienda\/wp-json\/wp\/v2\/product_cat?post=59299"},{"taxonomy":"product_tag","embeddable":true,"href":"https:\/\/rms-enlinea.com.ar\/tienda\/wp-json\/wp\/v2\/product_tag?post=59299"}],"curies":[{"name":"wp","href":"https:\/\/api.w.org\/{rel}","templated":true}]}}