{"id":59301,"date":"2025-12-03T18:32:12","date_gmt":"2025-12-03T21:32:12","guid":{"rendered":"https:\/\/rms-enlinea.com.ar\/tienda\/producto\/kit-teclado-y-mouse-genius-usb-km-100se-espanol\/"},"modified":"2026-04-21T06:06:30","modified_gmt":"2026-04-21T09:06:30","slug":"kit-teclado-y-mouse-genius-usb-km-100se-espanol","status":"publish","type":"product","link":"https:\/\/rms-enlinea.com.ar\/tienda\/producto\/kit-teclado-y-mouse-genius-usb-km-100se-espanol\/","title":{"rendered":"Kit Teclado Y Mouse Genius Usb Km-100se Espa\u00f1ol"},"content":{"rendered":"<p>Interfaz<br \/>\nUSB<br \/>\nTipo de tecla<br \/>\nTecla c\u00f3ncava<br \/>\nTeclas de funci\u00f3n<br \/>\nS\u00ed, 12 (8 de audio, 4 de Internet)<br \/>\nTecla de calculadora<br \/>\nS\u00ed, 1<br \/>\nMotor del sensor del rat\u00f3n<br \/>\n\u00d3ptico<br \/>\nResoluci\u00f3n del rat\u00f3n (DPI)<br \/>\n1200<br \/>\nN\u00famero de botones del rat\u00f3n<br \/>\n3 (izquierdo, derecho, bot\u00f3n central con desplazamiento)<br \/>\nLongitud del cable (m)<br \/>\nTeclado: 1.5 m \/ Rat\u00f3n: 1.5 m<\/p>\n","protected":false},"excerpt":{"rendered":"<p>Interfaz USB Tipo de tecla Tecla c\u00f3ncava Teclas de funci\u00f3n S\u00ed, 12 (8 de audio, 4 de Internet) Tecla de calculadora S\u00ed, 1 Motor del sensor del rat\u00f3n \u00d3ptico Resoluci\u00f3n del rat\u00f3n (DPI) 1200 N\u00famero de botones del rat\u00f3n 3 (izquierdo, derecho, bot\u00f3n central con desplazamiento) Longitud del cable (m) Teclado: 1.5 m \/ Rat\u00f3n: [&hellip;]<\/p>\n","protected":false},"featured_media":36095,"comment_status":"open","ping_status":"closed","template":"","meta":{"_uag_custom_page_level_css":""},"product_brand":[550],"product_cat":[15,125],"product_tag":[],"class_list":{"0":"post-59301","1":"product","2":"type-product","3":"status-publish","4":"has-post-thumbnail","6":"product_brand-genius","7":"product_cat-sin-categorizar","8":"product_cat-teclados-y-mouses","10":"first","11":"outofstock","12":"sale","13":"taxable","14":"shipping-taxable","15":"purchasable","16":"product-type-simple"},"uagb_featured_image_src":{"full":["https:\/\/rms-enlinea.com.ar\/wp-content\/uploads\/2025\/06\/D_873957-MLA82298286758_022025-F.jpg",1200,358,false],"thumbnail":["https:\/\/rms-enlinea.com.ar\/wp-content\/uploads\/2025\/06\/D_873957-MLA82298286758_022025-F-150x150.jpg",150,150,true],"medium":["https:\/\/rms-enlinea.com.ar\/wp-content\/uploads\/2025\/06\/D_873957-MLA82298286758_022025-F-300x90.jpg",300,90,true],"medium_large":["https:\/\/rms-enlinea.com.ar\/wp-content\/uploads\/2025\/06\/D_873957-MLA82298286758_022025-F-768x229.jpg",768,229,true],"large":["https:\/\/rms-enlinea.com.ar\/wp-content\/uploads\/2025\/06\/D_873957-MLA82298286758_022025-F-1024x305.jpg",1024,305,true],"1536x1536":["https:\/\/rms-enlinea.com.ar\/wp-content\/uploads\/2025\/06\/D_873957-MLA82298286758_022025-F.jpg",1200,358,false],"2048x2048":["https:\/\/rms-enlinea.com.ar\/wp-content\/uploads\/2025\/06\/D_873957-MLA82298286758_022025-F.jpg",1200,358,false],"woocommerce_thumbnail":["https:\/\/rms-enlinea.com.ar\/wp-content\/uploads\/2025\/06\/D_873957-MLA82298286758_022025-F-450x358.jpg",450,358,true],"woocommerce_single":["https:\/\/rms-enlinea.com.ar\/wp-content\/uploads\/2025\/06\/D_873957-MLA82298286758_022025-F-600x179.jpg",600,179,true],"woocommerce_gallery_thumbnail":["https:\/\/rms-enlinea.com.ar\/wp-content\/uploads\/2025\/06\/D_873957-MLA82298286758_022025-F-100x100.jpg",100,100,true]},"uagb_author_info":{"display_name":"nelson","author_link":"https:\/\/rms-enlinea.com.ar\/tienda\/author\/"},"uagb_comment_info":0,"uagb_excerpt":"Interfaz USB Tipo de tecla Tecla c\u00f3ncava Teclas de funci\u00f3n S\u00ed, 12 (8 de audio, 4 de Internet) Tecla de calculadora S\u00ed, 1 Motor del sensor del rat\u00f3n \u00d3ptico Resoluci\u00f3n del rat\u00f3n (DPI) 1200 N\u00famero de botones del rat\u00f3n 3 (izquierdo, derecho, bot\u00f3n central con desplazamiento) Longitud del cable (m) Teclado: 1.5 m \/ Rat\u00f3n:&hellip;","_links":{"self":[{"href":"https:\/\/rms-enlinea.com.ar\/tienda\/wp-json\/wp\/v2\/product\/59301","targetHints":{"allow":["GET"]}}],"collection":[{"href":"https:\/\/rms-enlinea.com.ar\/tienda\/wp-json\/wp\/v2\/product"}],"about":[{"href":"https:\/\/rms-enlinea.com.ar\/tienda\/wp-json\/wp\/v2\/types\/product"}],"replies":[{"embeddable":true,"href":"https:\/\/rms-enlinea.com.ar\/tienda\/wp-json\/wp\/v2\/comments?post=59301"}],"wp:featuredmedia":[{"embeddable":true,"href":"https:\/\/rms-enlinea.com.ar\/tienda\/wp-json\/wp\/v2\/media\/36095"}],"wp:attachment":[{"href":"https:\/\/rms-enlinea.com.ar\/tienda\/wp-json\/wp\/v2\/media?parent=59301"}],"wp:term":[{"taxonomy":"product_brand","embeddable":true,"href":"https:\/\/rms-enlinea.com.ar\/tienda\/wp-json\/wp\/v2\/product_brand?post=59301"},{"taxonomy":"product_cat","embeddable":true,"href":"https:\/\/rms-enlinea.com.ar\/tienda\/wp-json\/wp\/v2\/product_cat?post=59301"},{"taxonomy":"product_tag","embeddable":true,"href":"https:\/\/rms-enlinea.com.ar\/tienda\/wp-json\/wp\/v2\/product_tag?post=59301"}],"curies":[{"name":"wp","href":"https:\/\/api.w.org\/{rel}","templated":true}]}}