{"id":59313,"date":"2025-12-03T23:10:12","date_gmt":"2025-12-04T02:10:12","guid":{"rendered":"https:\/\/rms-enlinea.com.ar\/tienda\/producto\/webcam-camara-web-genius-facecam-2000x-v2-black-fhd-1080p\/"},"modified":"2026-04-21T04:34:16","modified_gmt":"2026-04-21T07:34:16","slug":"webcam-camara-web-genius-facecam-2000x-v2-black-fhd-1080p","status":"publish","type":"product","link":"https:\/\/rms-enlinea.com.ar\/tienda\/producto\/webcam-camara-web-genius-facecam-2000x-v2-black-fhd-1080p\/","title":{"rendered":"Webcam Camara Web Genius Facecam 2000x V2 Black Fhd 1080p"},"content":{"rendered":"<p>Micr\u00f3fono<\/p>\n<p>Micr\u00f3fono digital integrado<br \/>\nTipo de sensor<\/p>\n<p>CMOS de 2 megap\u00edxeles<br \/>\nRango de enfoque<\/p>\n<p>De 50 mm hasta infinito<br \/>\nResoluci\u00f3n Max<\/p>\n<p>Full HD 1080P<br \/>\nInterfaz<\/p>\n<p>USB<br \/>\nTipo de enfoque<\/p>\n<p>Fijo<br \/>\nLongitud del cable<\/p>\n<p>1.5 m<\/p>\n","protected":false},"excerpt":{"rendered":"<p>Micr\u00f3fono Micr\u00f3fono digital integrado Tipo de sensor CMOS de 2 megap\u00edxeles Rango de enfoque De 50 mm hasta infinito Resoluci\u00f3n Max Full HD 1080P Interfaz USB Tipo de enfoque Fijo Longitud del cable 1.5 m<\/p>\n","protected":false},"featured_media":59314,"comment_status":"open","ping_status":"closed","template":"","meta":{"_uag_custom_page_level_css":""},"product_brand":[550],"product_cat":[102,15],"product_tag":[],"class_list":{"0":"post-59313","1":"product","2":"type-product","3":"status-publish","4":"has-post-thumbnail","6":"product_brand-genius","7":"product_cat-camaras-webcam","8":"product_cat-sin-categorizar","10":"first","11":"outofstock","12":"sale","13":"taxable","14":"shipping-taxable","15":"purchasable","16":"product-type-simple"},"uagb_featured_image_src":{"full":["https:\/\/rms-enlinea.com.ar\/wp-content\/uploads\/2025\/12\/D_812498-MLA100279830131_122025-F.jpg",1200,1083,false],"thumbnail":["https:\/\/rms-enlinea.com.ar\/wp-content\/uploads\/2025\/12\/D_812498-MLA100279830131_122025-F-150x150.jpg",150,150,true],"medium":["https:\/\/rms-enlinea.com.ar\/wp-content\/uploads\/2025\/12\/D_812498-MLA100279830131_122025-F-300x271.jpg",300,271,true],"medium_large":["https:\/\/rms-enlinea.com.ar\/wp-content\/uploads\/2025\/12\/D_812498-MLA100279830131_122025-F-768x693.jpg",768,693,true],"large":["https:\/\/rms-enlinea.com.ar\/wp-content\/uploads\/2025\/12\/D_812498-MLA100279830131_122025-F-1024x924.jpg",1024,924,true],"1536x1536":["https:\/\/rms-enlinea.com.ar\/wp-content\/uploads\/2025\/12\/D_812498-MLA100279830131_122025-F.jpg",1200,1083,false],"2048x2048":["https:\/\/rms-enlinea.com.ar\/wp-content\/uploads\/2025\/12\/D_812498-MLA100279830131_122025-F.jpg",1200,1083,false],"woocommerce_thumbnail":["https:\/\/rms-enlinea.com.ar\/wp-content\/uploads\/2025\/12\/D_812498-MLA100279830131_122025-F-450x450.jpg",450,450,true],"woocommerce_single":["https:\/\/rms-enlinea.com.ar\/wp-content\/uploads\/2025\/12\/D_812498-MLA100279830131_122025-F-600x542.jpg",600,542,true],"woocommerce_gallery_thumbnail":["https:\/\/rms-enlinea.com.ar\/wp-content\/uploads\/2025\/12\/D_812498-MLA100279830131_122025-F-100x100.jpg",100,100,true]},"uagb_author_info":{"display_name":"nelson","author_link":"https:\/\/rms-enlinea.com.ar\/tienda\/author\/"},"uagb_comment_info":0,"uagb_excerpt":"Micr\u00f3fono Micr\u00f3fono digital integrado Tipo de sensor CMOS de 2 megap\u00edxeles Rango de enfoque De 50 mm hasta infinito Resoluci\u00f3n Max Full HD 1080P Interfaz USB Tipo de enfoque Fijo Longitud del cable 1.5 m","_links":{"self":[{"href":"https:\/\/rms-enlinea.com.ar\/tienda\/wp-json\/wp\/v2\/product\/59313","targetHints":{"allow":["GET"]}}],"collection":[{"href":"https:\/\/rms-enlinea.com.ar\/tienda\/wp-json\/wp\/v2\/product"}],"about":[{"href":"https:\/\/rms-enlinea.com.ar\/tienda\/wp-json\/wp\/v2\/types\/product"}],"replies":[{"embeddable":true,"href":"https:\/\/rms-enlinea.com.ar\/tienda\/wp-json\/wp\/v2\/comments?post=59313"}],"wp:featuredmedia":[{"embeddable":true,"href":"https:\/\/rms-enlinea.com.ar\/tienda\/wp-json\/wp\/v2\/media\/59314"}],"wp:attachment":[{"href":"https:\/\/rms-enlinea.com.ar\/tienda\/wp-json\/wp\/v2\/media?parent=59313"}],"wp:term":[{"taxonomy":"product_brand","embeddable":true,"href":"https:\/\/rms-enlinea.com.ar\/tienda\/wp-json\/wp\/v2\/product_brand?post=59313"},{"taxonomy":"product_cat","embeddable":true,"href":"https:\/\/rms-enlinea.com.ar\/tienda\/wp-json\/wp\/v2\/product_cat?post=59313"},{"taxonomy":"product_tag","embeddable":true,"href":"https:\/\/rms-enlinea.com.ar\/tienda\/wp-json\/wp\/v2\/product_tag?post=59313"}],"curies":[{"name":"wp","href":"https:\/\/api.w.org\/{rel}","templated":true}]}}