{"id":59341,"date":"2025-12-04T18:50:22","date_gmt":"2025-12-04T21:50:22","guid":{"rendered":"https:\/\/rms-enlinea.com.ar\/tienda\/producto\/funda-para-notebook-trust-lisboa-15-6-polyester-azul\/"},"modified":"2026-03-31T18:03:49","modified_gmt":"2026-03-31T21:03:49","slug":"funda-para-notebook-trust-lisboa-15-6-polyester-azul","status":"publish","type":"product","link":"https:\/\/rms-enlinea.com.ar\/tienda\/producto\/funda-para-notebook-trust-lisboa-15-6-polyester-azul\/","title":{"rendered":"Funda Para Notebook Trust Lisboa 15.6 Polyester Azul"},"content":{"rendered":"<p>General<br \/>tipo de bolsa<br \/>manga<br \/>N\u00famero de compartimentos<br \/>1<br \/>Sostenibilidad<br \/>Material de plastico<br \/>POM, poli\u00e9ster RPET, poli\u00e9ster sarga RPET,<br \/>M\u00e9todo de sostenibilidad<br \/>biorresiduos<br \/>Contenido reciclado %<br \/>29 %<br \/>Botellas de PET recicladas<br \/>4<br \/>Caracter\u00edsticas<br \/>Apto para puntos de control<br \/>No<br \/>Tama\u00f1o y peso<br \/>Tama\u00f1o del compartimento del port\u00e1til (pulgadas)<br \/>15,6&#8243;<br \/>Peso total<br \/>208 gramos<br \/>Peso de la unidad principal<br \/>208 gramos<br \/>Profundidad del producto principal (en mm)<br \/>285 mil\u00edmetros<br \/>Ancho del producto principal (en mm)<br \/>25mm<br \/>Altura del producto principal (en mm)<br \/>400 mil\u00edmetros<br \/>Exterior<br \/>Tipo de f\u00e1brica<br \/>poli\u00e9ster<br \/>Tipo de apertura<br \/>carga superior<br \/>Asa de transporte<br \/>No<br \/>Bandolera<br \/>No<br \/>Correa de hombro desmontable<br \/>No<br \/>Correa para el hombro acolchada<br \/>No<br \/>ruedas de carro<br \/>No<br \/>Correa para carro<br \/>No<br \/>Cremalleras<br \/>1<br \/>Interior<br \/>Profundidad del compartimento para port\u00e1til (mm)<br \/>265 mil\u00edmetros<br \/>Ancho del compartimento para port\u00e1til (mm)<br \/>15 mil\u00edmetros<br \/>Altura del compartimento para port\u00e1til (mm)<br \/>385 mil\u00edmetros<br \/>Compartimento para port\u00e1til acolchado<br \/>S\u00ed<br \/>Proteccion<br \/>tipo de caso<br \/>estuche blando<br \/>Impermeable<br \/>No<br \/>Absorci\u00f3n de impacto<br \/>No<br \/>Fondo endurecido<br \/>No<br \/>Compatibilidad<br \/>M\u00e1x. tama\u00f1o del ordenador port\u00e1til<br \/>15,6&#8243;<br \/>Tipos de dispositivos compatibles<br \/>computadora port\u00e1til<\/p>\n","protected":false},"excerpt":{"rendered":"<p>Generaltipo de bolsamangaN\u00famero de compartimentos1SostenibilidadMaterial de plasticoPOM, poli\u00e9ster RPET, poli\u00e9ster sarga RPET,M\u00e9todo de sostenibilidadbiorresiduosContenido reciclado %29 %Botellas de PET recicladas4Caracter\u00edsticasApto para puntos de controlNoTama\u00f1o y pesoTama\u00f1o del compartimento del port\u00e1til (pulgadas)15,6&#8243;Peso total208 gramosPeso de la unidad principal208 gramosProfundidad del producto principal (en mm)285 mil\u00edmetrosAncho del producto principal (en mm)25mmAltura del producto principal (en mm)400 mil\u00edmetrosExteriorTipo [&hellip;]<\/p>\n","protected":false},"featured_media":7766,"comment_status":"open","ping_status":"closed","template":"","meta":{"_uag_custom_page_level_css":""},"product_brand":[542],"product_cat":[100,15],"product_tag":[],"class_list":{"0":"post-59341","1":"product","2":"type-product","3":"status-publish","4":"has-post-thumbnail","6":"product_brand-trustgaming","7":"product_cat-bolsos-y-mochilas","8":"product_cat-sin-categorizar","10":"first","11":"outofstock","12":"sale","13":"taxable","14":"shipping-taxable","15":"purchasable","16":"product-type-simple"},"uagb_featured_image_src":{"full":["https:\/\/rms-enlinea.com.ar\/wp-content\/uploads\/2025\/06\/D_633461-MLA76548782647_052024-F.jpg",1200,571,false],"thumbnail":["https:\/\/rms-enlinea.com.ar\/wp-content\/uploads\/2025\/06\/D_633461-MLA76548782647_052024-F-150x150.jpg",150,150,true],"medium":["https:\/\/rms-enlinea.com.ar\/wp-content\/uploads\/2025\/06\/D_633461-MLA76548782647_052024-F-300x143.jpg",300,143,true],"medium_large":["https:\/\/rms-enlinea.com.ar\/wp-content\/uploads\/2025\/06\/D_633461-MLA76548782647_052024-F-768x365.jpg",768,365,true],"large":["https:\/\/rms-enlinea.com.ar\/wp-content\/uploads\/2025\/06\/D_633461-MLA76548782647_052024-F-1024x487.jpg",1024,487,true],"1536x1536":["https:\/\/rms-enlinea.com.ar\/wp-content\/uploads\/2025\/06\/D_633461-MLA76548782647_052024-F.jpg",1200,571,false],"2048x2048":["https:\/\/rms-enlinea.com.ar\/wp-content\/uploads\/2025\/06\/D_633461-MLA76548782647_052024-F.jpg",1200,571,false],"woocommerce_thumbnail":["https:\/\/rms-enlinea.com.ar\/wp-content\/uploads\/2025\/06\/D_633461-MLA76548782647_052024-F-450x450.jpg",450,450,true],"woocommerce_single":["https:\/\/rms-enlinea.com.ar\/wp-content\/uploads\/2025\/06\/D_633461-MLA76548782647_052024-F-600x286.jpg",600,286,true],"woocommerce_gallery_thumbnail":["https:\/\/rms-enlinea.com.ar\/wp-content\/uploads\/2025\/06\/D_633461-MLA76548782647_052024-F-100x100.jpg",100,100,true]},"uagb_author_info":{"display_name":"nelson","author_link":"https:\/\/rms-enlinea.com.ar\/tienda\/author\/"},"uagb_comment_info":0,"uagb_excerpt":"Generaltipo de bolsamangaN\u00famero de compartimentos1SostenibilidadMaterial de plasticoPOM, poli\u00e9ster RPET, poli\u00e9ster sarga RPET,M\u00e9todo de sostenibilidadbiorresiduosContenido reciclado %29 %Botellas de PET recicladas4Caracter\u00edsticasApto para puntos de controlNoTama\u00f1o y pesoTama\u00f1o del compartimento del port\u00e1til (pulgadas)15,6&#8243;Peso total208 gramosPeso de la unidad principal208 gramosProfundidad del producto principal (en mm)285 mil\u00edmetrosAncho del producto principal (en mm)25mmAltura del producto principal (en mm)400 mil\u00edmetrosExteriorTipo&hellip;","_links":{"self":[{"href":"https:\/\/rms-enlinea.com.ar\/tienda\/wp-json\/wp\/v2\/product\/59341","targetHints":{"allow":["GET"]}}],"collection":[{"href":"https:\/\/rms-enlinea.com.ar\/tienda\/wp-json\/wp\/v2\/product"}],"about":[{"href":"https:\/\/rms-enlinea.com.ar\/tienda\/wp-json\/wp\/v2\/types\/product"}],"replies":[{"embeddable":true,"href":"https:\/\/rms-enlinea.com.ar\/tienda\/wp-json\/wp\/v2\/comments?post=59341"}],"wp:featuredmedia":[{"embeddable":true,"href":"https:\/\/rms-enlinea.com.ar\/tienda\/wp-json\/wp\/v2\/media\/7766"}],"wp:attachment":[{"href":"https:\/\/rms-enlinea.com.ar\/tienda\/wp-json\/wp\/v2\/media?parent=59341"}],"wp:term":[{"taxonomy":"product_brand","embeddable":true,"href":"https:\/\/rms-enlinea.com.ar\/tienda\/wp-json\/wp\/v2\/product_brand?post=59341"},{"taxonomy":"product_cat","embeddable":true,"href":"https:\/\/rms-enlinea.com.ar\/tienda\/wp-json\/wp\/v2\/product_cat?post=59341"},{"taxonomy":"product_tag","embeddable":true,"href":"https:\/\/rms-enlinea.com.ar\/tienda\/wp-json\/wp\/v2\/product_tag?post=59341"}],"curies":[{"name":"wp","href":"https:\/\/api.w.org\/{rel}","templated":true}]}}