{"id":59371,"date":"2025-12-04T22:40:26","date_gmt":"2025-12-05T01:40:26","guid":{"rendered":"https:\/\/rms-enlinea.com.ar\/tienda\/producto\/mouse-inalambrico-trust-primo-azul-1600dpi\/"},"modified":"2026-04-21T05:44:28","modified_gmt":"2026-04-21T08:44:28","slug":"mouse-inalambrico-trust-primo-azul-1600dpi","status":"publish","type":"product","link":"https:\/\/rms-enlinea.com.ar\/tienda\/producto\/mouse-inalambrico-trust-primo-azul-1600dpi\/","title":{"rendered":"Mouse Inalambrico Trust Primo Azul 1600dpi"},"content":{"rendered":"<p>Con Bluetooth<\/p>\n<p>No<br \/>Battery type<\/p>\n<p>AAA<br \/>L\u00ednea<\/p>\n<p>Master Series<br \/>Modelo<\/p>\n<p>Primo<br \/>Radio frecuencia<\/p>\n<p>2.4 GHz<br \/>Resoluci\u00f3n del sensor<\/p>\n<p>1600 dpi<br \/>Tecnolog\u00eda del sensor<\/p>\n<p>Blue Wave<br \/>Tipo de sensor<\/p>\n<p>\u00d3ptico<br \/>Con rueda de desplazamiento<\/p>\n<p>S\u00ed<br \/>Con cable<\/p>\n<p>No<br \/>Modelo alfanum\u00e9rico<\/p>\n<p>Primo<br \/>Marca<\/p>\n<p>Trust<br \/>Tipo de mouse<\/p>\n<p>Convencional<br \/>C\u00f3digo universal de producto<\/p>\n<p>8713439203226<br \/>Interfaces<\/p>\n<p>USB<br \/>Es inal\u00e1mbrico<\/p>\n<p>S\u00ed<br \/>Number of buttons<\/p>\n<p>4<br \/>Number of batteries<\/p>\n<p>2<br \/>DPI<\/p>\n<p>1000, 1600<br \/>Condici\u00f3n del \u00edtem<\/p>\n<p>Nuevo<\/p>\n","protected":false},"excerpt":{"rendered":"<p>Con Bluetooth NoBattery type AAAL\u00ednea Master SeriesModelo PrimoRadio frecuencia 2.4 GHzResoluci\u00f3n del sensor 1600 dpiTecnolog\u00eda del sensor Blue WaveTipo de sensor \u00d3pticoCon rueda de desplazamiento S\u00edCon cable NoModelo alfanum\u00e9rico PrimoMarca TrustTipo de mouse ConvencionalC\u00f3digo universal de producto 8713439203226Interfaces USBEs inal\u00e1mbrico S\u00edNumber of buttons 4Number of batteries 2DPI 1000, 1600Condici\u00f3n del \u00edtem Nuevo<\/p>\n","protected":false},"featured_media":16589,"comment_status":"open","ping_status":"closed","template":"","meta":{"_uag_custom_page_level_css":""},"product_brand":[542],"product_cat":[15,125],"product_tag":[],"class_list":{"0":"post-59371","1":"product","2":"type-product","3":"status-publish","4":"has-post-thumbnail","6":"product_brand-trustgaming","7":"product_cat-sin-categorizar","8":"product_cat-teclados-y-mouses","10":"first","11":"outofstock","12":"sale","13":"taxable","14":"shipping-taxable","15":"purchasable","16":"product-type-simple"},"uagb_featured_image_src":{"full":["https:\/\/rms-enlinea.com.ar\/wp-content\/uploads\/2025\/06\/D_911401-MLA77137667464_062024-F.jpg",705,1200,false],"thumbnail":["https:\/\/rms-enlinea.com.ar\/wp-content\/uploads\/2025\/06\/D_911401-MLA77137667464_062024-F-150x150.jpg",150,150,true],"medium":["https:\/\/rms-enlinea.com.ar\/wp-content\/uploads\/2025\/06\/D_911401-MLA77137667464_062024-F-176x300.jpg",176,300,true],"medium_large":["https:\/\/rms-enlinea.com.ar\/wp-content\/uploads\/2025\/06\/D_911401-MLA77137667464_062024-F.jpg",705,1200,false],"large":["https:\/\/rms-enlinea.com.ar\/wp-content\/uploads\/2025\/06\/D_911401-MLA77137667464_062024-F-602x1024.jpg",602,1024,true],"1536x1536":["https:\/\/rms-enlinea.com.ar\/wp-content\/uploads\/2025\/06\/D_911401-MLA77137667464_062024-F.jpg",705,1200,false],"2048x2048":["https:\/\/rms-enlinea.com.ar\/wp-content\/uploads\/2025\/06\/D_911401-MLA77137667464_062024-F.jpg",705,1200,false],"woocommerce_thumbnail":["https:\/\/rms-enlinea.com.ar\/wp-content\/uploads\/2025\/06\/D_911401-MLA77137667464_062024-F-450x450.jpg",450,450,true],"woocommerce_single":["https:\/\/rms-enlinea.com.ar\/wp-content\/uploads\/2025\/06\/D_911401-MLA77137667464_062024-F-600x1021.jpg",600,1021,true],"woocommerce_gallery_thumbnail":["https:\/\/rms-enlinea.com.ar\/wp-content\/uploads\/2025\/06\/D_911401-MLA77137667464_062024-F-100x100.jpg",100,100,true]},"uagb_author_info":{"display_name":"nelson","author_link":"https:\/\/rms-enlinea.com.ar\/tienda\/author\/"},"uagb_comment_info":0,"uagb_excerpt":"Con Bluetooth NoBattery type AAAL\u00ednea Master SeriesModelo PrimoRadio frecuencia 2.4 GHzResoluci\u00f3n del sensor 1600 dpiTecnolog\u00eda del sensor Blue WaveTipo de sensor \u00d3pticoCon rueda de desplazamiento S\u00edCon cable NoModelo alfanum\u00e9rico PrimoMarca TrustTipo de mouse ConvencionalC\u00f3digo universal de producto 8713439203226Interfaces USBEs inal\u00e1mbrico S\u00edNumber of buttons 4Number of batteries 2DPI 1000, 1600Condici\u00f3n del \u00edtem Nuevo","_links":{"self":[{"href":"https:\/\/rms-enlinea.com.ar\/tienda\/wp-json\/wp\/v2\/product\/59371","targetHints":{"allow":["GET"]}}],"collection":[{"href":"https:\/\/rms-enlinea.com.ar\/tienda\/wp-json\/wp\/v2\/product"}],"about":[{"href":"https:\/\/rms-enlinea.com.ar\/tienda\/wp-json\/wp\/v2\/types\/product"}],"replies":[{"embeddable":true,"href":"https:\/\/rms-enlinea.com.ar\/tienda\/wp-json\/wp\/v2\/comments?post=59371"}],"wp:featuredmedia":[{"embeddable":true,"href":"https:\/\/rms-enlinea.com.ar\/tienda\/wp-json\/wp\/v2\/media\/16589"}],"wp:attachment":[{"href":"https:\/\/rms-enlinea.com.ar\/tienda\/wp-json\/wp\/v2\/media?parent=59371"}],"wp:term":[{"taxonomy":"product_brand","embeddable":true,"href":"https:\/\/rms-enlinea.com.ar\/tienda\/wp-json\/wp\/v2\/product_brand?post=59371"},{"taxonomy":"product_cat","embeddable":true,"href":"https:\/\/rms-enlinea.com.ar\/tienda\/wp-json\/wp\/v2\/product_cat?post=59371"},{"taxonomy":"product_tag","embeddable":true,"href":"https:\/\/rms-enlinea.com.ar\/tienda\/wp-json\/wp\/v2\/product_tag?post=59371"}],"curies":[{"name":"wp","href":"https:\/\/api.w.org\/{rel}","templated":true}]}}