{"id":59436,"date":"2025-12-05T11:50:06","date_gmt":"2025-12-05T14:50:06","guid":{"rendered":"https:\/\/rms-enlinea.com.ar\/tienda\/producto\/placa-de-red-wifi-bt-5-4-pci-e-tp-link-tbe400e-be6500\/"},"modified":"2026-03-31T20:17:05","modified_gmt":"2026-03-31T23:17:05","slug":"placa-de-red-wifi-bt-5-4-pci-e-tp-link-tbe400e-be6500","status":"publish","type":"product","link":"https:\/\/rms-enlinea.com.ar\/tienda\/producto\/placa-de-red-wifi-bt-5-4-pci-e-tp-link-tbe400e-be6500\/","title":{"rendered":"Placa De Red Wifi + Bt 5.4 Pci-e Tp-link Tbe400e Be6500"},"content":{"rendered":"<p>Velocidad Tribanda sin Precedentes \u2014 Potencia las velocidades totales hasta 2882 Mbps (6 GHz) + 2882 Mbps (5 GHz) + 688 Mbps (2.4 GHz)<br \/>\nEst\u00e1ndar WiFi 7 \u2014 Libera todo el potencial de la banda de 6 GHz para duplicar el ancho de banda de la generaci\u00f3n anterior<br \/>\nBluetooth 5.4 Fiable \u2014 Mayor seguridad y fiabilidad que la generaci\u00f3n anterior de Bluetooth 5.4 de alta velocidad<br \/>\nCobertura de Se\u00f1al m\u00e1s Amplia \u2014 Dos potentes antenas de alta ganancia ampl\u00edan enormemente la cobertura Wi-Fi existente, ofreciendo una experiencia en l\u00ednea r\u00e1pida y fluida desde una mayor distancia<\/p>\n","protected":false},"excerpt":{"rendered":"<p>Velocidad Tribanda sin Precedentes \u2014 Potencia las velocidades totales hasta 2882 Mbps (6 GHz) + 2882 Mbps (5 GHz) + 688 Mbps (2.4 GHz) Est\u00e1ndar WiFi 7 \u2014 Libera todo el potencial de la banda de 6 GHz para duplicar el ancho de banda de la generaci\u00f3n anterior Bluetooth 5.4 Fiable \u2014 Mayor seguridad y [&hellip;]<\/p>\n","protected":false},"featured_media":59437,"comment_status":"open","ping_status":"closed","template":"","meta":{"_uag_custom_page_level_css":""},"product_brand":[546],"product_cat":[122,15],"product_tag":[],"class_list":{"0":"post-59436","1":"product","2":"type-product","3":"status-publish","4":"has-post-thumbnail","6":"product_brand-tplink","7":"product_cat-redes-y-conectividad","8":"product_cat-sin-categorizar","10":"first","11":"outofstock","12":"sale","13":"taxable","14":"shipping-taxable","15":"purchasable","16":"product-type-simple"},"uagb_featured_image_src":{"full":["https:\/\/rms-enlinea.com.ar\/wp-content\/uploads\/2025\/12\/D_900962-MLA84567105431_052025-F.jpg",763,1200,false],"thumbnail":["https:\/\/rms-enlinea.com.ar\/wp-content\/uploads\/2025\/12\/D_900962-MLA84567105431_052025-F-150x150.jpg",150,150,true],"medium":["https:\/\/rms-enlinea.com.ar\/wp-content\/uploads\/2025\/12\/D_900962-MLA84567105431_052025-F-191x300.jpg",191,300,true],"medium_large":["https:\/\/rms-enlinea.com.ar\/wp-content\/uploads\/2025\/12\/D_900962-MLA84567105431_052025-F.jpg",763,1200,false],"large":["https:\/\/rms-enlinea.com.ar\/wp-content\/uploads\/2025\/12\/D_900962-MLA84567105431_052025-F-651x1024.jpg",651,1024,true],"1536x1536":["https:\/\/rms-enlinea.com.ar\/wp-content\/uploads\/2025\/12\/D_900962-MLA84567105431_052025-F.jpg",763,1200,false],"2048x2048":["https:\/\/rms-enlinea.com.ar\/wp-content\/uploads\/2025\/12\/D_900962-MLA84567105431_052025-F.jpg",763,1200,false],"woocommerce_thumbnail":["https:\/\/rms-enlinea.com.ar\/wp-content\/uploads\/2025\/12\/D_900962-MLA84567105431_052025-F-450x450.jpg",450,450,true],"woocommerce_single":["https:\/\/rms-enlinea.com.ar\/wp-content\/uploads\/2025\/12\/D_900962-MLA84567105431_052025-F-600x944.jpg",600,944,true],"woocommerce_gallery_thumbnail":["https:\/\/rms-enlinea.com.ar\/wp-content\/uploads\/2025\/12\/D_900962-MLA84567105431_052025-F-100x100.jpg",100,100,true]},"uagb_author_info":{"display_name":"nelson","author_link":"https:\/\/rms-enlinea.com.ar\/tienda\/author\/"},"uagb_comment_info":0,"uagb_excerpt":"Velocidad Tribanda sin Precedentes \u2014 Potencia las velocidades totales hasta 2882 Mbps (6 GHz) + 2882 Mbps (5 GHz) + 688 Mbps (2.4 GHz) Est\u00e1ndar WiFi 7 \u2014 Libera todo el potencial de la banda de 6 GHz para duplicar el ancho de banda de la generaci\u00f3n anterior Bluetooth 5.4 Fiable \u2014 Mayor seguridad y&hellip;","_links":{"self":[{"href":"https:\/\/rms-enlinea.com.ar\/tienda\/wp-json\/wp\/v2\/product\/59436","targetHints":{"allow":["GET"]}}],"collection":[{"href":"https:\/\/rms-enlinea.com.ar\/tienda\/wp-json\/wp\/v2\/product"}],"about":[{"href":"https:\/\/rms-enlinea.com.ar\/tienda\/wp-json\/wp\/v2\/types\/product"}],"replies":[{"embeddable":true,"href":"https:\/\/rms-enlinea.com.ar\/tienda\/wp-json\/wp\/v2\/comments?post=59436"}],"wp:featuredmedia":[{"embeddable":true,"href":"https:\/\/rms-enlinea.com.ar\/tienda\/wp-json\/wp\/v2\/media\/59437"}],"wp:attachment":[{"href":"https:\/\/rms-enlinea.com.ar\/tienda\/wp-json\/wp\/v2\/media?parent=59436"}],"wp:term":[{"taxonomy":"product_brand","embeddable":true,"href":"https:\/\/rms-enlinea.com.ar\/tienda\/wp-json\/wp\/v2\/product_brand?post=59436"},{"taxonomy":"product_cat","embeddable":true,"href":"https:\/\/rms-enlinea.com.ar\/tienda\/wp-json\/wp\/v2\/product_cat?post=59436"},{"taxonomy":"product_tag","embeddable":true,"href":"https:\/\/rms-enlinea.com.ar\/tienda\/wp-json\/wp\/v2\/product_tag?post=59436"}],"curies":[{"name":"wp","href":"https:\/\/api.w.org\/{rel}","templated":true}]}}