{"id":59442,"date":"2025-12-05T13:31:13","date_gmt":"2025-12-05T16:31:13","guid":{"rendered":"https:\/\/rms-enlinea.com.ar\/tienda\/producto\/switch-tp-link-sg3428x-m2-24-puertos-2-5g-4-sfp-omada\/"},"modified":"2026-04-12T22:30:26","modified_gmt":"2026-04-13T01:30:26","slug":"switch-tp-link-sg3428x-m2-24-puertos-2-5g-4-sfp-omada","status":"publish","type":"product","link":"https:\/\/rms-enlinea.com.ar\/tienda\/producto\/switch-tp-link-sg3428x-m2-24-puertos-2-5g-4-sfp-omada\/","title":{"rendered":"Switch Tp-link Sg3428x-m2 24 Puertos 2.5g + 4 Sfp Omada"},"content":{"rendered":"<p>Puertos 2.5G. Integra 24 puertos 2.5 Gbps para maximizar el rendimiento de los puntos de acceso Wi-Fi 7, Wi-Fi 6E y Wi-Fi 6.<\/p>\n<p>Alta velocidad 10G. Con 4 entradas SFP+ de 10 Gbps con gran ancho de banda que evita la congesti\u00f3n de la red.<\/p>\n<p>Integraci\u00f3n total Omada. Accede a funcionalidades avanzadas como Provisionamiento Zero Touch (ZTP), Gesti\u00f3n Centralizada desde la Nube y Monitorizaci\u00f3n Avanzada.<\/p>\n","protected":false},"excerpt":{"rendered":"<p>Puertos 2.5G. Integra 24 puertos 2.5 Gbps para maximizar el rendimiento de los puntos de acceso Wi-Fi 7, Wi-Fi 6E y Wi-Fi 6. Alta velocidad 10G. Con 4 entradas SFP+ de 10 Gbps con gran ancho de banda que evita la congesti\u00f3n de la red. Integraci\u00f3n total Omada. Accede a funcionalidades avanzadas como Provisionamiento Zero [&hellip;]<\/p>\n","protected":false},"featured_media":5340,"comment_status":"open","ping_status":"closed","template":"","meta":{"_uag_custom_page_level_css":""},"product_brand":[546],"product_cat":[122,15],"product_tag":[],"class_list":{"0":"post-59442","1":"product","2":"type-product","3":"status-publish","4":"has-post-thumbnail","6":"product_brand-tplink","7":"product_cat-redes-y-conectividad","8":"product_cat-sin-categorizar","10":"first","11":"outofstock","12":"sale","13":"taxable","14":"shipping-taxable","15":"purchasable","16":"product-type-simple"},"uagb_featured_image_src":{"full":["https:\/\/rms-enlinea.com.ar\/wp-content\/uploads\/2025\/06\/D_897287-MLU78307690457_082024-F.jpg",1200,401,false],"thumbnail":["https:\/\/rms-enlinea.com.ar\/wp-content\/uploads\/2025\/06\/D_897287-MLU78307690457_082024-F-150x150.jpg",150,150,true],"medium":["https:\/\/rms-enlinea.com.ar\/wp-content\/uploads\/2025\/06\/D_897287-MLU78307690457_082024-F-300x100.jpg",300,100,true],"medium_large":["https:\/\/rms-enlinea.com.ar\/wp-content\/uploads\/2025\/06\/D_897287-MLU78307690457_082024-F-768x257.jpg",768,257,true],"large":["https:\/\/rms-enlinea.com.ar\/wp-content\/uploads\/2025\/06\/D_897287-MLU78307690457_082024-F-1024x342.jpg",1024,342,true],"1536x1536":["https:\/\/rms-enlinea.com.ar\/wp-content\/uploads\/2025\/06\/D_897287-MLU78307690457_082024-F.jpg",1200,401,false],"2048x2048":["https:\/\/rms-enlinea.com.ar\/wp-content\/uploads\/2025\/06\/D_897287-MLU78307690457_082024-F.jpg",1200,401,false],"woocommerce_thumbnail":["https:\/\/rms-enlinea.com.ar\/wp-content\/uploads\/2025\/06\/D_897287-MLU78307690457_082024-F-450x401.jpg",450,401,true],"woocommerce_single":["https:\/\/rms-enlinea.com.ar\/wp-content\/uploads\/2025\/06\/D_897287-MLU78307690457_082024-F-600x201.jpg",600,201,true],"woocommerce_gallery_thumbnail":["https:\/\/rms-enlinea.com.ar\/wp-content\/uploads\/2025\/06\/D_897287-MLU78307690457_082024-F-100x100.jpg",100,100,true]},"uagb_author_info":{"display_name":"nelson","author_link":"https:\/\/rms-enlinea.com.ar\/tienda\/author\/"},"uagb_comment_info":0,"uagb_excerpt":"Puertos 2.5G. Integra 24 puertos 2.5 Gbps para maximizar el rendimiento de los puntos de acceso Wi-Fi 7, Wi-Fi 6E y Wi-Fi 6. Alta velocidad 10G. Con 4 entradas SFP+ de 10 Gbps con gran ancho de banda que evita la congesti\u00f3n de la red. Integraci\u00f3n total Omada. Accede a funcionalidades avanzadas como Provisionamiento Zero&hellip;","_links":{"self":[{"href":"https:\/\/rms-enlinea.com.ar\/tienda\/wp-json\/wp\/v2\/product\/59442","targetHints":{"allow":["GET"]}}],"collection":[{"href":"https:\/\/rms-enlinea.com.ar\/tienda\/wp-json\/wp\/v2\/product"}],"about":[{"href":"https:\/\/rms-enlinea.com.ar\/tienda\/wp-json\/wp\/v2\/types\/product"}],"replies":[{"embeddable":true,"href":"https:\/\/rms-enlinea.com.ar\/tienda\/wp-json\/wp\/v2\/comments?post=59442"}],"wp:featuredmedia":[{"embeddable":true,"href":"https:\/\/rms-enlinea.com.ar\/tienda\/wp-json\/wp\/v2\/media\/5340"}],"wp:attachment":[{"href":"https:\/\/rms-enlinea.com.ar\/tienda\/wp-json\/wp\/v2\/media?parent=59442"}],"wp:term":[{"taxonomy":"product_brand","embeddable":true,"href":"https:\/\/rms-enlinea.com.ar\/tienda\/wp-json\/wp\/v2\/product_brand?post=59442"},{"taxonomy":"product_cat","embeddable":true,"href":"https:\/\/rms-enlinea.com.ar\/tienda\/wp-json\/wp\/v2\/product_cat?post=59442"},{"taxonomy":"product_tag","embeddable":true,"href":"https:\/\/rms-enlinea.com.ar\/tienda\/wp-json\/wp\/v2\/product_tag?post=59442"}],"curies":[{"name":"wp","href":"https:\/\/api.w.org\/{rel}","templated":true}]}}