{"id":59536,"date":"2025-12-10T23:20:33","date_gmt":"2025-12-11T02:20:33","guid":{"rendered":"https:\/\/rms-enlinea.com.ar\/tienda\/producto\/procesador-amd-ryzen-5-5600-am4-4-4ghz-6-nucleos\/"},"modified":"2026-04-21T07:02:51","modified_gmt":"2026-04-21T10:02:51","slug":"procesador-amd-ryzen-5-5600-am4-4-4ghz-6-nucleos","status":"publish","type":"product","link":"https:\/\/rms-enlinea.com.ar\/tienda\/producto\/procesador-amd-ryzen-5-5600-am4-4-4ghz-6-nucleos\/","title":{"rendered":"Procesador Amd Ryzen 5 5600 Am4 4.4ghz 6 Nucleos"},"content":{"rendered":"<p>Modelo de procesador<\/p>\n<p>AMD Ryzen 5 5600<\/p>\n<p>Cantidad de n\u00facleos<\/p>\n<p>6<\/p>\n<p>Cantidad de subprocesos<\/p>\n<p>12<\/p>\n<p>Frecuencia base<\/p>\n<p>3.5 GHz<\/p>\n<p>Frecuencia m\u00e1xima<\/p>\n<p>4.4 GHz<\/p>\n<p>Cach\u00e9<\/p>\n<p>32 MB<\/p>\n<p>Potencia de dise\u00f1o t\u00e9rmico<\/p>\n<p>65 W<\/p>\n<p>Desbloqueados<\/p>\n<p>S\u00ed<\/p>\n<p>Socket<\/p>\n<p>AM4<\/p>\n<p>Versi\u00f3n de PCI Express<\/p>\n<p>4.0<\/p>\n<p>Soluci\u00f3n t\u00e9rmica<\/p>\n<p>Incluida<\/p>\n<p>Temperaturas m\u00e1ximas<\/p>\n<p>90\u00b0C<\/p>\n<p>Interfaz de la memoria<\/p>\n<p>DDR4<\/p>\n<p>Velocidad m\u00e1xima de memoria<\/p>\n<p>3200 MHz<\/p>\n<p>Video integrado<\/p>\n<p>No posee<\/p>\n","protected":false},"excerpt":{"rendered":"<p>Modelo de procesador AMD Ryzen 5 5600 Cantidad de n\u00facleos 6 Cantidad de subprocesos 12 Frecuencia base 3.5 GHz Frecuencia m\u00e1xima 4.4 GHz Cach\u00e9 32 MB Potencia de dise\u00f1o t\u00e9rmico 65 W Desbloqueados S\u00ed Socket AM4 Versi\u00f3n de PCI Express 4.0 Soluci\u00f3n t\u00e9rmica Incluida Temperaturas m\u00e1ximas 90\u00b0C Interfaz de la memoria DDR4 Velocidad m\u00e1xima de [&hellip;]<\/p>\n","protected":false},"featured_media":5446,"comment_status":"open","ping_status":"closed","template":"","meta":{"_uag_custom_page_level_css":""},"product_brand":[531],"product_cat":[121,15],"product_tag":[],"class_list":{"0":"post-59536","1":"product","2":"type-product","3":"status-publish","4":"has-post-thumbnail","6":"product_brand-amd","7":"product_cat-procesadores-computacion","8":"product_cat-sin-categorizar","10":"first","11":"outofstock","12":"sale","13":"taxable","14":"shipping-taxable","15":"purchasable","16":"product-type-simple"},"uagb_featured_image_src":{"full":["https:\/\/rms-enlinea.com.ar\/wp-content\/uploads\/2025\/06\/D_711060-MLU74225005761_012024-F.jpg",1020,1174,false],"thumbnail":["https:\/\/rms-enlinea.com.ar\/wp-content\/uploads\/2025\/06\/D_711060-MLU74225005761_012024-F-150x150.jpg",150,150,true],"medium":["https:\/\/rms-enlinea.com.ar\/wp-content\/uploads\/2025\/06\/D_711060-MLU74225005761_012024-F-261x300.jpg",261,300,true],"medium_large":["https:\/\/rms-enlinea.com.ar\/wp-content\/uploads\/2025\/06\/D_711060-MLU74225005761_012024-F-768x884.jpg",768,884,true],"large":["https:\/\/rms-enlinea.com.ar\/wp-content\/uploads\/2025\/06\/D_711060-MLU74225005761_012024-F-890x1024.jpg",890,1024,true],"1536x1536":["https:\/\/rms-enlinea.com.ar\/wp-content\/uploads\/2025\/06\/D_711060-MLU74225005761_012024-F.jpg",1020,1174,false],"2048x2048":["https:\/\/rms-enlinea.com.ar\/wp-content\/uploads\/2025\/06\/D_711060-MLU74225005761_012024-F.jpg",1020,1174,false],"woocommerce_thumbnail":["https:\/\/rms-enlinea.com.ar\/wp-content\/uploads\/2025\/06\/D_711060-MLU74225005761_012024-F-450x450.jpg",450,450,true],"woocommerce_single":["https:\/\/rms-enlinea.com.ar\/wp-content\/uploads\/2025\/06\/D_711060-MLU74225005761_012024-F-600x691.jpg",600,691,true],"woocommerce_gallery_thumbnail":["https:\/\/rms-enlinea.com.ar\/wp-content\/uploads\/2025\/06\/D_711060-MLU74225005761_012024-F-100x100.jpg",100,100,true]},"uagb_author_info":{"display_name":"nelson","author_link":"https:\/\/rms-enlinea.com.ar\/tienda\/author\/"},"uagb_comment_info":0,"uagb_excerpt":"Modelo de procesador AMD Ryzen 5 5600 Cantidad de n\u00facleos 6 Cantidad de subprocesos 12 Frecuencia base 3.5 GHz Frecuencia m\u00e1xima 4.4 GHz Cach\u00e9 32 MB Potencia de dise\u00f1o t\u00e9rmico 65 W Desbloqueados S\u00ed Socket AM4 Versi\u00f3n de PCI Express 4.0 Soluci\u00f3n t\u00e9rmica Incluida Temperaturas m\u00e1ximas 90\u00b0C Interfaz de la memoria DDR4 Velocidad m\u00e1xima de&hellip;","_links":{"self":[{"href":"https:\/\/rms-enlinea.com.ar\/tienda\/wp-json\/wp\/v2\/product\/59536","targetHints":{"allow":["GET"]}}],"collection":[{"href":"https:\/\/rms-enlinea.com.ar\/tienda\/wp-json\/wp\/v2\/product"}],"about":[{"href":"https:\/\/rms-enlinea.com.ar\/tienda\/wp-json\/wp\/v2\/types\/product"}],"replies":[{"embeddable":true,"href":"https:\/\/rms-enlinea.com.ar\/tienda\/wp-json\/wp\/v2\/comments?post=59536"}],"wp:featuredmedia":[{"embeddable":true,"href":"https:\/\/rms-enlinea.com.ar\/tienda\/wp-json\/wp\/v2\/media\/5446"}],"wp:attachment":[{"href":"https:\/\/rms-enlinea.com.ar\/tienda\/wp-json\/wp\/v2\/media?parent=59536"}],"wp:term":[{"taxonomy":"product_brand","embeddable":true,"href":"https:\/\/rms-enlinea.com.ar\/tienda\/wp-json\/wp\/v2\/product_brand?post=59536"},{"taxonomy":"product_cat","embeddable":true,"href":"https:\/\/rms-enlinea.com.ar\/tienda\/wp-json\/wp\/v2\/product_cat?post=59536"},{"taxonomy":"product_tag","embeddable":true,"href":"https:\/\/rms-enlinea.com.ar\/tienda\/wp-json\/wp\/v2\/product_tag?post=59536"}],"curies":[{"name":"wp","href":"https:\/\/api.w.org\/{rel}","templated":true}]}}