{"id":59579,"date":"2025-12-16T17:40:14","date_gmt":"2025-12-16T20:40:14","guid":{"rendered":"https:\/\/rms-enlinea.com.ar\/tienda\/producto\/par-led-macrolite-megapar-rgbw-cuerpo-metal-linga-powercon\/"},"modified":"2026-04-21T05:37:37","modified_gmt":"2026-04-21T08:37:37","slug":"par-led-macrolite-megapar-rgbw-cuerpo-metal-linga-powercon","status":"publish","type":"product","link":"https:\/\/rms-enlinea.com.ar\/tienda\/producto\/par-led-macrolite-megapar-rgbw-cuerpo-metal-linga-powercon\/","title":{"rendered":"Par Led Metal 180w Rgbw + Cable Dmx Clamp Macrolite Megapar"},"content":{"rendered":"<p>El producto trae morsa, linga ,cable dmx, cable power.<\/p>\n<p>PAR LED FLAT \u2013 18x10W (180w) RGBW 4-en-1 con Efectos Integrados<\/p>\n<p>Voltaje de operaci\u00f3n: AC90V~220V (50\/60Hz)<\/p>\n<p>Potencia de consumo: 200W<\/p>\n<p>Fuente de luz: 18 LEDs de 10W RGBW 4-en-1 de alta potencia<\/p>\n<p>Vida \u00fatil del LED: 50.000 horas<\/p>\n<p>Modos de control:<\/p>\n<p>DMX512<\/p>\n<p>Master\/Slave<\/p>\n<p>Autom\u00e1tico<\/p>\n<p>Control por sonido<\/p>\n<p>Canales DMX: 8 \/ 28 canales seleccionables<\/p>\n<p>Modo de atenuaci\u00f3n: 0\u2013100% electr\u00f3nico lineal<\/p>\n<p>Efecto estrobosc\u00f3pico: 1\u201325 destellos por segundo (alta velocidad)<\/p>\n<p>Efectos principales:<\/p>\n<p>Mezcla de color RGBW con 16,7 millones de combinaciones<\/p>\n<p>Efecto arco\u00edris y fan shape chasing<\/p>\n<p>Efectos de salto, gradiente, pulso y control por sonido<\/p>\n<p>Programas autom\u00e1ticos integrados accesibles v\u00eda DMX<\/p>\n<p>Control independiente de los LEDs en grupos<\/p>\n<p>Funciones adicionales:<\/p>\n<p>Modo de oscurecimiento total (blackout)<\/p>\n<p>Correcci\u00f3n de color y macros de efectos<\/p>\n<p>Pantalla digital con men\u00fa (MENU \/ UP \/ DOWN \/ ENTER)<\/p>\n<p>Men\u00fa de funciones: direcci\u00f3n DMX, dimming manual, color, estrobo, gradiente, pulso, autom\u00e1tico, modo sonido, etc.<\/p>\n<p>\u00c1ngulo del haz: 25\u00b0<\/p>\n<p>Nivel de protecci\u00f3n: IP20 (uso interior)<\/p>\n<p>Material y dise\u00f1o:<\/p>\n<p>Estructura de aluminio fundido con sistema de refrigeraci\u00f3n optimizado<\/p>\n<p>Doble soporte para colgar o montar en suelo<\/p>\n<p>Aplicaciones ideales: Escenarios, teatros, estudios, discotecas, eventos en vivo y montajes fijos<\/p>\n<p>Dimensiones y peso:<\/p>\n<p>Tama\u00f1o: 280 \u00d7 205 \u00d7 282 mm<\/p>\n<p>Peso neto: 2.10 kg<\/p>\n<p>Peso bruto: 2.60 kg<\/p>\n","protected":false},"excerpt":{"rendered":"<p>El producto trae morsa, linga ,cable dmx, cable power. PAR LED FLAT \u2013 18x10W (180w) RGBW 4-en-1 con Efectos Integrados Voltaje de operaci\u00f3n: AC90V~220V (50\/60Hz) Potencia de consumo: 200W Fuente de luz: 18 LEDs de 10W RGBW 4-en-1 de alta potencia Vida \u00fatil del LED: 50.000 horas Modos de control: DMX512 Master\/Slave Autom\u00e1tico Control por [&hellip;]<\/p>\n","protected":false},"featured_media":59580,"comment_status":"open","ping_status":"closed","template":"","meta":{"_uag_custom_page_level_css":""},"product_brand":[606],"product_cat":[97],"product_tag":[],"class_list":{"0":"post-59579","1":"product","2":"type-product","3":"status-publish","4":"has-post-thumbnail","6":"product_brand-macrolite","7":"product_cat-wash-y-par","9":"first","10":"outofstock","11":"sale","12":"taxable","13":"shipping-taxable","14":"purchasable","15":"product-type-simple"},"uagb_featured_image_src":{"full":["https:\/\/rms-enlinea.com.ar\/wp-content\/uploads\/2025\/12\/D_741373-MLA101086881000_122025-F.jpg",709,715,false],"thumbnail":["https:\/\/rms-enlinea.com.ar\/wp-content\/uploads\/2025\/12\/D_741373-MLA101086881000_122025-F-150x150.jpg",150,150,true],"medium":["https:\/\/rms-enlinea.com.ar\/wp-content\/uploads\/2025\/12\/D_741373-MLA101086881000_122025-F-297x300.jpg",297,300,true],"medium_large":["https:\/\/rms-enlinea.com.ar\/wp-content\/uploads\/2025\/12\/D_741373-MLA101086881000_122025-F.jpg",709,715,false],"large":["https:\/\/rms-enlinea.com.ar\/wp-content\/uploads\/2025\/12\/D_741373-MLA101086881000_122025-F.jpg",709,715,false],"1536x1536":["https:\/\/rms-enlinea.com.ar\/wp-content\/uploads\/2025\/12\/D_741373-MLA101086881000_122025-F.jpg",709,715,false],"2048x2048":["https:\/\/rms-enlinea.com.ar\/wp-content\/uploads\/2025\/12\/D_741373-MLA101086881000_122025-F.jpg",709,715,false],"woocommerce_thumbnail":["https:\/\/rms-enlinea.com.ar\/wp-content\/uploads\/2025\/12\/D_741373-MLA101086881000_122025-F-450x450.jpg",450,450,true],"woocommerce_single":["https:\/\/rms-enlinea.com.ar\/wp-content\/uploads\/2025\/12\/D_741373-MLA101086881000_122025-F-600x605.jpg",600,605,true],"woocommerce_gallery_thumbnail":["https:\/\/rms-enlinea.com.ar\/wp-content\/uploads\/2025\/12\/D_741373-MLA101086881000_122025-F-100x100.jpg",100,100,true]},"uagb_author_info":{"display_name":"mario","author_link":"https:\/\/rms-enlinea.com.ar\/tienda\/author\/"},"uagb_comment_info":0,"uagb_excerpt":"El producto trae morsa, linga ,cable dmx, cable power. PAR LED FLAT \u2013 18x10W (180w) RGBW 4-en-1 con Efectos Integrados Voltaje de operaci\u00f3n: AC90V~220V (50\/60Hz) Potencia de consumo: 200W Fuente de luz: 18 LEDs de 10W RGBW 4-en-1 de alta potencia Vida \u00fatil del LED: 50.000 horas Modos de control: DMX512 Master\/Slave Autom\u00e1tico Control por&hellip;","_links":{"self":[{"href":"https:\/\/rms-enlinea.com.ar\/tienda\/wp-json\/wp\/v2\/product\/59579","targetHints":{"allow":["GET"]}}],"collection":[{"href":"https:\/\/rms-enlinea.com.ar\/tienda\/wp-json\/wp\/v2\/product"}],"about":[{"href":"https:\/\/rms-enlinea.com.ar\/tienda\/wp-json\/wp\/v2\/types\/product"}],"replies":[{"embeddable":true,"href":"https:\/\/rms-enlinea.com.ar\/tienda\/wp-json\/wp\/v2\/comments?post=59579"}],"wp:featuredmedia":[{"embeddable":true,"href":"https:\/\/rms-enlinea.com.ar\/tienda\/wp-json\/wp\/v2\/media\/59580"}],"wp:attachment":[{"href":"https:\/\/rms-enlinea.com.ar\/tienda\/wp-json\/wp\/v2\/media?parent=59579"}],"wp:term":[{"taxonomy":"product_brand","embeddable":true,"href":"https:\/\/rms-enlinea.com.ar\/tienda\/wp-json\/wp\/v2\/product_brand?post=59579"},{"taxonomy":"product_cat","embeddable":true,"href":"https:\/\/rms-enlinea.com.ar\/tienda\/wp-json\/wp\/v2\/product_cat?post=59579"},{"taxonomy":"product_tag","embeddable":true,"href":"https:\/\/rms-enlinea.com.ar\/tienda\/wp-json\/wp\/v2\/product_tag?post=59579"}],"curies":[{"name":"wp","href":"https:\/\/api.w.org\/{rel}","templated":true}]}}