{"id":59587,"date":"2025-12-16T18:30:09","date_gmt":"2025-12-16T21:30:09","guid":{"rendered":"https:\/\/rms-enlinea.com.ar\/tienda\/producto\/base-de-carga-doble-para-joystick-ps4-trust-gxt235\/"},"modified":"2026-04-02T16:45:22","modified_gmt":"2026-04-02T19:45:22","slug":"base-de-carga-doble-para-joystick-ps4-trust-gxt235","status":"publish","type":"product","link":"https:\/\/rms-enlinea.com.ar\/tienda\/producto\/base-de-carga-doble-para-joystick-ps4-trust-gxt235\/","title":{"rendered":"Base De Carga Doble Para Joystick Ps4 Trust Gxt235"},"content":{"rendered":"<p>PS4 todo el d\u00eda<br \/>\u00a1Gamers de consola, o\u00edd el mensaje! La base de carga GXT222 Duo Charge Dock es compatible con los mandos PS4 originales.<\/p>\n<p>Luz roja, luz verde<br \/>Enchufa el conector USB y empieza a cargar. Si la luz LED est\u00e1 roja, la carga est\u00e1 en curso. Si la luz LED est\u00e1 verde, la carga ya est\u00e1 completa y se puede empezar a jugar.<\/p>\n<p>Size &amp; Weight<br \/>Total weight<br \/>63 g<br \/>Height of main product (in mm)<br \/>140 mm<br \/>Depth of main product (in mm)<br \/>36 mm<br \/>Width of main product (in mm)<br \/>58 mm<br \/>Compatibility<br \/>Compatible Consoles<br \/>PS4<br \/>Compatible Device Types<br \/>gaming console<\/p>\n","protected":false},"excerpt":{"rendered":"<p>PS4 todo el d\u00eda\u00a1Gamers de consola, o\u00edd el mensaje! La base de carga GXT222 Duo Charge Dock es compatible con los mandos PS4 originales. Luz roja, luz verdeEnchufa el conector USB y empieza a cargar. Si la luz LED est\u00e1 roja, la carga est\u00e1 en curso. Si la luz LED est\u00e1 verde, la carga ya [&hellip;]<\/p>\n","protected":false},"featured_media":59588,"comment_status":"open","ping_status":"closed","template":"","meta":{"_uag_custom_page_level_css":""},"product_brand":[542],"product_cat":[111,15],"product_tag":[],"class_list":{"0":"post-59587","1":"product","2":"type-product","3":"status-publish","4":"has-post-thumbnail","6":"product_brand-trustgaming","7":"product_cat-joystick","8":"product_cat-sin-categorizar","10":"first","11":"instock","12":"sale","13":"taxable","14":"shipping-taxable","15":"purchasable","16":"product-type-simple"},"uagb_featured_image_src":{"full":["https:\/\/rms-enlinea.com.ar\/wp-content\/uploads\/2025\/12\/D_775585-MLA101586999515_122025-F.jpg",1200,566,false],"thumbnail":["https:\/\/rms-enlinea.com.ar\/wp-content\/uploads\/2025\/12\/D_775585-MLA101586999515_122025-F-150x150.jpg",150,150,true],"medium":["https:\/\/rms-enlinea.com.ar\/wp-content\/uploads\/2025\/12\/D_775585-MLA101586999515_122025-F-300x142.jpg",300,142,true],"medium_large":["https:\/\/rms-enlinea.com.ar\/wp-content\/uploads\/2025\/12\/D_775585-MLA101586999515_122025-F-768x362.jpg",768,362,true],"large":["https:\/\/rms-enlinea.com.ar\/wp-content\/uploads\/2025\/12\/D_775585-MLA101586999515_122025-F-1024x483.jpg",1024,483,true],"1536x1536":["https:\/\/rms-enlinea.com.ar\/wp-content\/uploads\/2025\/12\/D_775585-MLA101586999515_122025-F.jpg",1200,566,false],"2048x2048":["https:\/\/rms-enlinea.com.ar\/wp-content\/uploads\/2025\/12\/D_775585-MLA101586999515_122025-F.jpg",1200,566,false],"woocommerce_thumbnail":["https:\/\/rms-enlinea.com.ar\/wp-content\/uploads\/2025\/12\/D_775585-MLA101586999515_122025-F-450x450.jpg",450,450,true],"woocommerce_single":["https:\/\/rms-enlinea.com.ar\/wp-content\/uploads\/2025\/12\/D_775585-MLA101586999515_122025-F-600x283.jpg",600,283,true],"woocommerce_gallery_thumbnail":["https:\/\/rms-enlinea.com.ar\/wp-content\/uploads\/2025\/12\/D_775585-MLA101586999515_122025-F-100x100.jpg",100,100,true]},"uagb_author_info":{"display_name":"nelson","author_link":"https:\/\/rms-enlinea.com.ar\/tienda\/author\/"},"uagb_comment_info":0,"uagb_excerpt":"PS4 todo el d\u00eda\u00a1Gamers de consola, o\u00edd el mensaje! La base de carga GXT222 Duo Charge Dock es compatible con los mandos PS4 originales. Luz roja, luz verdeEnchufa el conector USB y empieza a cargar. Si la luz LED est\u00e1 roja, la carga est\u00e1 en curso. Si la luz LED est\u00e1 verde, la carga ya&hellip;","_links":{"self":[{"href":"https:\/\/rms-enlinea.com.ar\/tienda\/wp-json\/wp\/v2\/product\/59587","targetHints":{"allow":["GET"]}}],"collection":[{"href":"https:\/\/rms-enlinea.com.ar\/tienda\/wp-json\/wp\/v2\/product"}],"about":[{"href":"https:\/\/rms-enlinea.com.ar\/tienda\/wp-json\/wp\/v2\/types\/product"}],"replies":[{"embeddable":true,"href":"https:\/\/rms-enlinea.com.ar\/tienda\/wp-json\/wp\/v2\/comments?post=59587"}],"wp:featuredmedia":[{"embeddable":true,"href":"https:\/\/rms-enlinea.com.ar\/tienda\/wp-json\/wp\/v2\/media\/59588"}],"wp:attachment":[{"href":"https:\/\/rms-enlinea.com.ar\/tienda\/wp-json\/wp\/v2\/media?parent=59587"}],"wp:term":[{"taxonomy":"product_brand","embeddable":true,"href":"https:\/\/rms-enlinea.com.ar\/tienda\/wp-json\/wp\/v2\/product_brand?post=59587"},{"taxonomy":"product_cat","embeddable":true,"href":"https:\/\/rms-enlinea.com.ar\/tienda\/wp-json\/wp\/v2\/product_cat?post=59587"},{"taxonomy":"product_tag","embeddable":true,"href":"https:\/\/rms-enlinea.com.ar\/tienda\/wp-json\/wp\/v2\/product_tag?post=59587"}],"curies":[{"name":"wp","href":"https:\/\/api.w.org\/{rel}","templated":true}]}}