{"id":59641,"date":"2025-12-17T18:10:15","date_gmt":"2025-12-17T21:10:15","guid":{"rendered":"https:\/\/rms-enlinea.com.ar\/tienda\/producto\/notebook-kelyx-ryzen-5-7430u-8gb-256gb-ssd-15-6-w11\/"},"modified":"2026-04-05T00:00:26","modified_gmt":"2026-04-05T03:00:26","slug":"notebook-kelyx-ryzen-5-7430u-8gb-256gb-ssd-15-6-w11","status":"publish","type":"product","link":"https:\/\/rms-enlinea.com.ar\/tienda\/producto\/notebook-kelyx-ryzen-5-7430u-8gb-256gb-ssd-15-6-w11\/","title":{"rendered":"Notebook Kelyx Ryzen 5 7430u 8gb 256gb Ssd 15.6 W11"},"content":{"rendered":"<p>Procesador: AMD Ryzen 5-7430U<\/p>\n<p>Memoria: 8GB DDR4 SO-DIMM<\/p>\n<p>Almacenamiento: M.2 2280 512GB PCIe 3.0 x4<\/p>\n<p>Sistema operativo: Windows 11 Home<\/p>\n<p>Pantalla: 15,6\u2019\u2019 \u2013 1920\u00d71080 Full HD<\/p>\n<p>I\/O: 1\u00d7 HDMI;  1\u00d7 USB 2.0; 1\u00d7 USB Type-C; 1\u00d7 MiniSD (hasta 128GB)<\/p>\n<p>Medidas y peso: 358.6 \u00d7 243 \u00d7 19 mm \u2013 1,6 kg<\/p>\n<p>Bater\u00eda y duraci\u00f3n: Litio-ion 11.4V 5100mAh \u2013 6 a 8 horas<\/p>\n<p>Video: Radeon Vega 3<\/p>\n<p>Webcam: 2MP (1080p)<\/p>\n<p>Wi-Fi: WiFi 5 RTL 8821<\/p>\n<p>Bluetooth: 5.1<\/p>\n<p>Parlantes: 2\u00d7 4 2W<\/p>\n<p>Teclado: Espa\u00f1ol<\/p>\n<p>Cargador: DC 19V \u2013 3.42A \u2013 65W<\/p>\n","protected":false},"excerpt":{"rendered":"<p>Procesador: AMD Ryzen 5-7430U Memoria: 8GB DDR4 SO-DIMM Almacenamiento: M.2 2280 512GB PCIe 3.0 x4 Sistema operativo: Windows 11 Home Pantalla: 15,6\u2019\u2019 \u2013 1920\u00d71080 Full HD I\/O: 1\u00d7 HDMI; 1\u00d7 USB 2.0; 1\u00d7 USB Type-C; 1\u00d7 MiniSD (hasta 128GB) Medidas y peso: 358.6 \u00d7 243 \u00d7 19 mm \u2013 1,6 kg Bater\u00eda y duraci\u00f3n: Litio-ion [&hellip;]<\/p>\n","protected":false},"featured_media":59642,"comment_status":"open","ping_status":"closed","template":"","meta":{"_uag_custom_page_level_css":""},"product_brand":[571],"product_cat":[116,15],"product_tag":[],"class_list":{"0":"post-59641","1":"product","2":"type-product","3":"status-publish","4":"has-post-thumbnail","6":"product_brand-kelyx","7":"product_cat-notebooks-y-tablet","8":"product_cat-sin-categorizar","10":"first","11":"instock","12":"sale","13":"taxable","14":"shipping-taxable","15":"purchasable","16":"product-type-simple"},"uagb_featured_image_src":{"full":["https:\/\/rms-enlinea.com.ar\/wp-content\/uploads\/2025\/12\/D_669952-MLA83621334675_042025-F.jpg",1200,961,false],"thumbnail":["https:\/\/rms-enlinea.com.ar\/wp-content\/uploads\/2025\/12\/D_669952-MLA83621334675_042025-F-150x150.jpg",150,150,true],"medium":["https:\/\/rms-enlinea.com.ar\/wp-content\/uploads\/2025\/12\/D_669952-MLA83621334675_042025-F-300x240.jpg",300,240,true],"medium_large":["https:\/\/rms-enlinea.com.ar\/wp-content\/uploads\/2025\/12\/D_669952-MLA83621334675_042025-F-768x615.jpg",768,615,true],"large":["https:\/\/rms-enlinea.com.ar\/wp-content\/uploads\/2025\/12\/D_669952-MLA83621334675_042025-F-1024x820.jpg",1024,820,true],"1536x1536":["https:\/\/rms-enlinea.com.ar\/wp-content\/uploads\/2025\/12\/D_669952-MLA83621334675_042025-F.jpg",1200,961,false],"2048x2048":["https:\/\/rms-enlinea.com.ar\/wp-content\/uploads\/2025\/12\/D_669952-MLA83621334675_042025-F.jpg",1200,961,false],"woocommerce_thumbnail":["https:\/\/rms-enlinea.com.ar\/wp-content\/uploads\/2025\/12\/D_669952-MLA83621334675_042025-F-450x450.jpg",450,450,true],"woocommerce_single":["https:\/\/rms-enlinea.com.ar\/wp-content\/uploads\/2025\/12\/D_669952-MLA83621334675_042025-F-600x481.jpg",600,481,true],"woocommerce_gallery_thumbnail":["https:\/\/rms-enlinea.com.ar\/wp-content\/uploads\/2025\/12\/D_669952-MLA83621334675_042025-F-100x100.jpg",100,100,true]},"uagb_author_info":{"display_name":"nelson","author_link":"https:\/\/rms-enlinea.com.ar\/tienda\/author\/"},"uagb_comment_info":0,"uagb_excerpt":"Procesador: AMD Ryzen 5-7430U Memoria: 8GB DDR4 SO-DIMM Almacenamiento: M.2 2280 512GB PCIe 3.0 x4 Sistema operativo: Windows 11 Home Pantalla: 15,6\u2019\u2019 \u2013 1920\u00d71080 Full HD I\/O: 1\u00d7 HDMI; 1\u00d7 USB 2.0; 1\u00d7 USB Type-C; 1\u00d7 MiniSD (hasta 128GB) Medidas y peso: 358.6 \u00d7 243 \u00d7 19 mm \u2013 1,6 kg Bater\u00eda y duraci\u00f3n: Litio-ion&hellip;","_links":{"self":[{"href":"https:\/\/rms-enlinea.com.ar\/tienda\/wp-json\/wp\/v2\/product\/59641","targetHints":{"allow":["GET"]}}],"collection":[{"href":"https:\/\/rms-enlinea.com.ar\/tienda\/wp-json\/wp\/v2\/product"}],"about":[{"href":"https:\/\/rms-enlinea.com.ar\/tienda\/wp-json\/wp\/v2\/types\/product"}],"replies":[{"embeddable":true,"href":"https:\/\/rms-enlinea.com.ar\/tienda\/wp-json\/wp\/v2\/comments?post=59641"}],"wp:featuredmedia":[{"embeddable":true,"href":"https:\/\/rms-enlinea.com.ar\/tienda\/wp-json\/wp\/v2\/media\/59642"}],"wp:attachment":[{"href":"https:\/\/rms-enlinea.com.ar\/tienda\/wp-json\/wp\/v2\/media?parent=59641"}],"wp:term":[{"taxonomy":"product_brand","embeddable":true,"href":"https:\/\/rms-enlinea.com.ar\/tienda\/wp-json\/wp\/v2\/product_brand?post=59641"},{"taxonomy":"product_cat","embeddable":true,"href":"https:\/\/rms-enlinea.com.ar\/tienda\/wp-json\/wp\/v2\/product_cat?post=59641"},{"taxonomy":"product_tag","embeddable":true,"href":"https:\/\/rms-enlinea.com.ar\/tienda\/wp-json\/wp\/v2\/product_tag?post=59641"}],"curies":[{"name":"wp","href":"https:\/\/api.w.org\/{rel}","templated":true}]}}