{"id":59658,"date":"2025-12-17T18:30:39","date_gmt":"2025-12-17T21:30:39","guid":{"rendered":"https:\/\/rms-enlinea.com.ar\/tienda\/producto\/camara-de-seguridad-hikvision-bullet-1mp-hd-ds-2ce16c0t-irpf-blanco\/"},"modified":"2026-04-21T04:32:43","modified_gmt":"2026-04-21T07:32:43","slug":"camara-de-seguridad-hikvision-bullet-1mp-hd-ds-2ce16c0t-irpf-blanco","status":"publish","type":"product","link":"https:\/\/rms-enlinea.com.ar\/tienda\/producto\/camara-de-seguridad-hikvision-bullet-1mp-hd-ds-2ce16c0t-irpf-blanco\/","title":{"rendered":"C\u00e1mara De Seguridad Hikvision Bullet 1mp Hd Ds-2ce16c0t-irpf Blanco"},"content":{"rendered":"<p>Ya no tendr\u00e1 que preocuparse por la vigilancia de su hogar o negocio. Con la c\u00e1mara Hikvision tendr\u00e1s un mayor control sobre los espacios y seguridad las 24 horas.<\/p>\n<p>Un modelo acorde a tus necesidades<br \/>\nEsta c\u00e1mara bullet ser\u00e1 muy pr\u00e1ctica, ya que incluye una correa de montaje para una f\u00e1cil instalaci\u00f3n. Cuando termines de montarla, puedes mover la c\u00e1mara para cubrir cualquier \u00e1rea espec\u00edfica que quieras monitorear. Tiene una resoluci\u00f3n de 2.8 con la que podr\u00e1s mantener un control claro y preciso sobre tus espacios. Adem\u00e1s, estos v\u00eddeos se graban a una velocidad m\u00e1xima de 30 fotogramas por segundo, por lo que se consigue una mayor fluidez en la imagen.<\/p>\n","protected":false},"excerpt":{"rendered":"<p>Ya no tendr\u00e1 que preocuparse por la vigilancia de su hogar o negocio. Con la c\u00e1mara Hikvision tendr\u00e1s un mayor control sobre los espacios y seguridad las 24 horas. Un modelo acorde a tus necesidades Esta c\u00e1mara bullet ser\u00e1 muy pr\u00e1ctica, ya que incluye una correa de montaje para una f\u00e1cil instalaci\u00f3n. Cuando termines de [&hellip;]<\/p>\n","protected":false},"featured_media":59659,"comment_status":"open","ping_status":"closed","template":"","meta":{"_uag_custom_page_level_css":""},"product_brand":[473],"product_cat":[32,15],"product_tag":[],"class_list":{"0":"post-59658","1":"product","2":"type-product","3":"status-publish","4":"has-post-thumbnail","6":"product_brand-hikvision","7":"product_cat-seguridad","8":"product_cat-sin-categorizar","10":"first","11":"outofstock","12":"sale","13":"taxable","14":"shipping-taxable","15":"purchasable","16":"product-type-simple"},"uagb_featured_image_src":{"full":["https:\/\/rms-enlinea.com.ar\/wp-content\/uploads\/2025\/12\/D_870196-MLU75290666999_032024-F.jpg",1035,685,false],"thumbnail":["https:\/\/rms-enlinea.com.ar\/wp-content\/uploads\/2025\/12\/D_870196-MLU75290666999_032024-F-150x150.jpg",150,150,true],"medium":["https:\/\/rms-enlinea.com.ar\/wp-content\/uploads\/2025\/12\/D_870196-MLU75290666999_032024-F-300x199.jpg",300,199,true],"medium_large":["https:\/\/rms-enlinea.com.ar\/wp-content\/uploads\/2025\/12\/D_870196-MLU75290666999_032024-F-768x508.jpg",768,508,true],"large":["https:\/\/rms-enlinea.com.ar\/wp-content\/uploads\/2025\/12\/D_870196-MLU75290666999_032024-F-1024x678.jpg",1024,678,true],"1536x1536":["https:\/\/rms-enlinea.com.ar\/wp-content\/uploads\/2025\/12\/D_870196-MLU75290666999_032024-F.jpg",1035,685,false],"2048x2048":["https:\/\/rms-enlinea.com.ar\/wp-content\/uploads\/2025\/12\/D_870196-MLU75290666999_032024-F.jpg",1035,685,false],"woocommerce_thumbnail":["https:\/\/rms-enlinea.com.ar\/wp-content\/uploads\/2025\/12\/D_870196-MLU75290666999_032024-F-450x450.jpg",450,450,true],"woocommerce_single":["https:\/\/rms-enlinea.com.ar\/wp-content\/uploads\/2025\/12\/D_870196-MLU75290666999_032024-F-600x397.jpg",600,397,true],"woocommerce_gallery_thumbnail":["https:\/\/rms-enlinea.com.ar\/wp-content\/uploads\/2025\/12\/D_870196-MLU75290666999_032024-F-100x100.jpg",100,100,true]},"uagb_author_info":{"display_name":"nelson","author_link":"https:\/\/rms-enlinea.com.ar\/tienda\/author\/"},"uagb_comment_info":0,"uagb_excerpt":"Ya no tendr\u00e1 que preocuparse por la vigilancia de su hogar o negocio. Con la c\u00e1mara Hikvision tendr\u00e1s un mayor control sobre los espacios y seguridad las 24 horas. Un modelo acorde a tus necesidades Esta c\u00e1mara bullet ser\u00e1 muy pr\u00e1ctica, ya que incluye una correa de montaje para una f\u00e1cil instalaci\u00f3n. Cuando termines de&hellip;","_links":{"self":[{"href":"https:\/\/rms-enlinea.com.ar\/tienda\/wp-json\/wp\/v2\/product\/59658","targetHints":{"allow":["GET"]}}],"collection":[{"href":"https:\/\/rms-enlinea.com.ar\/tienda\/wp-json\/wp\/v2\/product"}],"about":[{"href":"https:\/\/rms-enlinea.com.ar\/tienda\/wp-json\/wp\/v2\/types\/product"}],"replies":[{"embeddable":true,"href":"https:\/\/rms-enlinea.com.ar\/tienda\/wp-json\/wp\/v2\/comments?post=59658"}],"wp:featuredmedia":[{"embeddable":true,"href":"https:\/\/rms-enlinea.com.ar\/tienda\/wp-json\/wp\/v2\/media\/59659"}],"wp:attachment":[{"href":"https:\/\/rms-enlinea.com.ar\/tienda\/wp-json\/wp\/v2\/media?parent=59658"}],"wp:term":[{"taxonomy":"product_brand","embeddable":true,"href":"https:\/\/rms-enlinea.com.ar\/tienda\/wp-json\/wp\/v2\/product_brand?post=59658"},{"taxonomy":"product_cat","embeddable":true,"href":"https:\/\/rms-enlinea.com.ar\/tienda\/wp-json\/wp\/v2\/product_cat?post=59658"},{"taxonomy":"product_tag","embeddable":true,"href":"https:\/\/rms-enlinea.com.ar\/tienda\/wp-json\/wp\/v2\/product_tag?post=59658"}],"curies":[{"name":"wp","href":"https:\/\/api.w.org\/{rel}","templated":true}]}}